{"id":6278,"date":"2018-02-26T13:38:48","date_gmt":"2018-02-26T13:38:48","guid":{"rendered":"http:\/\/laplumedeloiseaulyre.com\/?page_id=6278"},"modified":"2022-02-25T00:07:53","modified_gmt":"2022-02-25T00:07:53","slug":"ariseme-petit-precheur-arisaema-triphyllum","status":"publish","type":"page","link":"http:\/\/laplumedeloiseaulyre.com\/?page_id=6278","title":{"rendered":"ARIS\u00c8ME PETIT-PR\u00caCHEUR  Arisaema triphyllum"},"content":{"rendered":"<p>Petit-pr\u00eacheur comme cur\u00e9 \u00e0 son pupitre,<br \/>\nIl sert sa morale \u00e0 la paroisse des champs,<br \/>\nAris\u00e8me dans sa chaire fait l\u2019important :<br \/>\n\u00ab Prenez donc exemple sur <em>Jack in the pulpit<\/em> ! \u00bb<\/p>\n","protected":false},"excerpt":{"rendered":"<p>Petit-pr\u00eacheur comme cur\u00e9 \u00e0 son pupitre, Il sert sa morale \u00e0 la paroisse des champs, Aris\u00e8me dans sa chaire fait l\u2019important : \u00ab Prenez donc exemple sur Jack in the pulpit ! \u00bb<\/p>\n<p class=\"more-link-p\"><a class=\"more-link\" href=\"http:\/\/laplumedeloiseaulyre.com\/?page_id=6278\">Read more &rarr;<\/a><\/p>\n","protected":false},"author":1,"featured_media":0,"parent":0,"menu_order":0,"comment_status":"closed","ping_status":"closed","template":"","meta":{"spay_email":""},"jetpack_shortlink":"https:\/\/wp.me\/P4lzfC-1Dg","_links":{"self":[{"href":"http:\/\/laplumedeloiseaulyre.com\/index.php?rest_route=\/wp\/v2\/pages\/6278"}],"collection":[{"href":"http:\/\/laplumedeloiseaulyre.com\/index.php?rest_route=\/wp\/v2\/pages"}],"about":[{"href":"http:\/\/laplumedeloiseaulyre.com\/index.php?rest_route=\/wp\/v2\/types\/page"}],"author":[{"embeddable":true,"href":"http:\/\/laplumedeloiseaulyre.com\/index.php?rest_route=\/wp\/v2\/users\/1"}],"replies":[{"embeddable":true,"href":"http:\/\/laplumedeloiseaulyre.com\/index.php?rest_route=%2Fwp%2Fv2%2Fcomments&post=6278"}],"version-history":[{"count":4,"href":"http:\/\/laplumedeloiseaulyre.com\/index.php?rest_route=\/wp\/v2\/pages\/6278\/revisions"}],"predecessor-version":[{"id":13644,"href":"http:\/\/laplumedeloiseaulyre.com\/index.php?rest_route=\/wp\/v2\/pages\/6278\/revisions\/13644"}],"wp:attachment":[{"href":"http:\/\/laplumedeloiseaulyre.com\/index.php?rest_route=%2Fwp%2Fv2%2Fmedia&parent=6278"}],"curies":[{"name":"wp","href":"https:\/\/api.w.org\/{rel}","templated":true}]}}