{"id":6276,"date":"2018-02-26T13:36:14","date_gmt":"2018-02-26T13:36:14","guid":{"rendered":"http:\/\/laplumedeloiseaulyre.com\/?page_id=6276"},"modified":"2022-02-25T00:07:07","modified_gmt":"2022-02-25T00:07:07","slug":"argemone-argemone-mexicana","status":"publish","type":"page","link":"http:\/\/laplumedeloiseaulyre.com\/?page_id=6276","title":{"rendered":"ARG\u00c9MONE  Argemone mexicana"},"content":{"rendered":"<p>Pour les beaux yeux d&rsquo;une ingrate Arg\u00e9mone<br \/>\nDont l&rsquo;\u00e9clat lan\u00e7ait des d\u00e9fis immenses,<br \/>\nDont les mains \u00e9taient griffes de d\u00e9mone,<br \/>\nLe Paladin pauvre a rompu ses lances.<\/p>\n","protected":false},"excerpt":{"rendered":"<p>Pour les beaux yeux d&rsquo;une ingrate Arg\u00e9mone Dont l&rsquo;\u00e9clat lan\u00e7ait des d\u00e9fis immenses, Dont les mains \u00e9taient griffes de d\u00e9mone, Le Paladin pauvre a rompu ses lances.<\/p>\n<p class=\"more-link-p\"><a class=\"more-link\" href=\"http:\/\/laplumedeloiseaulyre.com\/?page_id=6276\">Read more &rarr;<\/a><\/p>\n","protected":false},"author":1,"featured_media":0,"parent":0,"menu_order":0,"comment_status":"closed","ping_status":"closed","template":"","meta":{"spay_email":""},"jetpack_shortlink":"https:\/\/wp.me\/P4lzfC-1De","_links":{"self":[{"href":"http:\/\/laplumedeloiseaulyre.com\/index.php?rest_route=\/wp\/v2\/pages\/6276"}],"collection":[{"href":"http:\/\/laplumedeloiseaulyre.com\/index.php?rest_route=\/wp\/v2\/pages"}],"about":[{"href":"http:\/\/laplumedeloiseaulyre.com\/index.php?rest_route=\/wp\/v2\/types\/page"}],"author":[{"embeddable":true,"href":"http:\/\/laplumedeloiseaulyre.com\/index.php?rest_route=\/wp\/v2\/users\/1"}],"replies":[{"embeddable":true,"href":"http:\/\/laplumedeloiseaulyre.com\/index.php?rest_route=%2Fwp%2Fv2%2Fcomments&post=6276"}],"version-history":[{"count":3,"href":"http:\/\/laplumedeloiseaulyre.com\/index.php?rest_route=\/wp\/v2\/pages\/6276\/revisions"}],"predecessor-version":[{"id":13643,"href":"http:\/\/laplumedeloiseaulyre.com\/index.php?rest_route=\/wp\/v2\/pages\/6276\/revisions\/13643"}],"wp:attachment":[{"href":"http:\/\/laplumedeloiseaulyre.com\/index.php?rest_route=%2Fwp%2Fv2%2Fmedia&parent=6276"}],"curies":[{"name":"wp","href":"https:\/\/api.w.org\/{rel}","templated":true}]}}