{"id":6260,"date":"2018-02-26T13:20:57","date_gmt":"2018-02-26T13:20:57","guid":{"rendered":"http:\/\/laplumedeloiseaulyre.com\/?page_id=6260"},"modified":"2018-02-26T13:20:57","modified_gmt":"2018-02-26T13:20:57","slug":"araucaria-araucaria-araucana","status":"publish","type":"page","link":"http:\/\/laplumedeloiseaulyre.com\/?page_id=6260","title":{"rendered":"ARAUCARIA  Araucaria araucana"},"content":{"rendered":"<p>Les Araucarias du Chili font banqueroute<br \/>\nDans une canop\u00e9e qui souffre des m\u00e9ninges,<br \/>\n\u00c9garant leurs \u00e9cailles ils s\u00e8ment le doute,<br \/>\nFaillite des Andes et d\u00e9sespoir des singes\u00a0!<\/p>\n","protected":false},"excerpt":{"rendered":"<p>Les Araucarias du Chili font banqueroute Dans une canop\u00e9e qui souffre des m\u00e9ninges, \u00c9garant leurs \u00e9cailles ils s\u00e8ment le doute, Faillite des Andes et d\u00e9sespoir des singes\u00a0!<\/p>\n<p class=\"more-link-p\"><a class=\"more-link\" href=\"http:\/\/laplumedeloiseaulyre.com\/?page_id=6260\">Read more &rarr;<\/a><\/p>\n","protected":false},"author":1,"featured_media":0,"parent":0,"menu_order":0,"comment_status":"closed","ping_status":"closed","template":"","meta":{"spay_email":""},"jetpack_shortlink":"https:\/\/wp.me\/P4lzfC-1CY","_links":{"self":[{"href":"http:\/\/laplumedeloiseaulyre.com\/index.php?rest_route=\/wp\/v2\/pages\/6260"}],"collection":[{"href":"http:\/\/laplumedeloiseaulyre.com\/index.php?rest_route=\/wp\/v2\/pages"}],"about":[{"href":"http:\/\/laplumedeloiseaulyre.com\/index.php?rest_route=\/wp\/v2\/types\/page"}],"author":[{"embeddable":true,"href":"http:\/\/laplumedeloiseaulyre.com\/index.php?rest_route=\/wp\/v2\/users\/1"}],"replies":[{"embeddable":true,"href":"http:\/\/laplumedeloiseaulyre.com\/index.php?rest_route=%2Fwp%2Fv2%2Fcomments&post=6260"}],"version-history":[{"count":1,"href":"http:\/\/laplumedeloiseaulyre.com\/index.php?rest_route=\/wp\/v2\/pages\/6260\/revisions"}],"predecessor-version":[{"id":6261,"href":"http:\/\/laplumedeloiseaulyre.com\/index.php?rest_route=\/wp\/v2\/pages\/6260\/revisions\/6261"}],"wp:attachment":[{"href":"http:\/\/laplumedeloiseaulyre.com\/index.php?rest_route=%2Fwp%2Fv2%2Fmedia&parent=6260"}],"curies":[{"name":"wp","href":"https:\/\/api.w.org\/{rel}","templated":true}]}}