{"id":6258,"date":"2018-02-26T13:16:23","date_gmt":"2018-02-26T13:16:23","guid":{"rendered":"http:\/\/laplumedeloiseaulyre.com\/?page_id=6258"},"modified":"2022-02-25T00:05:06","modified_gmt":"2022-02-25T00:05:06","slug":"aralie-du-japon-fatsia-japonica","status":"publish","type":"page","link":"http:\/\/laplumedeloiseaulyre.com\/?page_id=6258","title":{"rendered":"ARALIE DU JAPON  Fatsia japonica"},"content":{"rendered":"<p>Quand d\u00e9clament binzasara et sh\u00f4,<br \/>\nQuand bien m\u00eame le drame devient dr\u00f4le<br \/>\n<em>Fatsia japonica<\/em> ne sait son r\u00f4le<br \/>\nSur les planches du th\u00e9\u00e2tre de n\u00f4.<\/p>\n","protected":false},"excerpt":{"rendered":"<p>Quand d\u00e9clament binzasara et sh\u00f4, Quand bien m\u00eame le drame devient dr\u00f4le Fatsia japonica ne sait son r\u00f4le Sur les planches du th\u00e9\u00e2tre de n\u00f4.<\/p>\n<p class=\"more-link-p\"><a class=\"more-link\" href=\"http:\/\/laplumedeloiseaulyre.com\/?page_id=6258\">Read more &rarr;<\/a><\/p>\n","protected":false},"author":1,"featured_media":0,"parent":0,"menu_order":0,"comment_status":"closed","ping_status":"closed","template":"","meta":{"spay_email":""},"jetpack_shortlink":"https:\/\/wp.me\/P4lzfC-1CW","_links":{"self":[{"href":"http:\/\/laplumedeloiseaulyre.com\/index.php?rest_route=\/wp\/v2\/pages\/6258"}],"collection":[{"href":"http:\/\/laplumedeloiseaulyre.com\/index.php?rest_route=\/wp\/v2\/pages"}],"about":[{"href":"http:\/\/laplumedeloiseaulyre.com\/index.php?rest_route=\/wp\/v2\/types\/page"}],"author":[{"embeddable":true,"href":"http:\/\/laplumedeloiseaulyre.com\/index.php?rest_route=\/wp\/v2\/users\/1"}],"replies":[{"embeddable":true,"href":"http:\/\/laplumedeloiseaulyre.com\/index.php?rest_route=%2Fwp%2Fv2%2Fcomments&post=6258"}],"version-history":[{"count":2,"href":"http:\/\/laplumedeloiseaulyre.com\/index.php?rest_route=\/wp\/v2\/pages\/6258\/revisions"}],"predecessor-version":[{"id":13641,"href":"http:\/\/laplumedeloiseaulyre.com\/index.php?rest_route=\/wp\/v2\/pages\/6258\/revisions\/13641"}],"wp:attachment":[{"href":"http:\/\/laplumedeloiseaulyre.com\/index.php?rest_route=%2Fwp%2Fv2%2Fmedia&parent=6258"}],"curies":[{"name":"wp","href":"https:\/\/api.w.org\/{rel}","templated":true}]}}