{"id":6255,"date":"2018-02-26T13:15:04","date_gmt":"2018-02-26T13:15:04","guid":{"rendered":"http:\/\/laplumedeloiseaulyre.com\/?page_id=6255"},"modified":"2018-02-26T13:15:04","modified_gmt":"2018-02-26T13:15:04","slug":"aralie-aralia-nudicaulis","status":"publish","type":"page","link":"http:\/\/laplumedeloiseaulyre.com\/?page_id=6255","title":{"rendered":"ARALIE  Aralia nudicaulis"},"content":{"rendered":"<p>D\u00e9shabillant l\u2019\u00e9l\u00e9gie de sa tige \u00e9mue<br \/>\nLa nudicaule Aralie n\u2019est gu\u00e8re pudique\u00a0:<br \/>\nElle ne craint la v\u00e9rit\u00e9 philosophique<br \/>\nDe d\u00e9voiler qu\u2019elle est chassepareille nue.<\/p>\n","protected":false},"excerpt":{"rendered":"<p>D\u00e9shabillant l\u2019\u00e9l\u00e9gie de sa tige \u00e9mue La nudicaule Aralie n\u2019est gu\u00e8re pudique\u00a0: Elle ne craint la v\u00e9rit\u00e9 philosophique De d\u00e9voiler qu\u2019elle est chassepareille nue.<\/p>\n<p class=\"more-link-p\"><a class=\"more-link\" href=\"http:\/\/laplumedeloiseaulyre.com\/?page_id=6255\">Read more &rarr;<\/a><\/p>\n","protected":false},"author":1,"featured_media":0,"parent":0,"menu_order":0,"comment_status":"closed","ping_status":"closed","template":"","meta":{"spay_email":""},"jetpack_shortlink":"https:\/\/wp.me\/P4lzfC-1CT","_links":{"self":[{"href":"http:\/\/laplumedeloiseaulyre.com\/index.php?rest_route=\/wp\/v2\/pages\/6255"}],"collection":[{"href":"http:\/\/laplumedeloiseaulyre.com\/index.php?rest_route=\/wp\/v2\/pages"}],"about":[{"href":"http:\/\/laplumedeloiseaulyre.com\/index.php?rest_route=\/wp\/v2\/types\/page"}],"author":[{"embeddable":true,"href":"http:\/\/laplumedeloiseaulyre.com\/index.php?rest_route=\/wp\/v2\/users\/1"}],"replies":[{"embeddable":true,"href":"http:\/\/laplumedeloiseaulyre.com\/index.php?rest_route=%2Fwp%2Fv2%2Fcomments&post=6255"}],"version-history":[{"count":1,"href":"http:\/\/laplumedeloiseaulyre.com\/index.php?rest_route=\/wp\/v2\/pages\/6255\/revisions"}],"predecessor-version":[{"id":6256,"href":"http:\/\/laplumedeloiseaulyre.com\/index.php?rest_route=\/wp\/v2\/pages\/6255\/revisions\/6256"}],"wp:attachment":[{"href":"http:\/\/laplumedeloiseaulyre.com\/index.php?rest_route=%2Fwp%2Fv2%2Fmedia&parent=6255"}],"curies":[{"name":"wp","href":"https:\/\/api.w.org\/{rel}","templated":true}]}}