{"id":6252,"date":"2018-02-26T13:14:06","date_gmt":"2018-02-26T13:14:06","guid":{"rendered":"http:\/\/laplumedeloiseaulyre.com\/?page_id=6252"},"modified":"2022-02-25T00:04:42","modified_gmt":"2022-02-25T00:04:42","slug":"anthurium-anthurium-digitatum","status":"publish","type":"page","link":"http:\/\/laplumedeloiseaulyre.com\/?page_id=6252","title":{"rendered":"ANTHURIUM  Anthurium digitatum"},"content":{"rendered":"<p>L&rsquo;Anthurium sort sa langue de feu verniss\u00e9e,<br \/>\nRubescent et brillant il fait son tour de piste<br \/>\nDe serres tropicales m\u00e9dicalis\u00e9es<br \/>\nEn salle d\u2019attente plastique de dentiste.<\/p>\n","protected":false},"excerpt":{"rendered":"<p>L&rsquo;Anthurium sort sa langue de feu verniss\u00e9e, Rubescent et brillant il fait son tour de piste De serres tropicales m\u00e9dicalis\u00e9es En salle d\u2019attente plastique de dentiste.<\/p>\n<p class=\"more-link-p\"><a class=\"more-link\" href=\"http:\/\/laplumedeloiseaulyre.com\/?page_id=6252\">Read more &rarr;<\/a><\/p>\n","protected":false},"author":1,"featured_media":0,"parent":0,"menu_order":0,"comment_status":"closed","ping_status":"closed","template":"","meta":{"spay_email":""},"jetpack_shortlink":"https:\/\/wp.me\/P4lzfC-1CQ","_links":{"self":[{"href":"http:\/\/laplumedeloiseaulyre.com\/index.php?rest_route=\/wp\/v2\/pages\/6252"}],"collection":[{"href":"http:\/\/laplumedeloiseaulyre.com\/index.php?rest_route=\/wp\/v2\/pages"}],"about":[{"href":"http:\/\/laplumedeloiseaulyre.com\/index.php?rest_route=\/wp\/v2\/types\/page"}],"author":[{"embeddable":true,"href":"http:\/\/laplumedeloiseaulyre.com\/index.php?rest_route=\/wp\/v2\/users\/1"}],"replies":[{"embeddable":true,"href":"http:\/\/laplumedeloiseaulyre.com\/index.php?rest_route=%2Fwp%2Fv2%2Fcomments&post=6252"}],"version-history":[{"count":2,"href":"http:\/\/laplumedeloiseaulyre.com\/index.php?rest_route=\/wp\/v2\/pages\/6252\/revisions"}],"predecessor-version":[{"id":13640,"href":"http:\/\/laplumedeloiseaulyre.com\/index.php?rest_route=\/wp\/v2\/pages\/6252\/revisions\/13640"}],"wp:attachment":[{"href":"http:\/\/laplumedeloiseaulyre.com\/index.php?rest_route=%2Fwp%2Fv2%2Fmedia&parent=6252"}],"curies":[{"name":"wp","href":"https:\/\/api.w.org\/{rel}","templated":true}]}}