{"id":6249,"date":"2018-02-26T13:13:07","date_gmt":"2018-02-26T13:13:07","guid":{"rendered":"http:\/\/laplumedeloiseaulyre.com\/?page_id=6249"},"modified":"2021-03-26T14:54:18","modified_gmt":"2021-03-26T14:54:18","slug":"anis-pimpinella-anisum","status":"publish","type":"page","link":"http:\/\/laplumedeloiseaulyre.com\/?page_id=6249","title":{"rendered":"ANIS VERT Pimpinella anisum"},"content":{"rendered":"<p>Hommes approchez ! Venez troubadours<br \/>\nD&rsquo;oc et d&rsquo;o\u00efl, Godolin, Anis, Mistral !<br \/>\nCl\u00e9mence Isaure en beau jardin d&rsquo;amour<br \/>\nNa\u00eet Es-Ma\u00eetresse des joutes florales.<\/p>\n","protected":false},"excerpt":{"rendered":"<p>Hommes approchez ! Venez troubadours D&rsquo;oc et d&rsquo;o\u00efl, Godolin, Anis, Mistral ! Cl\u00e9mence Isaure en beau jardin d&rsquo;amour Na\u00eet Es-Ma\u00eetresse des joutes florales.<\/p>\n<p class=\"more-link-p\"><a class=\"more-link\" href=\"http:\/\/laplumedeloiseaulyre.com\/?page_id=6249\">Read more &rarr;<\/a><\/p>\n","protected":false},"author":1,"featured_media":0,"parent":0,"menu_order":0,"comment_status":"closed","ping_status":"closed","template":"","meta":{"spay_email":""},"jetpack_shortlink":"https:\/\/wp.me\/P4lzfC-1CN","_links":{"self":[{"href":"http:\/\/laplumedeloiseaulyre.com\/index.php?rest_route=\/wp\/v2\/pages\/6249"}],"collection":[{"href":"http:\/\/laplumedeloiseaulyre.com\/index.php?rest_route=\/wp\/v2\/pages"}],"about":[{"href":"http:\/\/laplumedeloiseaulyre.com\/index.php?rest_route=\/wp\/v2\/types\/page"}],"author":[{"embeddable":true,"href":"http:\/\/laplumedeloiseaulyre.com\/index.php?rest_route=\/wp\/v2\/users\/1"}],"replies":[{"embeddable":true,"href":"http:\/\/laplumedeloiseaulyre.com\/index.php?rest_route=%2Fwp%2Fv2%2Fcomments&post=6249"}],"version-history":[{"count":3,"href":"http:\/\/laplumedeloiseaulyre.com\/index.php?rest_route=\/wp\/v2\/pages\/6249\/revisions"}],"predecessor-version":[{"id":12693,"href":"http:\/\/laplumedeloiseaulyre.com\/index.php?rest_route=\/wp\/v2\/pages\/6249\/revisions\/12693"}],"wp:attachment":[{"href":"http:\/\/laplumedeloiseaulyre.com\/index.php?rest_route=%2Fwp%2Fv2%2Fmedia&parent=6249"}],"curies":[{"name":"wp","href":"https:\/\/api.w.org\/{rel}","templated":true}]}}