{"id":6246,"date":"2018-02-26T13:11:46","date_gmt":"2018-02-26T13:11:46","guid":{"rendered":"http:\/\/laplumedeloiseaulyre.com\/?page_id=6246"},"modified":"2022-01-21T02:07:57","modified_gmt":"2022-01-21T02:07:57","slug":"angelique-angelica-archangelica","status":"publish","type":"page","link":"http:\/\/laplumedeloiseaulyre.com\/?page_id=6246","title":{"rendered":"ANG\u00c9LIQUE  Angelica archangelica"},"content":{"rendered":"<p>Ne triomphe cr\u00e2ne de vanit\u00e9<br \/>\nSous les pieds v\u00e9nusiens de l\u2019Ang\u00e9lique,<br \/>\nQu\u2019elle soit tr\u00e8s parfaitement f\u00eat\u00e9e<br \/>\nGloire \u00e0 la communiante archang\u00e9lique\u00a0!<\/p>\n","protected":false},"excerpt":{"rendered":"<p>Ne triomphe cr\u00e2ne de vanit\u00e9 Sous les pieds v\u00e9nusiens de l\u2019Ang\u00e9lique, Qu\u2019elle soit tr\u00e8s parfaitement f\u00eat\u00e9e Gloire \u00e0 la communiante archang\u00e9lique\u00a0!<\/p>\n<p class=\"more-link-p\"><a class=\"more-link\" href=\"http:\/\/laplumedeloiseaulyre.com\/?page_id=6246\">Read more &rarr;<\/a><\/p>\n","protected":false},"author":1,"featured_media":0,"parent":0,"menu_order":0,"comment_status":"closed","ping_status":"closed","template":"","meta":{"spay_email":""},"jetpack_shortlink":"https:\/\/wp.me\/P4lzfC-1CK","_links":{"self":[{"href":"http:\/\/laplumedeloiseaulyre.com\/index.php?rest_route=\/wp\/v2\/pages\/6246"}],"collection":[{"href":"http:\/\/laplumedeloiseaulyre.com\/index.php?rest_route=\/wp\/v2\/pages"}],"about":[{"href":"http:\/\/laplumedeloiseaulyre.com\/index.php?rest_route=\/wp\/v2\/types\/page"}],"author":[{"embeddable":true,"href":"http:\/\/laplumedeloiseaulyre.com\/index.php?rest_route=\/wp\/v2\/users\/1"}],"replies":[{"embeddable":true,"href":"http:\/\/laplumedeloiseaulyre.com\/index.php?rest_route=%2Fwp%2Fv2%2Fcomments&post=6246"}],"version-history":[{"count":2,"href":"http:\/\/laplumedeloiseaulyre.com\/index.php?rest_route=\/wp\/v2\/pages\/6246\/revisions"}],"predecessor-version":[{"id":13448,"href":"http:\/\/laplumedeloiseaulyre.com\/index.php?rest_route=\/wp\/v2\/pages\/6246\/revisions\/13448"}],"wp:attachment":[{"href":"http:\/\/laplumedeloiseaulyre.com\/index.php?rest_route=%2Fwp%2Fv2%2Fmedia&parent=6246"}],"curies":[{"name":"wp","href":"https:\/\/api.w.org\/{rel}","templated":true}]}}