{"id":6240,"date":"2018-02-26T12:58:29","date_gmt":"2018-02-26T12:58:29","guid":{"rendered":"http:\/\/laplumedeloiseaulyre.com\/?page_id=6240"},"modified":"2022-01-21T02:01:26","modified_gmt":"2022-01-21T02:01:26","slug":"anemone-anemone-coronaria","status":"publish","type":"page","link":"http:\/\/laplumedeloiseaulyre.com\/?page_id=6240","title":{"rendered":"AN\u00c9MONE Anemone coronaria"},"content":{"rendered":"<p>Semant son grain pourpre et noir de d\u00e9sir,<br \/>\nAn\u00e9mone a le c\u0153ur agonisant,<br \/>\nFille d\u2019\u00c9ole, abandon de Z\u00e9phyr<br \/>\nQui dit : \u00ab Autant en emporte le vent ! \u00bb<\/p>\n","protected":false},"excerpt":{"rendered":"<p>Semant son grain pourpre et noir de d\u00e9sir, An\u00e9mone a le c\u0153ur agonisant, Fille d\u2019\u00c9ole, abandon de Z\u00e9phyr Qui dit : \u00ab Autant en emporte le vent ! \u00bb<\/p>\n<p class=\"more-link-p\"><a class=\"more-link\" href=\"http:\/\/laplumedeloiseaulyre.com\/?page_id=6240\">Read more &rarr;<\/a><\/p>\n","protected":false},"author":1,"featured_media":0,"parent":0,"menu_order":0,"comment_status":"closed","ping_status":"closed","template":"","meta":{"spay_email":""},"jetpack_shortlink":"https:\/\/wp.me\/P4lzfC-1CE","_links":{"self":[{"href":"http:\/\/laplumedeloiseaulyre.com\/index.php?rest_route=\/wp\/v2\/pages\/6240"}],"collection":[{"href":"http:\/\/laplumedeloiseaulyre.com\/index.php?rest_route=\/wp\/v2\/pages"}],"about":[{"href":"http:\/\/laplumedeloiseaulyre.com\/index.php?rest_route=\/wp\/v2\/types\/page"}],"author":[{"embeddable":true,"href":"http:\/\/laplumedeloiseaulyre.com\/index.php?rest_route=\/wp\/v2\/users\/1"}],"replies":[{"embeddable":true,"href":"http:\/\/laplumedeloiseaulyre.com\/index.php?rest_route=%2Fwp%2Fv2%2Fcomments&post=6240"}],"version-history":[{"count":2,"href":"http:\/\/laplumedeloiseaulyre.com\/index.php?rest_route=\/wp\/v2\/pages\/6240\/revisions"}],"predecessor-version":[{"id":13447,"href":"http:\/\/laplumedeloiseaulyre.com\/index.php?rest_route=\/wp\/v2\/pages\/6240\/revisions\/13447"}],"wp:attachment":[{"href":"http:\/\/laplumedeloiseaulyre.com\/index.php?rest_route=%2Fwp%2Fv2%2Fmedia&parent=6240"}],"curies":[{"name":"wp","href":"https:\/\/api.w.org\/{rel}","templated":true}]}}