{"id":6219,"date":"2018-02-26T12:11:44","date_gmt":"2018-02-26T12:11:44","guid":{"rendered":"http:\/\/laplumedeloiseaulyre.com\/?page_id=6219"},"modified":"2018-02-26T12:11:44","modified_gmt":"2018-02-26T12:11:44","slug":"amarantine-gomphrena-globosa","status":"publish","type":"page","link":"http:\/\/laplumedeloiseaulyre.com\/?page_id=6219","title":{"rendered":"AMARANTINE  Gomphrena globosa"},"content":{"rendered":"<p>Ces dames Amarantines jouent les fleurs s\u00e8ches,<br \/>\nPortant cannes, r\u00e9silles, chapeaux et parkas,<br \/>\nL\u2019aboyeur les flatte du nom de \u00ab\u00a0Gomphrena\u00a0\u00bb<br \/>\nQuand elles p\u00e9n\u00e8trent dans le bal des rev\u00eaches.<\/p>\n","protected":false},"excerpt":{"rendered":"<p>Ces dames Amarantines jouent les fleurs s\u00e8ches, Portant cannes, r\u00e9silles, chapeaux et parkas, L\u2019aboyeur les flatte du nom de \u00ab\u00a0Gomphrena\u00a0\u00bb Quand elles p\u00e9n\u00e8trent dans le bal des rev\u00eaches.<\/p>\n<p class=\"more-link-p\"><a class=\"more-link\" href=\"http:\/\/laplumedeloiseaulyre.com\/?page_id=6219\">Read more &rarr;<\/a><\/p>\n","protected":false},"author":1,"featured_media":0,"parent":0,"menu_order":0,"comment_status":"closed","ping_status":"closed","template":"","meta":{"spay_email":""},"jetpack_shortlink":"https:\/\/wp.me\/P4lzfC-1Cj","_links":{"self":[{"href":"http:\/\/laplumedeloiseaulyre.com\/index.php?rest_route=\/wp\/v2\/pages\/6219"}],"collection":[{"href":"http:\/\/laplumedeloiseaulyre.com\/index.php?rest_route=\/wp\/v2\/pages"}],"about":[{"href":"http:\/\/laplumedeloiseaulyre.com\/index.php?rest_route=\/wp\/v2\/types\/page"}],"author":[{"embeddable":true,"href":"http:\/\/laplumedeloiseaulyre.com\/index.php?rest_route=\/wp\/v2\/users\/1"}],"replies":[{"embeddable":true,"href":"http:\/\/laplumedeloiseaulyre.com\/index.php?rest_route=%2Fwp%2Fv2%2Fcomments&post=6219"}],"version-history":[{"count":1,"href":"http:\/\/laplumedeloiseaulyre.com\/index.php?rest_route=\/wp\/v2\/pages\/6219\/revisions"}],"predecessor-version":[{"id":6220,"href":"http:\/\/laplumedeloiseaulyre.com\/index.php?rest_route=\/wp\/v2\/pages\/6219\/revisions\/6220"}],"wp:attachment":[{"href":"http:\/\/laplumedeloiseaulyre.com\/index.php?rest_route=%2Fwp%2Fv2%2Fmedia&parent=6219"}],"curies":[{"name":"wp","href":"https:\/\/api.w.org\/{rel}","templated":true}]}}