{"id":6215,"date":"2018-02-26T12:00:38","date_gmt":"2018-02-26T12:00:38","guid":{"rendered":"http:\/\/laplumedeloiseaulyre.com\/?page_id=6215"},"modified":"2018-02-26T12:00:38","modified_gmt":"2018-02-26T12:00:38","slug":"amarante-amaranthus-caudatus","status":"publish","type":"page","link":"http:\/\/laplumedeloiseaulyre.com\/?page_id=6215","title":{"rendered":"AMARANTE Amaranthus caudatus"},"content":{"rendered":"<p>Mort est son g\u00eete et ci-g\u00eet l\u2019amante<br \/>\nStup\u00e9fi\u00e9e dans sa jeunesse en fleur :<br \/>\nPleurez, renardeaux et Amarantes<br \/>\nPuisque renaissent vieilles fra\u00eecheurs.<\/p>\n","protected":false},"excerpt":{"rendered":"<p>Mort est son g\u00eete et ci-g\u00eet l\u2019amante Stup\u00e9fi\u00e9e dans sa jeunesse en fleur : Pleurez, renardeaux et Amarantes Puisque renaissent vieilles fra\u00eecheurs.<\/p>\n<p class=\"more-link-p\"><a class=\"more-link\" href=\"http:\/\/laplumedeloiseaulyre.com\/?page_id=6215\">Read more &rarr;<\/a><\/p>\n","protected":false},"author":1,"featured_media":0,"parent":0,"menu_order":0,"comment_status":"closed","ping_status":"closed","template":"","meta":{"spay_email":""},"jetpack_shortlink":"https:\/\/wp.me\/P4lzfC-1Cf","_links":{"self":[{"href":"http:\/\/laplumedeloiseaulyre.com\/index.php?rest_route=\/wp\/v2\/pages\/6215"}],"collection":[{"href":"http:\/\/laplumedeloiseaulyre.com\/index.php?rest_route=\/wp\/v2\/pages"}],"about":[{"href":"http:\/\/laplumedeloiseaulyre.com\/index.php?rest_route=\/wp\/v2\/types\/page"}],"author":[{"embeddable":true,"href":"http:\/\/laplumedeloiseaulyre.com\/index.php?rest_route=\/wp\/v2\/users\/1"}],"replies":[{"embeddable":true,"href":"http:\/\/laplumedeloiseaulyre.com\/index.php?rest_route=%2Fwp%2Fv2%2Fcomments&post=6215"}],"version-history":[{"count":1,"href":"http:\/\/laplumedeloiseaulyre.com\/index.php?rest_route=\/wp\/v2\/pages\/6215\/revisions"}],"predecessor-version":[{"id":6216,"href":"http:\/\/laplumedeloiseaulyre.com\/index.php?rest_route=\/wp\/v2\/pages\/6215\/revisions\/6216"}],"wp:attachment":[{"href":"http:\/\/laplumedeloiseaulyre.com\/index.php?rest_route=%2Fwp%2Fv2%2Fmedia&parent=6215"}],"curies":[{"name":"wp","href":"https:\/\/api.w.org\/{rel}","templated":true}]}}