{"id":6212,"date":"2018-02-26T11:56:38","date_gmt":"2018-02-26T11:56:38","guid":{"rendered":"http:\/\/laplumedeloiseaulyre.com\/?page_id=6212"},"modified":"2018-02-26T11:56:38","modified_gmt":"2018-02-26T11:56:38","slug":"amande-prunus-dulcis","status":"publish","type":"page","link":"http:\/\/laplumedeloiseaulyre.com\/?page_id=6212","title":{"rendered":"AMANDE  Prunus dulcis"},"content":{"rendered":"<p>Pour que l\u2019Amande am\u00e8re soit fertile<br \/>\nIl faut qu&rsquo;elle se casse sous un poids.<br \/>\nLe monde s&rsquo;est d\u00e9chir\u00e9 sans ta voix,<br \/>\nObscur je vais, traversant mon exil.<\/p>\n","protected":false},"excerpt":{"rendered":"<p>Pour que l\u2019Amande am\u00e8re soit fertile Il faut qu&rsquo;elle se casse sous un poids. Le monde s&rsquo;est d\u00e9chir\u00e9 sans ta voix, Obscur je vais, traversant mon exil.<\/p>\n<p class=\"more-link-p\"><a class=\"more-link\" href=\"http:\/\/laplumedeloiseaulyre.com\/?page_id=6212\">Read more &rarr;<\/a><\/p>\n","protected":false},"author":1,"featured_media":0,"parent":0,"menu_order":0,"comment_status":"closed","ping_status":"closed","template":"","meta":{"spay_email":""},"jetpack_shortlink":"https:\/\/wp.me\/P4lzfC-1Cc","_links":{"self":[{"href":"http:\/\/laplumedeloiseaulyre.com\/index.php?rest_route=\/wp\/v2\/pages\/6212"}],"collection":[{"href":"http:\/\/laplumedeloiseaulyre.com\/index.php?rest_route=\/wp\/v2\/pages"}],"about":[{"href":"http:\/\/laplumedeloiseaulyre.com\/index.php?rest_route=\/wp\/v2\/types\/page"}],"author":[{"embeddable":true,"href":"http:\/\/laplumedeloiseaulyre.com\/index.php?rest_route=\/wp\/v2\/users\/1"}],"replies":[{"embeddable":true,"href":"http:\/\/laplumedeloiseaulyre.com\/index.php?rest_route=%2Fwp%2Fv2%2Fcomments&post=6212"}],"version-history":[{"count":1,"href":"http:\/\/laplumedeloiseaulyre.com\/index.php?rest_route=\/wp\/v2\/pages\/6212\/revisions"}],"predecessor-version":[{"id":6213,"href":"http:\/\/laplumedeloiseaulyre.com\/index.php?rest_route=\/wp\/v2\/pages\/6212\/revisions\/6213"}],"wp:attachment":[{"href":"http:\/\/laplumedeloiseaulyre.com\/index.php?rest_route=%2Fwp%2Fv2%2Fmedia&parent=6212"}],"curies":[{"name":"wp","href":"https:\/\/api.w.org\/{rel}","templated":true}]}}