{"id":6209,"date":"2018-02-26T11:55:06","date_gmt":"2018-02-26T11:55:06","guid":{"rendered":"http:\/\/laplumedeloiseaulyre.com\/?page_id=6209"},"modified":"2018-02-26T11:55:06","modified_gmt":"2018-02-26T11:55:06","slug":"alysse-alyssum-corsicum","status":"publish","type":"page","link":"http:\/\/laplumedeloiseaulyre.com\/?page_id=6209","title":{"rendered":"ALYSSE  Alyssum corsicum"},"content":{"rendered":"<p>\u00c9levant l\u2019Alysse d\u2019un effort gris de pierre,<br \/>\nPortez \u00e0 la mer vos corbeilles botaniques,<br \/>\nEnfants d\u2019Amour qui savez la geste princi\u00e8re<br \/>\nDe cette gr\u00e2ce qui fa\u00e7onne vos tuniques.<\/p>\n","protected":false},"excerpt":{"rendered":"<p>\u00c9levant l\u2019Alysse d\u2019un effort gris de pierre, Portez \u00e0 la mer vos corbeilles botaniques, Enfants d\u2019Amour qui savez la geste princi\u00e8re De cette gr\u00e2ce qui fa\u00e7onne vos tuniques.<\/p>\n<p class=\"more-link-p\"><a class=\"more-link\" href=\"http:\/\/laplumedeloiseaulyre.com\/?page_id=6209\">Read more &rarr;<\/a><\/p>\n","protected":false},"author":1,"featured_media":0,"parent":0,"menu_order":0,"comment_status":"closed","ping_status":"closed","template":"","meta":{"spay_email":""},"jetpack_shortlink":"https:\/\/wp.me\/P4lzfC-1C9","_links":{"self":[{"href":"http:\/\/laplumedeloiseaulyre.com\/index.php?rest_route=\/wp\/v2\/pages\/6209"}],"collection":[{"href":"http:\/\/laplumedeloiseaulyre.com\/index.php?rest_route=\/wp\/v2\/pages"}],"about":[{"href":"http:\/\/laplumedeloiseaulyre.com\/index.php?rest_route=\/wp\/v2\/types\/page"}],"author":[{"embeddable":true,"href":"http:\/\/laplumedeloiseaulyre.com\/index.php?rest_route=\/wp\/v2\/users\/1"}],"replies":[{"embeddable":true,"href":"http:\/\/laplumedeloiseaulyre.com\/index.php?rest_route=%2Fwp%2Fv2%2Fcomments&post=6209"}],"version-history":[{"count":1,"href":"http:\/\/laplumedeloiseaulyre.com\/index.php?rest_route=\/wp\/v2\/pages\/6209\/revisions"}],"predecessor-version":[{"id":6210,"href":"http:\/\/laplumedeloiseaulyre.com\/index.php?rest_route=\/wp\/v2\/pages\/6209\/revisions\/6210"}],"wp:attachment":[{"href":"http:\/\/laplumedeloiseaulyre.com\/index.php?rest_route=%2Fwp%2Fv2%2Fmedia&parent=6209"}],"curies":[{"name":"wp","href":"https:\/\/api.w.org\/{rel}","templated":true}]}}