{"id":6201,"date":"2018-02-26T11:46:23","date_gmt":"2018-02-26T11:46:23","guid":{"rendered":"http:\/\/laplumedeloiseaulyre.com\/?page_id=6201"},"modified":"2018-02-26T11:46:23","modified_gmt":"2018-02-26T11:46:23","slug":"aloes-aloe-arborescens","status":"publish","type":"page","link":"http:\/\/laplumedeloiseaulyre.com\/?page_id=6201","title":{"rendered":"ALO\u00c8S  Aloe arborescens"},"content":{"rendered":"<p>Ami reste\u00a0! Non, ne pars pas encore !<br \/>\nJ\u2019attends que tu fasses advenir notre heure\u00a0:<br \/>\nD\u00e9sir en gu\u00e9rissant me donne mort<br \/>\nD\u00e9sir fait p\u00e9rir Alo\u00e8s en pleurs.<\/p>\n","protected":false},"excerpt":{"rendered":"<p>Ami reste\u00a0! Non, ne pars pas encore ! J\u2019attends que tu fasses advenir notre heure\u00a0: D\u00e9sir en gu\u00e9rissant me donne mort D\u00e9sir fait p\u00e9rir Alo\u00e8s en pleurs.<\/p>\n<p class=\"more-link-p\"><a class=\"more-link\" href=\"http:\/\/laplumedeloiseaulyre.com\/?page_id=6201\">Read more &rarr;<\/a><\/p>\n","protected":false},"author":1,"featured_media":0,"parent":0,"menu_order":0,"comment_status":"closed","ping_status":"closed","template":"","meta":{"spay_email":""},"jetpack_shortlink":"https:\/\/wp.me\/P4lzfC-1C1","_links":{"self":[{"href":"http:\/\/laplumedeloiseaulyre.com\/index.php?rest_route=\/wp\/v2\/pages\/6201"}],"collection":[{"href":"http:\/\/laplumedeloiseaulyre.com\/index.php?rest_route=\/wp\/v2\/pages"}],"about":[{"href":"http:\/\/laplumedeloiseaulyre.com\/index.php?rest_route=\/wp\/v2\/types\/page"}],"author":[{"embeddable":true,"href":"http:\/\/laplumedeloiseaulyre.com\/index.php?rest_route=\/wp\/v2\/users\/1"}],"replies":[{"embeddable":true,"href":"http:\/\/laplumedeloiseaulyre.com\/index.php?rest_route=%2Fwp%2Fv2%2Fcomments&post=6201"}],"version-history":[{"count":1,"href":"http:\/\/laplumedeloiseaulyre.com\/index.php?rest_route=\/wp\/v2\/pages\/6201\/revisions"}],"predecessor-version":[{"id":6202,"href":"http:\/\/laplumedeloiseaulyre.com\/index.php?rest_route=\/wp\/v2\/pages\/6201\/revisions\/6202"}],"wp:attachment":[{"href":"http:\/\/laplumedeloiseaulyre.com\/index.php?rest_route=%2Fwp%2Fv2%2Fmedia&parent=6201"}],"curies":[{"name":"wp","href":"https:\/\/api.w.org\/{rel}","templated":true}]}}