{"id":6190,"date":"2018-02-26T11:30:54","date_gmt":"2018-02-26T11:30:54","guid":{"rendered":"http:\/\/laplumedeloiseaulyre.com\/?page_id=6190"},"modified":"2022-01-30T22:29:25","modified_gmt":"2022-01-30T22:29:25","slug":"alfa-stipa-tenacissima","status":"publish","type":"page","link":"http:\/\/laplumedeloiseaulyre.com\/?page_id=6190","title":{"rendered":"ALFA Stipa tenacissima"},"content":{"rendered":"<p>J\u2019ai revu la stipa tenace en Tunisie,<br \/>\nLes touffes d\u2019Alfa loyales au bord de l\u2019eau,<br \/>\nLes bancs de l\u2019\u00eele o\u00f9 le marbre aride a jauni,<br \/>\nLa supplique ineffa\u00e7able des id\u00e9aux.<\/p>\n","protected":false},"excerpt":{"rendered":"<p>J\u2019ai revu la stipa tenace en Tunisie, Les touffes d\u2019Alfa loyales au bord de l\u2019eau, Les bancs de l\u2019\u00eele o\u00f9 le marbre aride a jauni, La supplique ineffa\u00e7able des id\u00e9aux.<\/p>\n<p class=\"more-link-p\"><a class=\"more-link\" href=\"http:\/\/laplumedeloiseaulyre.com\/?page_id=6190\">Read more &rarr;<\/a><\/p>\n","protected":false},"author":1,"featured_media":0,"parent":0,"menu_order":0,"comment_status":"closed","ping_status":"closed","template":"","meta":{"spay_email":""},"jetpack_shortlink":"https:\/\/wp.me\/P4lzfC-1BQ","_links":{"self":[{"href":"http:\/\/laplumedeloiseaulyre.com\/index.php?rest_route=\/wp\/v2\/pages\/6190"}],"collection":[{"href":"http:\/\/laplumedeloiseaulyre.com\/index.php?rest_route=\/wp\/v2\/pages"}],"about":[{"href":"http:\/\/laplumedeloiseaulyre.com\/index.php?rest_route=\/wp\/v2\/types\/page"}],"author":[{"embeddable":true,"href":"http:\/\/laplumedeloiseaulyre.com\/index.php?rest_route=\/wp\/v2\/users\/1"}],"replies":[{"embeddable":true,"href":"http:\/\/laplumedeloiseaulyre.com\/index.php?rest_route=%2Fwp%2Fv2%2Fcomments&post=6190"}],"version-history":[{"count":4,"href":"http:\/\/laplumedeloiseaulyre.com\/index.php?rest_route=\/wp\/v2\/pages\/6190\/revisions"}],"predecessor-version":[{"id":13485,"href":"http:\/\/laplumedeloiseaulyre.com\/index.php?rest_route=\/wp\/v2\/pages\/6190\/revisions\/13485"}],"wp:attachment":[{"href":"http:\/\/laplumedeloiseaulyre.com\/index.php?rest_route=%2Fwp%2Fv2%2Fmedia&parent=6190"}],"curies":[{"name":"wp","href":"https:\/\/api.w.org\/{rel}","templated":true}]}}