{"id":6184,"date":"2018-02-26T11:27:45","date_gmt":"2018-02-26T11:27:45","guid":{"rendered":"http:\/\/laplumedeloiseaulyre.com\/?page_id=6184"},"modified":"2018-02-26T11:39:46","modified_gmt":"2018-02-26T11:39:46","slug":"albizia-albizia-julibrissin","status":"publish","type":"page","link":"http:\/\/laplumedeloiseaulyre.com\/?page_id=6184","title":{"rendered":"ALBIZIA  Albizia julibrissin"},"content":{"rendered":"<p>Se peut-il que vos yeux et les miens pleurent\u00a0?<br \/>\nAh, nous voil\u00e0 dans le m\u00eame regret<br \/>\nComme Albizia referme ses filets :<br \/>\nD\u00e9faite pr\u00e9sage victoire ailleurs.<\/p>\n","protected":false},"excerpt":{"rendered":"<p>Se peut-il que vos yeux et les miens pleurent\u00a0? Ah, nous voil\u00e0 dans le m\u00eame regret Comme Albizia referme ses filets : D\u00e9faite pr\u00e9sage victoire ailleurs.<\/p>\n<p class=\"more-link-p\"><a class=\"more-link\" href=\"http:\/\/laplumedeloiseaulyre.com\/?page_id=6184\">Read more &rarr;<\/a><\/p>\n","protected":false},"author":1,"featured_media":0,"parent":0,"menu_order":0,"comment_status":"closed","ping_status":"closed","template":"","meta":{"spay_email":""},"jetpack_shortlink":"https:\/\/wp.me\/P4lzfC-1BK","_links":{"self":[{"href":"http:\/\/laplumedeloiseaulyre.com\/index.php?rest_route=\/wp\/v2\/pages\/6184"}],"collection":[{"href":"http:\/\/laplumedeloiseaulyre.com\/index.php?rest_route=\/wp\/v2\/pages"}],"about":[{"href":"http:\/\/laplumedeloiseaulyre.com\/index.php?rest_route=\/wp\/v2\/types\/page"}],"author":[{"embeddable":true,"href":"http:\/\/laplumedeloiseaulyre.com\/index.php?rest_route=\/wp\/v2\/users\/1"}],"replies":[{"embeddable":true,"href":"http:\/\/laplumedeloiseaulyre.com\/index.php?rest_route=%2Fwp%2Fv2%2Fcomments&post=6184"}],"version-history":[{"count":1,"href":"http:\/\/laplumedeloiseaulyre.com\/index.php?rest_route=\/wp\/v2\/pages\/6184\/revisions"}],"predecessor-version":[{"id":6185,"href":"http:\/\/laplumedeloiseaulyre.com\/index.php?rest_route=\/wp\/v2\/pages\/6184\/revisions\/6185"}],"wp:attachment":[{"href":"http:\/\/laplumedeloiseaulyre.com\/index.php?rest_route=%2Fwp%2Fv2%2Fmedia&parent=6184"}],"curies":[{"name":"wp","href":"https:\/\/api.w.org\/{rel}","templated":true}]}}