{"id":6182,"date":"2018-02-26T11:25:37","date_gmt":"2018-02-26T11:25:37","guid":{"rendered":"http:\/\/laplumedeloiseaulyre.com\/?page_id=6182"},"modified":"2022-02-25T00:02:13","modified_gmt":"2022-02-25T00:02:13","slug":"ajonc-ulex-europaeus","status":"publish","type":"page","link":"http:\/\/laplumedeloiseaulyre.com\/?page_id=6182","title":{"rendered":"AJONC Ulex europaeus"},"content":{"rendered":"<p>Tiens ton d\u00e9sir pur en ruisseau dormant<br \/>\nComme au lit du courant r\u00e9siste Ajonc,<br \/>\nTiens ton d\u00e9sir en l\u2019eau vague et mouvant<br \/>\nComme on retient cavale en r\u00e9bellion.<\/p>\n","protected":false},"excerpt":{"rendered":"<p>Tiens ton d\u00e9sir pur en ruisseau dormant Comme au lit du courant r\u00e9siste Ajonc, Tiens ton d\u00e9sir en l\u2019eau vague et mouvant Comme on retient cavale en r\u00e9bellion.<\/p>\n<p class=\"more-link-p\"><a class=\"more-link\" href=\"http:\/\/laplumedeloiseaulyre.com\/?page_id=6182\">Read more &rarr;<\/a><\/p>\n","protected":false},"author":1,"featured_media":0,"parent":0,"menu_order":0,"comment_status":"closed","ping_status":"closed","template":"","meta":{"spay_email":""},"jetpack_shortlink":"https:\/\/wp.me\/P4lzfC-1BI","_links":{"self":[{"href":"http:\/\/laplumedeloiseaulyre.com\/index.php?rest_route=\/wp\/v2\/pages\/6182"}],"collection":[{"href":"http:\/\/laplumedeloiseaulyre.com\/index.php?rest_route=\/wp\/v2\/pages"}],"about":[{"href":"http:\/\/laplumedeloiseaulyre.com\/index.php?rest_route=\/wp\/v2\/types\/page"}],"author":[{"embeddable":true,"href":"http:\/\/laplumedeloiseaulyre.com\/index.php?rest_route=\/wp\/v2\/users\/1"}],"replies":[{"embeddable":true,"href":"http:\/\/laplumedeloiseaulyre.com\/index.php?rest_route=%2Fwp%2Fv2%2Fcomments&post=6182"}],"version-history":[{"count":2,"href":"http:\/\/laplumedeloiseaulyre.com\/index.php?rest_route=\/wp\/v2\/pages\/6182\/revisions"}],"predecessor-version":[{"id":13636,"href":"http:\/\/laplumedeloiseaulyre.com\/index.php?rest_route=\/wp\/v2\/pages\/6182\/revisions\/13636"}],"wp:attachment":[{"href":"http:\/\/laplumedeloiseaulyre.com\/index.php?rest_route=%2Fwp%2Fv2%2Fmedia&parent=6182"}],"curies":[{"name":"wp","href":"https:\/\/api.w.org\/{rel}","templated":true}]}}