{"id":6179,"date":"2018-02-26T11:23:16","date_gmt":"2018-02-26T11:23:16","guid":{"rendered":"http:\/\/laplumedeloiseaulyre.com\/?page_id=6179"},"modified":"2018-02-26T11:39:15","modified_gmt":"2018-02-26T11:39:15","slug":"airelle-vaccinium-vitis-idaea","status":"publish","type":"page","link":"http:\/\/laplumedeloiseaulyre.com\/?page_id=6179","title":{"rendered":"AIRELLE  Vaccinium vitis-idaea"},"content":{"rendered":"<p>Faites-moi un collier de rubis ou d&rsquo;Airelles<br \/>\nNou\u00e9 d&rsquo;un pampre de vigne ou d&rsquo;un n\u0153ud d&rsquo;argent,<br \/>\nFaites-le polir par l&rsquo;orf\u00e8vre ou le soleil,<br \/>\nQu&rsquo;importe pourvu qu&rsquo;il attire les amants !<\/p>\n","protected":false},"excerpt":{"rendered":"<p>Faites-moi un collier de rubis ou d&rsquo;Airelles Nou\u00e9 d&rsquo;un pampre de vigne ou d&rsquo;un n\u0153ud d&rsquo;argent, Faites-le polir par l&rsquo;orf\u00e8vre ou le soleil, Qu&rsquo;importe pourvu qu&rsquo;il attire les amants !<\/p>\n<p class=\"more-link-p\"><a class=\"more-link\" href=\"http:\/\/laplumedeloiseaulyre.com\/?page_id=6179\">Read more &rarr;<\/a><\/p>\n","protected":false},"author":1,"featured_media":0,"parent":0,"menu_order":0,"comment_status":"closed","ping_status":"closed","template":"","meta":{"spay_email":""},"jetpack_shortlink":"https:\/\/wp.me\/P4lzfC-1BF","_links":{"self":[{"href":"http:\/\/laplumedeloiseaulyre.com\/index.php?rest_route=\/wp\/v2\/pages\/6179"}],"collection":[{"href":"http:\/\/laplumedeloiseaulyre.com\/index.php?rest_route=\/wp\/v2\/pages"}],"about":[{"href":"http:\/\/laplumedeloiseaulyre.com\/index.php?rest_route=\/wp\/v2\/types\/page"}],"author":[{"embeddable":true,"href":"http:\/\/laplumedeloiseaulyre.com\/index.php?rest_route=\/wp\/v2\/users\/1"}],"replies":[{"embeddable":true,"href":"http:\/\/laplumedeloiseaulyre.com\/index.php?rest_route=%2Fwp%2Fv2%2Fcomments&post=6179"}],"version-history":[{"count":1,"href":"http:\/\/laplumedeloiseaulyre.com\/index.php?rest_route=\/wp\/v2\/pages\/6179\/revisions"}],"predecessor-version":[{"id":6180,"href":"http:\/\/laplumedeloiseaulyre.com\/index.php?rest_route=\/wp\/v2\/pages\/6179\/revisions\/6180"}],"wp:attachment":[{"href":"http:\/\/laplumedeloiseaulyre.com\/index.php?rest_route=%2Fwp%2Fv2%2Fmedia&parent=6179"}],"curies":[{"name":"wp","href":"https:\/\/api.w.org\/{rel}","templated":true}]}}