{"id":6160,"date":"2018-02-26T11:03:06","date_gmt":"2018-02-26T11:03:06","guid":{"rendered":"http:\/\/laplumedeloiseaulyre.com\/?page_id=6160"},"modified":"2022-01-21T00:58:53","modified_gmt":"2022-01-21T00:58:53","slug":"ageratum-ageratum-houstonianum","status":"publish","type":"page","link":"http:\/\/laplumedeloiseaulyre.com\/?page_id=6160","title":{"rendered":"AGERATUM Ageratum houstonianum"},"content":{"rendered":"<p>Fleur sans vieillesse dont je veux d\u00e9pendre<br \/>\nTu r\u00e9sistes \u00e0 toutes strat\u00e9gies,<br \/>\nToi, l\u2019Ageratum, tard tu sais attendre,<br \/>\nQuand tous les autres se sont endormis.<\/p>\n","protected":false},"excerpt":{"rendered":"<p>Fleur sans vieillesse dont je veux d\u00e9pendre Tu r\u00e9sistes \u00e0 toutes strat\u00e9gies, Toi, l\u2019Ageratum, tard tu sais attendre, Quand tous les autres se sont endormis.<\/p>\n<p class=\"more-link-p\"><a class=\"more-link\" href=\"http:\/\/laplumedeloiseaulyre.com\/?page_id=6160\">Read more &rarr;<\/a><\/p>\n","protected":false},"author":1,"featured_media":0,"parent":0,"menu_order":0,"comment_status":"closed","ping_status":"closed","template":"","meta":{"spay_email":""},"jetpack_shortlink":"https:\/\/wp.me\/P4lzfC-1Bm","_links":{"self":[{"href":"http:\/\/laplumedeloiseaulyre.com\/index.php?rest_route=\/wp\/v2\/pages\/6160"}],"collection":[{"href":"http:\/\/laplumedeloiseaulyre.com\/index.php?rest_route=\/wp\/v2\/pages"}],"about":[{"href":"http:\/\/laplumedeloiseaulyre.com\/index.php?rest_route=\/wp\/v2\/types\/page"}],"author":[{"embeddable":true,"href":"http:\/\/laplumedeloiseaulyre.com\/index.php?rest_route=\/wp\/v2\/users\/1"}],"replies":[{"embeddable":true,"href":"http:\/\/laplumedeloiseaulyre.com\/index.php?rest_route=%2Fwp%2Fv2%2Fcomments&post=6160"}],"version-history":[{"count":2,"href":"http:\/\/laplumedeloiseaulyre.com\/index.php?rest_route=\/wp\/v2\/pages\/6160\/revisions"}],"predecessor-version":[{"id":13430,"href":"http:\/\/laplumedeloiseaulyre.com\/index.php?rest_route=\/wp\/v2\/pages\/6160\/revisions\/13430"}],"wp:attachment":[{"href":"http:\/\/laplumedeloiseaulyre.com\/index.php?rest_route=%2Fwp%2Fv2%2Fmedia&parent=6160"}],"curies":[{"name":"wp","href":"https:\/\/api.w.org\/{rel}","templated":true}]}}