{"id":6154,"date":"2018-02-26T10:58:42","date_gmt":"2018-02-26T10:58:42","guid":{"rendered":"http:\/\/laplumedeloiseaulyre.com\/?page_id=6154"},"modified":"2018-06-23T19:28:59","modified_gmt":"2018-06-23T19:28:59","slug":"agapanthe-agapanthus-africanus","status":"publish","type":"page","link":"http:\/\/laplumedeloiseaulyre.com\/?page_id=6154","title":{"rendered":"AGAPANTHE Agapanthus africanus"},"content":{"rendered":"<p>Je veux t\u2019aimer encore Agapanthe,<br \/>\nJe veux chanter les tons de tes l\u00e8vres<br \/>\nEt la partition azurescente<br \/>\nQui r\u00e9sonne en tes agiles gr\u00e8ves.<\/p>\n<p><span style=\"color: #339966;\"><strong>(English) AFRICAN LILY <em>Agapanthus africanus<\/em><\/strong><\/span><\/p>\n<p><span style=\"color: #339966;\">Let me love you once again African Lily,<\/span><br \/>\n<span style=\"color: #339966;\"> Let me sing to the colour of your lips<\/span><br \/>\n<span style=\"color: #339966;\"> The azurescent symphony<\/span><br \/>\n<span style=\"color: #339966;\"> Resounding on your vibrant tips.<\/span><\/p>\n<p><span style=\"color: #339966;\">\u00a9traduction David Lowe<\/span><\/p>\n","protected":false},"excerpt":{"rendered":"<p>Je veux t\u2019aimer encore Agapanthe, Je veux chanter les tons de tes l\u00e8vres Et la partition azurescente Qui r\u00e9sonne en tes agiles gr\u00e8ves. (English) AFRICAN LILY Agapanthus africanus Let me love you once again African Lily, Let me sing to&hellip;<\/p>\n<p class=\"more-link-p\"><a class=\"more-link\" href=\"http:\/\/laplumedeloiseaulyre.com\/?page_id=6154\">Read more &rarr;<\/a><\/p>\n","protected":false},"author":1,"featured_media":0,"parent":0,"menu_order":0,"comment_status":"closed","ping_status":"closed","template":"","meta":{"spay_email":""},"jetpack_shortlink":"https:\/\/wp.me\/P4lzfC-1Bg","_links":{"self":[{"href":"http:\/\/laplumedeloiseaulyre.com\/index.php?rest_route=\/wp\/v2\/pages\/6154"}],"collection":[{"href":"http:\/\/laplumedeloiseaulyre.com\/index.php?rest_route=\/wp\/v2\/pages"}],"about":[{"href":"http:\/\/laplumedeloiseaulyre.com\/index.php?rest_route=\/wp\/v2\/types\/page"}],"author":[{"embeddable":true,"href":"http:\/\/laplumedeloiseaulyre.com\/index.php?rest_route=\/wp\/v2\/users\/1"}],"replies":[{"embeddable":true,"href":"http:\/\/laplumedeloiseaulyre.com\/index.php?rest_route=%2Fwp%2Fv2%2Fcomments&post=6154"}],"version-history":[{"count":5,"href":"http:\/\/laplumedeloiseaulyre.com\/index.php?rest_route=\/wp\/v2\/pages\/6154\/revisions"}],"predecessor-version":[{"id":8120,"href":"http:\/\/laplumedeloiseaulyre.com\/index.php?rest_route=\/wp\/v2\/pages\/6154\/revisions\/8120"}],"wp:attachment":[{"href":"http:\/\/laplumedeloiseaulyre.com\/index.php?rest_route=%2Fwp%2Fv2%2Fmedia&parent=6154"}],"curies":[{"name":"wp","href":"https:\/\/api.w.org\/{rel}","templated":true}]}}