{"id":6150,"date":"2018-02-26T10:56:09","date_gmt":"2018-02-26T10:56:09","guid":{"rendered":"http:\/\/laplumedeloiseaulyre.com\/?page_id=6150"},"modified":"2018-02-26T10:56:09","modified_gmt":"2018-02-26T10:56:09","slug":"aechmea-aechmea-fasciata","status":"publish","type":"page","link":"http:\/\/laplumedeloiseaulyre.com\/?page_id=6150","title":{"rendered":"AECHMEA Aechmea fasciata"},"content":{"rendered":"<p>Vase d\u2019argent lustr\u00e9 par une br\u00e9silienne,<br \/>\nL\u2019Aechmea fait une carri\u00e8re \u00e9piphyte<br \/>\nIl accumule bras et bract\u00e9es de m\u00e9rites,<br \/>\nRayant le parquet de ses dents am\u00e9ricaines. <\/p>\n","protected":false},"excerpt":{"rendered":"<p>Vase d\u2019argent lustr\u00e9 par une br\u00e9silienne, L\u2019Aechmea fait une carri\u00e8re \u00e9piphyte Il accumule bras et bract\u00e9es de m\u00e9rites, Rayant le parquet de ses dents am\u00e9ricaines.<\/p>\n<p class=\"more-link-p\"><a class=\"more-link\" href=\"http:\/\/laplumedeloiseaulyre.com\/?page_id=6150\">Read more &rarr;<\/a><\/p>\n","protected":false},"author":1,"featured_media":0,"parent":0,"menu_order":0,"comment_status":"closed","ping_status":"closed","template":"","meta":{"spay_email":""},"jetpack_shortlink":"https:\/\/wp.me\/P4lzfC-1Bc","_links":{"self":[{"href":"http:\/\/laplumedeloiseaulyre.com\/index.php?rest_route=\/wp\/v2\/pages\/6150"}],"collection":[{"href":"http:\/\/laplumedeloiseaulyre.com\/index.php?rest_route=\/wp\/v2\/pages"}],"about":[{"href":"http:\/\/laplumedeloiseaulyre.com\/index.php?rest_route=\/wp\/v2\/types\/page"}],"author":[{"embeddable":true,"href":"http:\/\/laplumedeloiseaulyre.com\/index.php?rest_route=\/wp\/v2\/users\/1"}],"replies":[{"embeddable":true,"href":"http:\/\/laplumedeloiseaulyre.com\/index.php?rest_route=%2Fwp%2Fv2%2Fcomments&post=6150"}],"version-history":[{"count":1,"href":"http:\/\/laplumedeloiseaulyre.com\/index.php?rest_route=\/wp\/v2\/pages\/6150\/revisions"}],"predecessor-version":[{"id":6151,"href":"http:\/\/laplumedeloiseaulyre.com\/index.php?rest_route=\/wp\/v2\/pages\/6150\/revisions\/6151"}],"wp:attachment":[{"href":"http:\/\/laplumedeloiseaulyre.com\/index.php?rest_route=%2Fwp%2Fv2%2Fmedia&parent=6150"}],"curies":[{"name":"wp","href":"https:\/\/api.w.org\/{rel}","templated":true}]}}