{"id":6145,"date":"2018-02-26T10:52:13","date_gmt":"2018-02-26T10:52:13","guid":{"rendered":"http:\/\/laplumedeloiseaulyre.com\/?page_id=6145"},"modified":"2022-01-21T00:54:07","modified_gmt":"2022-01-21T00:54:07","slug":"adonide-adonis-aestivalis","status":"publish","type":"page","link":"http:\/\/laplumedeloiseaulyre.com\/?page_id=6145","title":{"rendered":"ADONIDE Adonis aestivalis"},"content":{"rendered":"<p>Comme la silhouette nue d\u2019un \u00e9ph\u00e8be<br \/>\n\u00c9pouse la vo\u00fbte d\u2019un studiolo,<br \/>\nL\u2019Adonide \u00e9brase de son sang faible<br \/>\nL\u2019arc invisible du saut d\u2019ocelot.<\/p>\n","protected":false},"excerpt":{"rendered":"<p>Comme la silhouette nue d\u2019un \u00e9ph\u00e8be \u00c9pouse la vo\u00fbte d\u2019un studiolo, L\u2019Adonide \u00e9brase de son sang faible L\u2019arc invisible du saut d\u2019ocelot.<\/p>\n<p class=\"more-link-p\"><a class=\"more-link\" href=\"http:\/\/laplumedeloiseaulyre.com\/?page_id=6145\">Read more &rarr;<\/a><\/p>\n","protected":false},"author":1,"featured_media":0,"parent":0,"menu_order":0,"comment_status":"closed","ping_status":"closed","template":"","meta":{"spay_email":""},"jetpack_shortlink":"https:\/\/wp.me\/P4lzfC-1B7","_links":{"self":[{"href":"http:\/\/laplumedeloiseaulyre.com\/index.php?rest_route=\/wp\/v2\/pages\/6145"}],"collection":[{"href":"http:\/\/laplumedeloiseaulyre.com\/index.php?rest_route=\/wp\/v2\/pages"}],"about":[{"href":"http:\/\/laplumedeloiseaulyre.com\/index.php?rest_route=\/wp\/v2\/types\/page"}],"author":[{"embeddable":true,"href":"http:\/\/laplumedeloiseaulyre.com\/index.php?rest_route=\/wp\/v2\/users\/1"}],"replies":[{"embeddable":true,"href":"http:\/\/laplumedeloiseaulyre.com\/index.php?rest_route=%2Fwp%2Fv2%2Fcomments&post=6145"}],"version-history":[{"count":2,"href":"http:\/\/laplumedeloiseaulyre.com\/index.php?rest_route=\/wp\/v2\/pages\/6145\/revisions"}],"predecessor-version":[{"id":13429,"href":"http:\/\/laplumedeloiseaulyre.com\/index.php?rest_route=\/wp\/v2\/pages\/6145\/revisions\/13429"}],"wp:attachment":[{"href":"http:\/\/laplumedeloiseaulyre.com\/index.php?rest_route=%2Fwp%2Fv2%2Fmedia&parent=6145"}],"curies":[{"name":"wp","href":"https:\/\/api.w.org\/{rel}","templated":true}]}}