{"id":6130,"date":"2018-02-26T10:37:39","date_gmt":"2018-02-26T10:37:39","guid":{"rendered":"http:\/\/laplumedeloiseaulyre.com\/?page_id=6130"},"modified":"2018-02-26T11:34:58","modified_gmt":"2018-02-26T11:34:58","slug":"achillee-millefeuille-achillea-millefolium","status":"publish","type":"page","link":"http:\/\/laplumedeloiseaulyre.com\/?page_id=6130","title":{"rendered":"ACHILL\u00c9E MILLEFEUILLE  Achillea millefolium"},"content":{"rendered":"<p>On ne sait plus ce qui faisait l\u2019\u00e9clat<br \/>\nD\u2019Ithaque au littoral blanc d\u2019Achill\u00e9e.<br \/>\nP\u00e9n\u00e9lope tisse amour en ses draps<br \/>\nMais Ulysse est mort\u2026ou l\u2019a oubli\u00e9e.<\/p>\n","protected":false},"excerpt":{"rendered":"<p>On ne sait plus ce qui faisait l\u2019\u00e9clat D\u2019Ithaque au littoral blanc d\u2019Achill\u00e9e. P\u00e9n\u00e9lope tisse amour en ses draps Mais Ulysse est mort\u2026ou l\u2019a oubli\u00e9e.<\/p>\n<p class=\"more-link-p\"><a class=\"more-link\" href=\"http:\/\/laplumedeloiseaulyre.com\/?page_id=6130\">Read more &rarr;<\/a><\/p>\n","protected":false},"author":1,"featured_media":0,"parent":0,"menu_order":0,"comment_status":"closed","ping_status":"closed","template":"","meta":{"spay_email":""},"jetpack_shortlink":"https:\/\/wp.me\/P4lzfC-1AS","_links":{"self":[{"href":"http:\/\/laplumedeloiseaulyre.com\/index.php?rest_route=\/wp\/v2\/pages\/6130"}],"collection":[{"href":"http:\/\/laplumedeloiseaulyre.com\/index.php?rest_route=\/wp\/v2\/pages"}],"about":[{"href":"http:\/\/laplumedeloiseaulyre.com\/index.php?rest_route=\/wp\/v2\/types\/page"}],"author":[{"embeddable":true,"href":"http:\/\/laplumedeloiseaulyre.com\/index.php?rest_route=\/wp\/v2\/users\/1"}],"replies":[{"embeddable":true,"href":"http:\/\/laplumedeloiseaulyre.com\/index.php?rest_route=%2Fwp%2Fv2%2Fcomments&post=6130"}],"version-history":[{"count":1,"href":"http:\/\/laplumedeloiseaulyre.com\/index.php?rest_route=\/wp\/v2\/pages\/6130\/revisions"}],"predecessor-version":[{"id":6131,"href":"http:\/\/laplumedeloiseaulyre.com\/index.php?rest_route=\/wp\/v2\/pages\/6130\/revisions\/6131"}],"wp:attachment":[{"href":"http:\/\/laplumedeloiseaulyre.com\/index.php?rest_route=%2Fwp%2Fv2%2Fmedia&parent=6130"}],"curies":[{"name":"wp","href":"https:\/\/api.w.org\/{rel}","templated":true}]}}