{"id":6073,"date":"2018-02-11T20:21:34","date_gmt":"2018-02-11T20:21:34","guid":{"rendered":"http:\/\/laplumedeloiseaulyre.com\/?page_id=6073"},"modified":"2022-01-21T00:36:56","modified_gmt":"2022-01-21T00:36:56","slug":"abutilon-abutilon-theophrasti","status":"publish","type":"page","link":"http:\/\/laplumedeloiseaulyre.com\/?page_id=6073","title":{"rendered":"ABUTILON  Abutilon theophrasti"},"content":{"rendered":"<p>R\u00e9sonne le bourdon d&rsquo;Abutilon,<br \/>\nSourd frondeur battant la campagne \u00e9norme,<br \/>\nLe Grand-P\u00e8re saintier des carillons,<br \/>\nProcureur du courtil campaniforme.<\/p>\n","protected":false},"excerpt":{"rendered":"<p>R\u00e9sonne le bourdon d&rsquo;Abutilon, Sourd frondeur battant la campagne \u00e9norme, Le Grand-P\u00e8re saintier des carillons, Procureur du courtil campaniforme.<\/p>\n<p class=\"more-link-p\"><a class=\"more-link\" href=\"http:\/\/laplumedeloiseaulyre.com\/?page_id=6073\">Read more &rarr;<\/a><\/p>\n","protected":false},"author":1,"featured_media":0,"parent":0,"menu_order":0,"comment_status":"closed","ping_status":"closed","template":"","meta":{"spay_email":""},"jetpack_shortlink":"https:\/\/wp.me\/P4lzfC-1zX","_links":{"self":[{"href":"http:\/\/laplumedeloiseaulyre.com\/index.php?rest_route=\/wp\/v2\/pages\/6073"}],"collection":[{"href":"http:\/\/laplumedeloiseaulyre.com\/index.php?rest_route=\/wp\/v2\/pages"}],"about":[{"href":"http:\/\/laplumedeloiseaulyre.com\/index.php?rest_route=\/wp\/v2\/types\/page"}],"author":[{"embeddable":true,"href":"http:\/\/laplumedeloiseaulyre.com\/index.php?rest_route=\/wp\/v2\/users\/1"}],"replies":[{"embeddable":true,"href":"http:\/\/laplumedeloiseaulyre.com\/index.php?rest_route=%2Fwp%2Fv2%2Fcomments&post=6073"}],"version-history":[{"count":2,"href":"http:\/\/laplumedeloiseaulyre.com\/index.php?rest_route=\/wp\/v2\/pages\/6073\/revisions"}],"predecessor-version":[{"id":13425,"href":"http:\/\/laplumedeloiseaulyre.com\/index.php?rest_route=\/wp\/v2\/pages\/6073\/revisions\/13425"}],"wp:attachment":[{"href":"http:\/\/laplumedeloiseaulyre.com\/index.php?rest_route=%2Fwp%2Fv2%2Fmedia&parent=6073"}],"curies":[{"name":"wp","href":"https:\/\/api.w.org\/{rel}","templated":true}]}}