{"id":6030,"date":"2018-02-01T14:10:44","date_gmt":"2018-02-01T14:10:44","guid":{"rendered":"http:\/\/laplumedeloiseaulyre.com\/?page_id=6030"},"modified":"2018-02-01T14:12:55","modified_gmt":"2018-02-01T14:12:55","slug":"hortus-conclusus-poeme-liminaire","status":"publish","type":"page","link":"http:\/\/laplumedeloiseaulyre.com\/?page_id=6030","title":{"rendered":"Hortus Conclusus (po\u00e8me liminaire)"},"content":{"rendered":"<p>Parfois l&rsquo;\u0153il du tigre fait reculer le tir<br \/>\nDu chasseur \u00e9tonn\u00e9 par sa subite flamme,<br \/>\nLa Beaut\u00e9 que j&rsquo;avais entendue dans mon \u00e2me<br \/>\nSembla s&rsquo;\u00eatre incarn\u00e9e, me faisant r\u00e9fl\u00e9chir.<\/p>\n<p>En cette lueur adolor\u00e9e de ton \u0153il<br \/>\nJe contemplais des paysages byzantins,<br \/>\nL&rsquo;or des ic\u00f4nes ador\u00e9es qui se recueillent<br \/>\nAu rythme calme d&rsquo;un repli azur\u00e9en.<\/p>\n<p>Elle r\u00e9v\u00e9la soudain le feu de son savoir,<br \/>\nMe montrant toute l&rsquo;\u00e9tendue de son empire,<br \/>\nSes nefs arm\u00e9es, sa gloire, son art, ses pouvoirs,<br \/>\nPar del\u00e0 ta chair o\u00f9 son orage se mire.<\/p>\n<p>Engendrant de nouveaux d\u00e9sirs, les expliquant,<br \/>\n\u00c9tant en elle-seule parole et action,<br \/>\nElle manifesta sa loi pure et son sang,<br \/>\nPrincipe d&rsquo;union, principe de communion.<\/p>\n<p>Beaut\u00e9 rend f\u00e9al celui qui va noblement ;<br \/>\nElle ordonne et ob\u00e9it, ma\u00eetresse et servante,<br \/>\n\u00c0 la fois premi\u00e8re, \u00e9gale et se soumettant<br \/>\nAux ordalies qu&rsquo;elle murmure et qu&rsquo;elle chante.<\/p>\n<p>Refuge du bien, demeure de l&rsquo;harmonie,<br \/>\n\u00c9ternelle et irr\u00e9elle consolatrice,<br \/>\nElle convoque et r\u00e9veille l&rsquo;\u00eatre meurtri,<br \/>\nFaisant taire la bouche en y posant son lys.<\/p>\n<p>Entre, entre donc dans ce jardin d\u00e9voil\u00e9<br \/>\nQui s\u2019inclinera d\u2019un geste sur ton passage,<br \/>\nEt cueille les fruits qui te seront r\u00e9v\u00e9l\u00e9s<br \/>\nDans l\u2019<em>Hortus conclusus <\/em>fragment\u00e9 de ces pages.<\/p>\n","protected":false},"excerpt":{"rendered":"<p>Parfois l&rsquo;\u0153il du tigre fait reculer le tir Du chasseur \u00e9tonn\u00e9 par sa subite flamme, La Beaut\u00e9 que j&rsquo;avais entendue dans mon \u00e2me Sembla s&rsquo;\u00eatre incarn\u00e9e, me faisant r\u00e9fl\u00e9chir. En cette lueur adolor\u00e9e de ton \u0153il Je contemplais des paysages&hellip;<\/p>\n<p class=\"more-link-p\"><a class=\"more-link\" href=\"http:\/\/laplumedeloiseaulyre.com\/?page_id=6030\">Read more &rarr;<\/a><\/p>\n","protected":false},"author":1,"featured_media":0,"parent":0,"menu_order":0,"comment_status":"closed","ping_status":"closed","template":"","meta":{"spay_email":""},"jetpack_shortlink":"https:\/\/wp.me\/P4lzfC-1zg","_links":{"self":[{"href":"http:\/\/laplumedeloiseaulyre.com\/index.php?rest_route=\/wp\/v2\/pages\/6030"}],"collection":[{"href":"http:\/\/laplumedeloiseaulyre.com\/index.php?rest_route=\/wp\/v2\/pages"}],"about":[{"href":"http:\/\/laplumedeloiseaulyre.com\/index.php?rest_route=\/wp\/v2\/types\/page"}],"author":[{"embeddable":true,"href":"http:\/\/laplumedeloiseaulyre.com\/index.php?rest_route=\/wp\/v2\/users\/1"}],"replies":[{"embeddable":true,"href":"http:\/\/laplumedeloiseaulyre.com\/index.php?rest_route=%2Fwp%2Fv2%2Fcomments&post=6030"}],"version-history":[{"count":3,"href":"http:\/\/laplumedeloiseaulyre.com\/index.php?rest_route=\/wp\/v2\/pages\/6030\/revisions"}],"predecessor-version":[{"id":6033,"href":"http:\/\/laplumedeloiseaulyre.com\/index.php?rest_route=\/wp\/v2\/pages\/6030\/revisions\/6033"}],"wp:attachment":[{"href":"http:\/\/laplumedeloiseaulyre.com\/index.php?rest_route=%2Fwp%2Fv2%2Fmedia&parent=6030"}],"curies":[{"name":"wp","href":"https:\/\/api.w.org\/{rel}","templated":true}]}}