{"id":17176,"date":"2026-02-19T01:11:57","date_gmt":"2026-02-19T01:11:57","guid":{"rendered":"http:\/\/laplumedeloiseaulyre.com\/?page_id=17176"},"modified":"2026-02-19T01:19:18","modified_gmt":"2026-02-19T01:19:18","slug":"cgv-conditions-generales-de-vente","status":"publish","type":"page","link":"http:\/\/laplumedeloiseaulyre.com\/?page_id=17176","title":{"rendered":"CGV (Conditions g\u00e9n\u00e9rales de vente)"},"content":{"rendered":"\n<p><strong><br>\u00ab Conditions g\u00e9n\u00e9rales de vente \u2013 Vente de cyanotypes&nbsp;\u00bb&nbsp;<\/strong><\/p>\n\n\n\n<ul type=\"1\"><li><strong>1. \u2013 <u>Champ d\u2019application.&nbsp;<\/u><\/strong><\/li><\/ul>\n\n\n\n<p>Ces CGV s\u2019appliquent \u00e0 toute commande de cyanotypes physiques ou num\u00e9riques par une ou plusieurs personne (s), ou soci\u00e9t\u00e9, aupr\u00e8s de l\u2019artiste GLSG, SIRET 53764112800039, bas\u00e9e \u00e0 Paris 75007 (<strong>R\u00e9gime-Statut juridique<\/strong>&nbsp;: Micro BNC \/ artiste-auteur\/ <strong>Code APE<\/strong>&nbsp;: 9003A cr\u00e9ation relevant des arts plastiques). Elles priment tout document contraire sauf accord \u00e9crit.&nbsp;<\/p>\n\n\n\n<p><strong>Email :<\/strong>&nbsp;voir Formulaire&nbsp;<em><a href=\"https:\/\/laplumedeloiseaulyre.com\/?page_id=5771\" data-type=\"page\" data-id=\"5771\" target=\"_blank\" rel=\"noreferrer noopener\">Contact<\/a><\/em>&nbsp;du Site&nbsp;<\/p>\n\n\n\n<p><strong>Site web :<\/strong>&nbsp;www.laplumedeloiseaulyre.com<\/p>\n\n\n\n<ul><li><strong><u>&nbsp;2. \u2013 Produits.&nbsp;<\/u><\/strong><\/li><\/ul>\n\n\n\n<p><strong>Le cyanotype est&nbsp;une ancienne technique photographique invent\u00e9e par le savant anglais John Herschel en 1841, \u00e0 l\u2019\u00e9poque des premiers daguerr\u00e9otypes.<\/strong><strong>&nbsp;<\/strong>John Herschel enseigna sa m\u00e9thode \u00e0 Anna Atkins (1799-1871) qui demeure une des pionni\u00e8res de cet art m\u00e9connu et rapidement d\u00e9laiss\u00e9 au profit de la photographie en noir et blanc permise par l\u2019emploi des sels d\u2019argent.&nbsp;<\/p>\n\n\n\n<p><strong>Aujourd\u2019hui consid\u00e9r\u00e9e comme une technique de photographie alternative, la cyanographie est un art qui r\u00e9sulte d\u2019une savante alchimie.<\/strong><strong>&nbsp;<\/strong>&nbsp;Chaque cyanotype est une&nbsp;<strong><u>\u00e9preuve unique<\/u><\/strong>&nbsp;qui r\u00e9agit \u00e0 la lumi\u00e8re du soleil, en transformant le papier originel blanc en un bleu \u2018cyan\u2019 aux variations infinies, gr\u00e2ce \u00e0 l\u2019emploi de compos\u00e9s chimiques dont chaque feuille est impr\u00e9gn\u00e9e en quantit\u00e9 non polluante (ferricyanure de potassium et citrate d\u2019ammonium ferrique). Apr\u00e8s une \u00e9tape de rin\u00e7age \u00e0 l\u2019eau, chaque \u00e9preuve fait appara\u00eetre des silhouettes blanches sur fond bleu de Prusse.&nbsp;<\/p>\n\n\n\n<p><strong>Il s\u2019agit donc de photogrammes qui gardent l\u2019empreinte et le contour des objets, par exemple des plantes, des dentelles, des plumes, des textiles, etc.<\/strong>&nbsp;La couleur bleue se d\u00e9cline dans ses nuances azur\u00e9ennes, selon des techniques tr\u00e8s pr\u00e9cises, uniques et personnelles propres \u00e0 la singularit\u00e9 de l\u2019artiste.&nbsp;<strong><u>Aucun appareil photographique ni lampe UV ne sont utilis\u00e9s par l\u2019artiste pour ce proc\u00e9d\u00e9.<\/u><\/strong><\/p>\n\n\n\n<p><strong><u>Les v\u00e9g\u00e9taux issus de l\u2019herbier de l\u2019artiste et les objets utilis\u00e9s dans les cyanotypes peuvent \u00eatre employ\u00e9s plusieurs fois pour des compositions diff\u00e9rentes, ce qui n\u2019enl\u00e8ve jamais l\u2019unicit\u00e9 de chaque \u0153uvre.&nbsp;<\/u><\/strong><\/p>\n\n\n\n<ul><li><strong><span class=\"has-inline-color has-vivid-cyan-blue-color\">Le cyanotype est-il toujours bleu ?&nbsp;<\/span><\/strong><\/li><\/ul>\n\n\n\n<p><strong>Comme son nom l\u2019indique, le cyanotype est une \u00e9preuve toujours de couleur bleue \u00ab&nbsp;cyan&nbsp;\u00bb en raison de la r\u00e9action chimique des produits employ\u00e9s.<\/strong>&nbsp;Il est possible de varier les couleurs en baignant les tirages dans des solutions qui les font virer en marron, vert ou violet mais ces divers proc\u00e9d\u00e9s test\u00e9s n\u2019ont pas retenu l\u2019attention de l\u2019artiste au profit du bleu original et originel.<\/p>\n\n\n\n<ul><li><strong><span class=\"has-inline-color has-vivid-cyan-blue-color\">Aspect de l\u2019\u0153uvre vendue&nbsp;<\/span><\/strong><\/li><\/ul>\n\n\n\n<p>Pour des raisons techniques, le dos du cyanotype peut \u00eatre tach\u00e9 de traces bleues, brunes, vertes ou jaunes qui sont normales et qui r\u00e9sultent du proc\u00e9d\u00e9 technique en lui-m\u00eame. Cela ne nuit en rien \u00e0 la qualit\u00e9 de l\u2019\u0153uvre.&nbsp;<\/p>\n\n\n\n<ul><li><strong><span class=\"has-inline-color has-vivid-cyan-blue-color\">Signature et certificat d\u2019authenticit\u00e9&nbsp;<\/span><\/strong><\/li><\/ul>\n\n\n\n<p>Chaque cyanotype est un tirage unique, non reproductible \u00e0 l\u2019identique, fabriqu\u00e9 en France, livr\u00e9 par GLSG, sign\u00e9, dat\u00e9 et muni au dos d\u2019un certificat d\u2019authenticit\u00e9 indiquant le titre, le nom de la s\u00e9rie (en cas de s\u00e9rie) et les informations relatives \u00e0 l\u2019\u0153uvre.&nbsp;<\/p>\n\n\n\n<ul><li><strong><span class=\"has-inline-color has-vivid-cyan-blue-color\">Visuels en ligne <\/span><\/strong> <\/li><\/ul>\n\n\n\n<p>Les cyanotypes vendus en ligne sont photographi\u00e9s de la fa\u00e7on la plus juste possible. Il arrive parfois que des ombres et des lumi\u00e8res modifient l\u2019aspect du bleu de Prusse sur les visuels pr\u00e9sents sur le site. L\u2019artiste peut communiquer, sur demande, un nouveau clich\u00e9 dans la mesure du possible. Si les bleus varient selon l\u2019application des produits photosensibles, la lumi\u00e8re du soleil, la qualit\u00e9 du rin\u00e7age et du s\u00e9chage, la couleur g\u00e9n\u00e9rique du bleu de Prusse demeure&nbsp;<em>Sui generis<\/em>&nbsp;stable.&nbsp;<\/p>\n\n\n\n<ul><li><strong><span class=\"has-inline-color has-vivid-cyan-blue-color\">Conservation des cyanotypes<\/span><\/strong><\/li><\/ul>\n\n\n\n<p>Le cyanotype r\u00e9siste au temps \u00e0 condition que l\u2019on en prenne soin, comme toute \u0153uvre d\u2019art photographique.&nbsp;C\u2019est un objet rare d\u2019art vivant qui continue de palpiter apr\u00e8s sa cr\u00e9ation&nbsp;et de r\u00e9agir en interaction avec son environnement (eau, air, lumi\u00e8re).&nbsp;<strong>Il se conserve dans un lieu sans humidit\u00e9, \u00e0 l\u2019abri d\u2019un cadre et de la lumi\u00e8re directe du soleil dans la mesure du possible.<\/strong>&nbsp;Il peut \u00eatre pr\u00e9sent\u00e9 sous verre anti-UV de pr\u00e9f\u00e9rence, dans une pi\u00e8ce \u00e0 temp\u00e9rature \u00e9gale avec un \u00e9clairage modul\u00e9 en \u00e9vitant l\u2019ensoleillement fr\u00e9quent. Il peut \u00eatre conserv\u00e9 dans un album d\u2019art \u00e9galement. Tout d\u00e9pend du format choisi. Il est conseill\u00e9 d\u2019\u00e9viter l\u2019accrochage mural direct sans aucune protection.<\/p>\n\n\n\n<ul><li><strong>3. \u2013 <u>Prix et paiement&nbsp;<\/u><\/strong><\/li><\/ul>\n\n\n\n<p>Chaque cyanotype est fix\u00e9 \u00e0 prix divers TTC (tenant compte de la taille et du visuel repr\u00e9sent\u00e9) communicable sur demande aupr\u00e8s de l\u2019artiste via le formulaire<a href=\"https:\/\/laplumedeloiseaulyre.com\/?page_id=5771\" data-type=\"page\" data-id=\"5771\" target=\"_blank\" rel=\"noreferrer noopener\"> Contact<\/a>.&nbsp;<\/p>\n\n\n\n<p>La plupart des tirages sont livr\u00e9s non encadr\u00e9s. En cas de demande d\u2019encadrement sp\u00e9cifique, l\u2019artiste et le client se mettent d\u2019accord sur la m\u00e9thode et le prix souhait\u00e9s.&nbsp;<\/p>\n\n\n\n<p>Les prix nets propos\u00e9s par l\u2019artiste&nbsp;tiennent compte du fait que la&nbsp;TVA est non applicable selon l\u2019article 293B du CGI.&nbsp;<\/p>\n\n\n\n<ul><li><strong>4. <u>Acquisition physique de(s) l\u2019\u0153uvre (s)&nbsp;<\/u><\/strong><\/li><\/ul>\n\n\n\n<p>Apr\u00e8s accord oral ou \u00e9crit entre l\u2019acheteur et l\u2019artiste, le cyanotype est<strong>&nbsp;remis en main propre ou envoy\u00e9 par courrier postal.<\/strong>&nbsp;Le site internet&nbsp;<a href=\"http:\/\/www.laplumedeloiseaulyre.com\/\">www.laplumedeloiseaulyre.com<\/a>&nbsp;ne dispose pas d\u2019une boutique en ligne.&nbsp;<\/p>\n\n\n\n<p><strong>Pour la France m\u00e9tropolitaine<\/strong>, si un client souhaite un envoi postal, les frais postaux ou de livraison lui seront factur\u00e9s dans la mesure o\u00f9 ce dernier aura indiqu\u00e9 la m\u00e9thode qui lui convient le mieux et une adresse exacte avec ses coordonn\u00e9es. Il est \u00e0 la charge de l\u2019artiste d\u2019emballer correctement et d\u00e9cemment le(s) \u0153uvre(s) de fa\u00e7on ad\u00e9quate afin d\u2019\u00e9viter tout endommagement (carton renforc\u00e9, papier bulle et mention \u00ab&nbsp;ne pas plier&nbsp;\u00bb sur le paquet recto-verso).&nbsp;L\u2019envoi postal sera effectu\u00e9 en colis suivi.&nbsp;<\/p>\n\n\n\n<p>La date de d\u00e9part et les modalit\u00e9s d\u2019envoi de(s) l\u2019\u0153uvre (s) sont indiqu\u00e9es au client par sms ou mail.&nbsp;<\/p>\n\n\n\n<p><strong>Pour l\u2019\u00e9tranger<\/strong>, le processus sera similaire en tenant compte des frais aff\u00e9rents d\u2019envoi postal et des \u00e9ventuels droits de douane qui seront \u00e0 la charge du client.&nbsp;<\/p>\n\n\n\n<p><strong>L\u2019(les) \u0153uvre (s)  est (sont) r\u00e9gl\u00e9e (s) par le client apr\u00e8s r\u00e9ception en main propre ou par envoi postal<\/strong>,\u00a0dans les 30 jours maximum suivant la r\u00e9ception de la commande. Le paiement peut \u00eatre fait par virement bancaire, carte, ch\u00e8que ou liquide, sur pr\u00e9sentation d\u2019une facture envoy\u00e9e par l\u2019artiste par email. <\/p>\n\n\n\n<ul><li><strong>5. \u2013 <u>Garanties<\/u><\/strong><\/li><\/ul>\n\n\n\n<p>En de dommage par transport,\u00a0les preuves sont \u00e0 fournir sous quarante-huit heures apr\u00e8s r\u00e9ception. En cas de perte par transport, les preuves de non-r\u00e9ception sont \u00e0 fournir sous 10 jours apr\u00e8s la date d\u2019envoi par l\u2019artiste.\u00a0L\u2019artiste s\u2019engage \u00e0 proposer l\u2019envoi \u00e0 ses frais d\u2019une \u0153uvre similaire ou d\u2019un mod\u00e8le souhait\u00e9 par le client (en tenant compte du fait que chaque tirage est unique) ou d\u2019annuler la vente en remboursant int\u00e9gralement le client si jamais un versement avait \u00e9t\u00e9 effectu\u00e9. L&rsquo; (les) \u0153uvre(s) reste(nt) propri\u00e9t\u00e9 de l\u2019artiste tant qu\u2019elle(s) n\u2019a(ont) pas \u00e9t\u00e9 r\u00e9gl\u00e9e(s) par le client.\u00a0<\/p>\n\n\n\n<ul><li><strong>6. \u2013 <u>Droit de r\u00e9traction<\/u><\/strong><\/li><\/ul>\n\n\n\n<p>En vertu de l\u2019article L.211-18 du Code de la Consommation, le client dispose de 14 jours de r\u00e9tractation. Le retour de(s) l\u2019\u0153uvre(s) se fera en main propre ou par courrier postal. Les frais postaux seront \u00e0 la charge du client. Apr\u00e8s retour de(s) l\u2019\u0153uvre(s), il est alors proc\u00e9d\u00e9 au remboursement de(s) l\u2019\u0153uvre(s) par l\u2019artiste aupr\u00e8s du client si le paiement a d\u00e9j\u00e0 \u00e9t\u00e9 effectu\u00e9.\u00a0<\/p>\n\n\n\n<ul><li><strong>7. \u2013 <u>Acquisition num\u00e9rique de(s) l\u2019\u0153uvre (s)&nbsp;<\/u><\/strong><\/li><\/ul>\n\n\n\n<p>Apr\u00e8s accord du client et de l\u2019artiste et sous r\u00e9serve de signature du devis, le t\u00e9l\u00e9chargement du\/des visuel(s) est communicable sous trois jours ouvr\u00e9s. Le r\u00e8glement aupr\u00e8s de l\u2019artiste se fera sous 30 jours ouvr\u00e9s. Une fois le fichier communiqu\u00e9, le droit de r\u00e9tractation \u00e9voqu\u00e9 \u00e0 l\u2019article 6 des CGV ne s\u2019applique pas pour ce qui r\u00e9sulte d\u2019une vente de service\/produit num\u00e9rique personnalis\u00e9.&nbsp;&nbsp;<\/p>\n\n\n\n<ul><li><strong>8. \u2013  <u>Propri\u00e9t\u00e9 intellectuelle&nbsp;<\/u><\/strong><\/li><\/ul>\n\n\n\n<p>L\u2019achat conf\u00e8re&nbsp;une licence non exclusive d\u2019usage ; toute reproduction, adaptation ou diffusion publique n\u00e9cessite licence s\u00e9par\u00e9e. En cas de violation des droits de propri\u00e9t\u00e9 intellectuelle, le Code de la propri\u00e9t\u00e9 intellectuelle sera applicable et fera autorit\u00e9 via l\u2019avocat de l\u2019artiste qui sera saisi.&nbsp;<\/p>\n\n\n\n<ul><li><strong>9. \u2013&nbsp;<u style=\"font-weight: bold;\">Responsabilit\u00e9&nbsp;<\/u><\/strong><\/li><\/ul>\n\n\n\n<p>L\u2019artiste est tenue de respecter l\u2019envoi de la commande dans les d\u00e9lais. En cas d\u2019impossibilit\u00e9 ou de force majeure, elle en informera le client.&nbsp;<\/p>\n\n\n\n<ul><li><strong>10. \u2013 <u>Protection des donn\u00e9es personnelles&nbsp;<\/u><\/strong><\/li><\/ul>\n\n\n\n<p>L\u2019artiste s\u2019engage \u00e0 prot\u00e9ger la vie priv\u00e9e des personnes en ce qui concerne les donn\u00e9es \u00e0 caract\u00e8re personnel.&nbsp;<\/p>\n\n\n\n<p>L\u2019artiste met en place un traitement de donn\u00e9es personnelles qui a pour finalit\u00e9 la vente et la livraison de produits et services d\u00e9finis dans ces CGV conform\u00e9ment au R\u00e8glement 2016\/679 du 27 avril 2016 relatif \u00e0 la protection des personnes physiques \u00e0 l\u2019\u00e9gard du traitement des donn\u00e9es \u00e0 caract\u00e8re personnel et \u00e0 la libre circulation de ces donn\u00e9es<\/p>\n\n\n\n<p>L\u2019Artiste veille \u00e0 ce que ses pratiques et politique en mati\u00e8re de collecte, d\u2019utilisation, de conservation, de transfert et d\u2019acc\u00e8s aux donn\u00e9es \u00e0 caract\u00e8re personnel r\u00e9pondent aux exigences de la loi n\u00b078-17 relative \u00e0 l\u2019informatique, aux fichiers et aux libert\u00e9s du 6 janvier 1978 (et ses modifications ult\u00e9rieures) et du R\u00e8glement g\u00e9n\u00e9ral sur la protection des donn\u00e9es de l\u2019Union Europ\u00e9enne du 27 avril 2016 (le \u201d RGPD \u201c).<\/p>\n\n\n\n<ul><li><strong>11. <u>Droit et Litiges&nbsp;<\/u><\/strong><\/li><\/ul>\n\n\n\n<p>Droit fran\u00e7ais applicable. Code de la consommation.&nbsp;<\/p>\n","protected":false},"excerpt":{"rendered":"<p>\u00ab Conditions g\u00e9n\u00e9rales de vente \u2013 Vente de cyanotypes&nbsp;\u00bb&nbsp; 1. \u2013 Champ d\u2019application.&nbsp; Ces CGV s\u2019appliquent \u00e0 toute commande de cyanotypes physiques ou num\u00e9riques par une ou plusieurs personne (s), ou soci\u00e9t\u00e9, aupr\u00e8s de l\u2019artiste GLSG, SIRET 53764112800039, bas\u00e9e \u00e0&hellip;<\/p>\n<p class=\"more-link-p\"><a class=\"more-link\" href=\"http:\/\/laplumedeloiseaulyre.com\/?page_id=17176\">Read more &rarr;<\/a><\/p>\n","protected":false},"author":1,"featured_media":0,"parent":0,"menu_order":0,"comment_status":"closed","ping_status":"closed","template":"","meta":{"spay_email":""},"jetpack_shortlink":"https:\/\/wp.me\/P4lzfC-4t2","_links":{"self":[{"href":"http:\/\/laplumedeloiseaulyre.com\/index.php?rest_route=\/wp\/v2\/pages\/17176"}],"collection":[{"href":"http:\/\/laplumedeloiseaulyre.com\/index.php?rest_route=\/wp\/v2\/pages"}],"about":[{"href":"http:\/\/laplumedeloiseaulyre.com\/index.php?rest_route=\/wp\/v2\/types\/page"}],"author":[{"embeddable":true,"href":"http:\/\/laplumedeloiseaulyre.com\/index.php?rest_route=\/wp\/v2\/users\/1"}],"replies":[{"embeddable":true,"href":"http:\/\/laplumedeloiseaulyre.com\/index.php?rest_route=%2Fwp%2Fv2%2Fcomments&post=17176"}],"version-history":[{"count":4,"href":"http:\/\/laplumedeloiseaulyre.com\/index.php?rest_route=\/wp\/v2\/pages\/17176\/revisions"}],"predecessor-version":[{"id":17181,"href":"http:\/\/laplumedeloiseaulyre.com\/index.php?rest_route=\/wp\/v2\/pages\/17176\/revisions\/17181"}],"wp:attachment":[{"href":"http:\/\/laplumedeloiseaulyre.com\/index.php?rest_route=%2Fwp%2Fv2%2Fmedia&parent=17176"}],"curies":[{"name":"wp","href":"https:\/\/api.w.org\/{rel}","templated":true}]}}