{"id":16025,"date":"2024-11-11T22:33:29","date_gmt":"2024-11-11T22:33:29","guid":{"rendered":"http:\/\/laplumedeloiseaulyre.com\/?page_id=16025"},"modified":"2024-11-11T22:33:29","modified_gmt":"2024-11-11T22:33:29","slug":"ariane-et-thesee-gabrielle-de-lassus-saint-genies-poesie","status":"publish","type":"page","link":"http:\/\/laplumedeloiseaulyre.com\/?page_id=16025","title":{"rendered":"Ariane et Th\u00e9s\u00e9e &#8211; Gabrielle de Lassus Saint-Geni\u00e8s &#8211; Po\u00e9sie"},"content":{"rendered":"\n<p>Je meurs au buisson fou des armoises torrides<br>Que les jardins de Naxos firent s&rsquo;\u00e9panouir,<br>L&rsquo;unique m&rsquo;a laiss\u00e9e languir au chemin vide<br>Dans le fracas des regrets et du d\u00e9p\u00e9rir. <\/p>\n\n\n\n<p>\u00d4 labyrinthe ! <\/p>\n\n\n\n<p>Depuis ses faux adieux l&rsquo;attente me d\u00e9vore, <br>Trop lentement vient l&rsquo;heure o\u00f9 na\u00eetra son sourire,<br>Revient le leurre provoquant de chaque aurore<br>Allongeant ma m\u00e9moire en pleurs de souvenirs. <\/p>\n\n\n\n<p>\u00d4 labyrinthe de son coeur ! <\/p>\n\n\n\n<p><strong>\u00a9GLSG, 2006<\/strong><\/p>\n","protected":false},"excerpt":{"rendered":"<p>Je meurs au buisson fou des armoises torridesQue les jardins de Naxos firent s&rsquo;\u00e9panouir,L&rsquo;unique m&rsquo;a laiss\u00e9e languir au chemin videDans le fracas des regrets et du d\u00e9p\u00e9rir. \u00d4 labyrinthe ! Depuis ses faux adieux l&rsquo;attente me d\u00e9vore, Trop lentement vient&hellip;<\/p>\n<p class=\"more-link-p\"><a class=\"more-link\" href=\"http:\/\/laplumedeloiseaulyre.com\/?page_id=16025\">Read more &rarr;<\/a><\/p>\n","protected":false},"author":1,"featured_media":0,"parent":0,"menu_order":0,"comment_status":"closed","ping_status":"closed","template":"","meta":{"spay_email":""},"jetpack_shortlink":"https:\/\/wp.me\/P4lzfC-4at","_links":{"self":[{"href":"http:\/\/laplumedeloiseaulyre.com\/index.php?rest_route=\/wp\/v2\/pages\/16025"}],"collection":[{"href":"http:\/\/laplumedeloiseaulyre.com\/index.php?rest_route=\/wp\/v2\/pages"}],"about":[{"href":"http:\/\/laplumedeloiseaulyre.com\/index.php?rest_route=\/wp\/v2\/types\/page"}],"author":[{"embeddable":true,"href":"http:\/\/laplumedeloiseaulyre.com\/index.php?rest_route=\/wp\/v2\/users\/1"}],"replies":[{"embeddable":true,"href":"http:\/\/laplumedeloiseaulyre.com\/index.php?rest_route=%2Fwp%2Fv2%2Fcomments&post=16025"}],"version-history":[{"count":1,"href":"http:\/\/laplumedeloiseaulyre.com\/index.php?rest_route=\/wp\/v2\/pages\/16025\/revisions"}],"predecessor-version":[{"id":16027,"href":"http:\/\/laplumedeloiseaulyre.com\/index.php?rest_route=\/wp\/v2\/pages\/16025\/revisions\/16027"}],"wp:attachment":[{"href":"http:\/\/laplumedeloiseaulyre.com\/index.php?rest_route=%2Fwp%2Fv2%2Fmedia&parent=16025"}],"curies":[{"name":"wp","href":"https:\/\/api.w.org\/{rel}","templated":true}]}}