{"id":15737,"date":"2024-07-21T23:45:12","date_gmt":"2024-07-21T23:45:12","guid":{"rendered":"http:\/\/laplumedeloiseaulyre.com\/?page_id=15737"},"modified":"2024-10-22T10:42:19","modified_gmt":"2024-10-22T10:42:19","slug":"le-livre","status":"publish","type":"page","link":"http:\/\/laplumedeloiseaulyre.com\/?page_id=15737","title":{"rendered":"Le Livre"},"content":{"rendered":"\n<div class=\"wp-block-file\"><a href=\"http:\/\/laplumedeloiseaulyre.com\/wp-content\/uploads\/2024\/10\/2024_DP_Press_Kit_Herbier_marial_GLSG_-1.pdf\"><span class=\"has-inline-color has-vivid-green-cyan-color\"><strong>Cliquez ici pour t\u00e9l\u00e9charger le dossier presse\/press kit de l&rsquo;ouvrage<\/strong><\/span><\/a><a href=\"http:\/\/laplumedeloiseaulyre.com\/wp-content\/uploads\/2024\/10\/2024_DP_Press_Kit_Herbier_marial_GLSG_-1.pdf\" class=\"wp-block-file__button\" download>Download<\/a><\/div>\n\n\n\n<p><span class=\"has-inline-color has-vivid-green-cyan-color\"><strong>Cliquez ci-dessous pour lire la vid\u00e9o de pr\u00e9sentation de l&rsquo;ouvrage <em>L&rsquo;Herbier de la Vierge<\/em>. <\/strong><\/span><\/p>\n\n\n\n<figure class=\"wp-block-video\"><video controls src=\"http:\/\/laplumedeloiseaulyre.com\/wp-content\/uploads\/2024\/07\/Teaser_Herbier_Vierge_GLSG.mp4\"><\/video><figcaption><strong>Vid\u00e9o de pr\u00e9sentation du livre&nbsp;<\/strong><em><strong>L\u2019Herbier de la Vierge<\/strong>&nbsp;<\/em>\u00a9GLSG \u00a9Son David Tolk<\/figcaption><\/figure>\n\n\n\n<p><\/p>\n\n\n\n<div class=\"wp-block-image\"><figure class=\"aligncenter\"><img src=\"https:\/\/i0.wp.com\/laplumedeloiseaulyre.com\/wp-content\/uploads\/2024\/07\/Livre-recto-1.jpg?resize=768%2C1024\" alt=\"\" class=\"wp-image-15728\"\/><\/figure><\/div>\n\n\n\n<p><em>L\u2019Herbier de la Vierge<\/em>&nbsp;de Gabrielle de Lassus Saint-Geni\u00e8s est publi\u00e9 par l\u2019\u00e9diteur Erick Bonnier le 15 ao\u00fbt 2024.&nbsp;<strong>Ce livre artistique offre une m\u00e9ditation visuelle sur&nbsp;<em>Les Litanies de la Vierge<\/em>, c\u00e9l\u00e8bre pri\u00e8re universelle enrichie au cours des si\u00e8cles par diverses m\u00e9taphores et exquises images.<\/strong>&nbsp;Long po\u00e8me \u00e9gren\u00e9 par les voix des fid\u00e8les, g\u00e9n\u00e9ration apr\u00e8s g\u00e9n\u00e9ration depuis l\u2019\u00e9poque m\u00e9di\u00e9vale, cette s\u00e9rie d\u2019invocations exaltent les qualit\u00e9s de Notre-Dame.&nbsp;<strong>L\u2019ouvrage pr\u00e9sente 72 litanies traduites en cinq langues en regard (latin, fran\u00e7ais, anglais, italien, espagnol) ainsi que le nom des sp\u00e9cimens botaniques en fran\u00e7ais et en latin, accompagn\u00e9es d\u2019un cyanotype de l\u2019artiste, page apr\u00e8s page.&nbsp;<\/strong><\/p>\n\n\n\n<p><strong><em>L\u2019Herbier de la Vierge<\/em>&nbsp;a \u00e9t\u00e9 con\u00e7u entre 2022 et 2023 par l\u2019artiste et po\u00e9tesse Gabrielle de Lassus Saint-Geni\u00e8s en hommage \u00e0 cette pri\u00e8re, sous la forme d\u2019une m\u00e9ditation artistique<\/strong>. Elle a constitu\u00e9 un ensemble de 72 tirages uniques unissant des v\u00e9g\u00e9taux connus ou moins connus \u00e0 chaque stance des litanies gr\u00e2ce \u00e0 sa technique de pr\u00e9dilection : le cyanotype. Ce proc\u00e9d\u00e9 photographique n\u00e9 au XIXe&nbsp;si\u00e8cle unit les dons de la nature \u00e0 la lumi\u00e8re du soleil, le bleu de Prusse \u00e0 la fra\u00eecheur de l\u2019eau et au souffle de l\u2019air. Ces photogrammes botaniques bleu et blanc \u2013 aux \u00e9videntes couleurs mariales \u2013 se d\u00e9ploient comme<strong>&nbsp;une flore mystique<\/strong>. Une s\u00e9lection de 18 tirages sont expos\u00e9s \u00e0 Lourdes du 1er mai au 31 ao\u00fbt 2024.&nbsp;<\/p>\n\n\n\n<figure class=\"wp-block-image\"><img src=\"http:\/\/laplumedeloiseaulyre.com\/wp-content\/uploads\/2024\/07\/IMG_0164.heic\" alt=\"\" class=\"wp-image-15731\"\/><figcaption><strong>Litanie n\u00b048,&nbsp;<em>Electa ut sol<\/em>\/<em>Resplendissante comme le soleil<\/em><\/strong><\/figcaption><\/figure>\n\n\n\n<p><strong><em><a rel=\"noreferrer noopener\" href=\"https:\/\/www.vatican.va\/special\/rosary\/documents\/litanie-lauretane_fr.html\" target=\"_blank\">Les Litanies de Lorette&nbsp;<\/a><\/em>(1587) ont servi de base structurelle \u00e0 cet ensemble divis\u00e9 en quatre th\u00e8mes : M\u00e8re, Vierge, \u00c8ve Nouvelle et Reine<\/strong>. Elles ont \u00e9t\u00e9 volontairement modifi\u00e9es et renforc\u00e9es par l\u2019artiste avec des ajouts de formulations issues de la tradition m\u00e9di\u00e9vale mais aussi du XIXe jusqu\u2019au XXIe&nbsp;si\u00e8cle afin d\u2019en enrichir la po\u00e9sie et de mettre en valeur des litanies anciennes tout en les unissant aux adjonctions r\u00e9centes du pape Fran\u00e7ois en 2020. L\u2019universalit\u00e9 s\u00e9culaire du latin botanique fait \u00e9cho \u00e0 l\u2019universalit\u00e9 du latin de l\u2019\u00c9glise, ici r\u00e9unis au service d\u2019une louange envers le cosmos dans l\u2019esprit de<em><a rel=\"noreferrer noopener\" href=\"https:\/\/www.vatican.va\/content\/francesco\/fr\/encyclicals\/documents\/papa-francesco_20150524_enciclica-laudato-si.html\" target=\"_blank\">&nbsp;Laudato si\u2019<\/a><\/em>&nbsp;: la contemplation de la nature incite \u00e0 sa protection, sous l\u2019oeil de la Reine de toute la Cr\u00e9ation.<\/p>\n\n\n\n<figure class=\"wp-block-image\"><img src=\"http:\/\/laplumedeloiseaulyre.com\/wp-content\/uploads\/2024\/07\/IMG_0162.heic\" alt=\"\" class=\"wp-image-15733\"\/><figcaption><strong>Synoptique des 4 baies en fin d\u2019ouvrage<\/strong><\/figcaption><\/figure>\n\n\n\n<ul><li><span class=\"has-inline-color has-vivid-cyan-blue-color\">Pour acqu\u00e9rir l\u2019ouvrage,&nbsp;<a rel=\"noreferrer noopener\" href=\"https:\/\/www.erickbonnier-editions.com\/boutique\/L\u2019HERBIER-DE-LA-VIERGE-p677988363\" target=\"_blank\">cliquer ici&nbsp;<\/a><\/span><\/li><li><span class=\"has-inline-color has-vivid-cyan-blue-color\">Pour en savoir plus sur l\u2019oeuvre d\u2019art,<a rel=\"noreferrer noopener\" href=\"http:\/\/laplumedeloiseaulyre.com\/?page_id=15415\" target=\"_blank\">&nbsp;cliquer ici<\/a><\/span><\/li><\/ul>\n\n\n\n<ul><li><span class=\"has-inline-color has-luminous-vivid-orange-color\">S\u00e9ances de d\u00e9dicaces pr\u00e9vues avec l\u2019artiste \u00e0 la librairie du Sanctuaire de Lourdes<strong> les mardi 13, mercredi 14 et jeudi 15 ao\u00fbt 2024<\/strong> de 15h \u00e0 18h.<\/span><\/li><li><span class=\"has-inline-color has-luminous-vivid-orange-color\">S\u00e9ance de d\u00e9dicace pr\u00e9vue avec l&rsquo;artiste<strong> le jeudi 24 octobre 2024<\/strong> au 14e Salon des Femmes de Lettres de 19h \u00e0 21h, Cercle national des Arm\u00e9es, Paris 8e. <\/span><\/li><\/ul>\n\n\n\n<p><\/p>\n","protected":false},"excerpt":{"rendered":"<p>Cliquez ci-dessous pour lire la vid\u00e9o de pr\u00e9sentation de l&rsquo;ouvrage L&rsquo;Herbier de la Vierge. L\u2019Herbier de la Vierge&nbsp;de Gabrielle de Lassus Saint-Geni\u00e8s est publi\u00e9 par l\u2019\u00e9diteur Erick Bonnier le 15 ao\u00fbt 2024.&nbsp;Ce livre artistique offre une m\u00e9ditation visuelle sur&nbsp;Les Litanies&hellip;<\/p>\n<p class=\"more-link-p\"><a class=\"more-link\" href=\"http:\/\/laplumedeloiseaulyre.com\/?page_id=15737\">Read more &rarr;<\/a><\/p>\n","protected":false},"author":1,"featured_media":15728,"parent":0,"menu_order":0,"comment_status":"closed","ping_status":"closed","template":"","meta":{"spay_email":""},"jetpack_shortlink":"https:\/\/wp.me\/P4lzfC-45P","_links":{"self":[{"href":"http:\/\/laplumedeloiseaulyre.com\/index.php?rest_route=\/wp\/v2\/pages\/15737"}],"collection":[{"href":"http:\/\/laplumedeloiseaulyre.com\/index.php?rest_route=\/wp\/v2\/pages"}],"about":[{"href":"http:\/\/laplumedeloiseaulyre.com\/index.php?rest_route=\/wp\/v2\/types\/page"}],"author":[{"embeddable":true,"href":"http:\/\/laplumedeloiseaulyre.com\/index.php?rest_route=\/wp\/v2\/users\/1"}],"replies":[{"embeddable":true,"href":"http:\/\/laplumedeloiseaulyre.com\/index.php?rest_route=%2Fwp%2Fv2%2Fcomments&post=15737"}],"version-history":[{"count":8,"href":"http:\/\/laplumedeloiseaulyre.com\/index.php?rest_route=\/wp\/v2\/pages\/15737\/revisions"}],"predecessor-version":[{"id":15853,"href":"http:\/\/laplumedeloiseaulyre.com\/index.php?rest_route=\/wp\/v2\/pages\/15737\/revisions\/15853"}],"wp:featuredmedia":[{"embeddable":true,"href":"http:\/\/laplumedeloiseaulyre.com\/index.php?rest_route=\/wp\/v2\/media\/15728"}],"wp:attachment":[{"href":"http:\/\/laplumedeloiseaulyre.com\/index.php?rest_route=%2Fwp%2Fv2%2Fmedia&parent=15737"}],"curies":[{"name":"wp","href":"https:\/\/api.w.org\/{rel}","templated":true}]}}