{"id":15417,"date":"2024-04-16T22:55:23","date_gmt":"2024-04-16T22:55:23","guid":{"rendered":"http:\/\/laplumedeloiseaulyre.com\/?page_id=15417"},"modified":"2024-05-18T19:54:21","modified_gmt":"2024-05-18T19:54:21","slug":"communique-de-presse-press-kit-3","status":"publish","type":"page","link":"http:\/\/laplumedeloiseaulyre.com\/?page_id=15417","title":{"rendered":"Communiqu\u00e9 de presse d&rsquo;artiste\/Artist Press kit"},"content":{"rendered":"\n<div class=\"wp-block-file\"><a href=\"http:\/\/laplumedeloiseaulyre.com\/wp-content\/uploads\/2024\/05\/7_DP_Herbier_Vierge__compressed.pdf\">T\u00e9l\u00e9charger le dossier presse d&rsquo;artiste de <em>L&rsquo;Herbier de la Vierge<\/em><\/a><a href=\"http:\/\/laplumedeloiseaulyre.com\/wp-content\/uploads\/2024\/05\/7_DP_Herbier_Vierge__compressed.pdf\" class=\"wp-block-file__button\" download>Download<\/a><\/div>\n\n\n\n<p><span class=\"has-inline-color has-vivid-red-color\">Pour des questions de poids de fichier ce dernier a \u00e9t\u00e9 compress\u00e9. Il est disponible en version HD <a rel=\"noreferrer noopener\" href=\"http:\/\/laplumedeloiseaulyre.com\/?page_id=5771\" data-type=\"page\" data-id=\"5771\" target=\"_blank\">sur demande aupr\u00e8s de l\u2019artiste<\/a><\/span><\/p>\n\n\n\n<p><strong>Articles de Presse<\/strong><\/p>\n\n\n\n<p><\/p>\n\n\n\n<div class=\"wp-block-file\"><a href=\"http:\/\/laplumedeloiseaulyre.com\/wp-content\/uploads\/2024\/05\/Lherbier-de-la-Vierge_-u-ne-exposition-de-cyanotypes-a-decouvrir-au-sanctuaire-d-e-Lourdes-ladepeche.fr_-1.pdf\"><a rel=\"noreferrer noopener\" href=\"https:\/\/www.ladepeche.fr\/2024\/04\/30\/lherbier-de-la-vierge-une-exposition-de-cyanotypes-a-decouvrir-au-sanctuaire-de-lourdes-11923145.php\" target=\"_blank\">La D\u00e9p\u00eache du Midi<\/a> (30 avril 2024) &#8211; Article r\u00e9serv\u00e9 aux abonn\u00e9s : cliquez ici pour avoir acc\u00e8s au texte complet<\/a><a href=\"http:\/\/laplumedeloiseaulyre.com\/wp-content\/uploads\/2024\/05\/Lherbier-de-la-Vierge_-u-ne-exposition-de-cyanotypes-a-decouvrir-au-sanctuaire-d-e-Lourdes-ladepeche.fr_-1.pdf\" class=\"wp-block-file__button\" download>Download<\/a><\/div>\n\n\n\n<p><a rel=\"noreferrer noopener\" href=\"https:\/\/lourdesactu.fr\/2024\/05\/02\/lourdes-le-sanctuaire-vous-invite-a-decouvrir-lexpo-lherbier-de-la-vierge-de-gabrielle-de-lassus-a-partir-de-debut-mai\/\" target=\"_blank\">Lourdes Actu<\/a> (mai 2024)<\/p>\n\n\n\n<figure class=\"wp-block-image size-large\"><img loading=\"lazy\" width=\"720\" height=\"1020\" src=\"https:\/\/i2.wp.com\/laplumedeloiseaulyre.com\/wp-content\/uploads\/2024\/04\/Affiche_HDV.png?resize=720%2C1020\" alt=\"\" class=\"wp-image-15421\" srcset=\"https:\/\/i2.wp.com\/laplumedeloiseaulyre.com\/wp-content\/uploads\/2024\/04\/Affiche_HDV.png?w=720 720w, https:\/\/i2.wp.com\/laplumedeloiseaulyre.com\/wp-content\/uploads\/2024\/04\/Affiche_HDV.png?resize=212%2C300 212w, https:\/\/i2.wp.com\/laplumedeloiseaulyre.com\/wp-content\/uploads\/2024\/04\/Affiche_HDV.png?resize=560%2C793 560w, https:\/\/i2.wp.com\/laplumedeloiseaulyre.com\/wp-content\/uploads\/2024\/04\/Affiche_HDV.png?resize=160%2C227 160w\" sizes=\"(max-width: 720px) 100vw, 720px\" data-recalc-dims=\"1\" \/><\/figure>\n\n\n\n<p><\/p>\n","protected":false},"excerpt":{"rendered":"<p>Pour des questions de poids de fichier ce dernier a \u00e9t\u00e9 compress\u00e9. Il est disponible en version HD sur demande aupr\u00e8s de l\u2019artiste Articles de Presse Lourdes Actu (mai 2024)<\/p>\n<p class=\"more-link-p\"><a class=\"more-link\" href=\"http:\/\/laplumedeloiseaulyre.com\/?page_id=15417\">Read more &rarr;<\/a><\/p>\n","protected":false},"author":1,"featured_media":15421,"parent":0,"menu_order":0,"comment_status":"closed","ping_status":"closed","template":"","meta":{"spay_email":""},"jetpack_shortlink":"https:\/\/wp.me\/P4lzfC-40F","_links":{"self":[{"href":"http:\/\/laplumedeloiseaulyre.com\/index.php?rest_route=\/wp\/v2\/pages\/15417"}],"collection":[{"href":"http:\/\/laplumedeloiseaulyre.com\/index.php?rest_route=\/wp\/v2\/pages"}],"about":[{"href":"http:\/\/laplumedeloiseaulyre.com\/index.php?rest_route=\/wp\/v2\/types\/page"}],"author":[{"embeddable":true,"href":"http:\/\/laplumedeloiseaulyre.com\/index.php?rest_route=\/wp\/v2\/users\/1"}],"replies":[{"embeddable":true,"href":"http:\/\/laplumedeloiseaulyre.com\/index.php?rest_route=%2Fwp%2Fv2%2Fcomments&post=15417"}],"version-history":[{"count":17,"href":"http:\/\/laplumedeloiseaulyre.com\/index.php?rest_route=\/wp\/v2\/pages\/15417\/revisions"}],"predecessor-version":[{"id":15595,"href":"http:\/\/laplumedeloiseaulyre.com\/index.php?rest_route=\/wp\/v2\/pages\/15417\/revisions\/15595"}],"wp:featuredmedia":[{"embeddable":true,"href":"http:\/\/laplumedeloiseaulyre.com\/index.php?rest_route=\/wp\/v2\/media\/15421"}],"wp:attachment":[{"href":"http:\/\/laplumedeloiseaulyre.com\/index.php?rest_route=%2Fwp%2Fv2%2Fmedia&parent=15417"}],"curies":[{"name":"wp","href":"https:\/\/api.w.org\/{rel}","templated":true}]}}