{"id":15291,"date":"2023-09-29T20:20:00","date_gmt":"2023-09-29T20:20:00","guid":{"rendered":"http:\/\/laplumedeloiseaulyre.com\/?page_id=15291"},"modified":"2025-01-08T20:01:22","modified_gmt":"2025-01-08T20:01:22","slug":"peindre-les-yeux-clos-et-les-pieds-nus-de-la-foi","status":"publish","type":"page","link":"http:\/\/laplumedeloiseaulyre.com\/?page_id=15291","title":{"rendered":"Peindre les yeux clos et les pieds nus de la Foi (un tableau de George Dunlop Leslie)"},"content":{"rendered":"\n<figure class=\"wp-block-pullquote\"><blockquote><p><em>Peintre britannique m\u00e9connu de l\u2019\u00e9poque victorienne et membre de l\u2019Acad\u00e9mie royale d\u2019arts, George Dunlop Leslie s\u2019est sp\u00e9cialis\u00e9 dans la repr\u00e9sentation de sc\u00e8nes de genre et d\u2019all\u00e9gories en s\u2019inspirant du style pr\u00e9rapha\u00e9lite en vogue \u00e0 l\u2019\u00e9poque. Son tableau&nbsp;<\/em>La Foi<em>, conserv\u00e9 \u00e0 la Ferens Art Gallery dans la ville d\u2019Hull en Angleterre (Yorkshire), pr\u00e9sente une figure de la foi originale.<\/em><\/p><\/blockquote><\/figure>\n\n\n\n<div class=\"wp-block-image\"><figure class=\"aligncenter size-large\"><img loading=\"lazy\" width=\"400\" height=\"700\" src=\"https:\/\/i0.wp.com\/laplumedeloiseaulyre.com\/wp-content\/uploads\/2024\/02\/3711397797.jpg?resize=400%2C700\" alt=\"\" class=\"wp-image-15293\" srcset=\"https:\/\/i0.wp.com\/laplumedeloiseaulyre.com\/wp-content\/uploads\/2024\/02\/3711397797.jpg?w=400 400w, https:\/\/i0.wp.com\/laplumedeloiseaulyre.com\/wp-content\/uploads\/2024\/02\/3711397797.jpg?resize=171%2C300 171w, https:\/\/i0.wp.com\/laplumedeloiseaulyre.com\/wp-content\/uploads\/2024\/02\/3711397797.jpg?resize=160%2C280 160w\" sizes=\"(max-width: 400px) 100vw, 400px\" data-recalc-dims=\"1\" \/><figcaption><strong>George Dunlop Leslie (1835-1921),&nbsp;<em>La Foi<\/em><\/strong><em>,&nbsp;<\/em>1858, huile sur toile, 59.2&#215;35.1cm \u00a9Hull, Ferens Art Gallery<\/figcaption><\/figure><\/div>\n\n\n\n<p>Le th\u00e8me de l\u2019aveuglement jalonne les textes de l\u2019Ancien et du Nouveau Testament. Nombreux sont les non-voyants, les mal-voyants cit\u00e9s comme Bartim\u00e9e, aveugle de naissance et gu\u00e9ri par le Christ ou l\u2019aveugle de B\u00e9thsa\u00efde sur les paupi\u00e8res duquel J\u00e9sus impose les mains et met de la salive deux fois afin qu\u2019il retrouve la vue. Songeons aussi \u00e0 la proph\u00e9tie de J\u00e9r\u00e9mie cit\u00e9e par le Christ : \u00ab Ils ont des yeux et ne voient point, ils ont des oreilles et n\u2019entendent point \u00bb (5:21) ou encore \u00e0 \u00ab Un aveugle peut-il guider un autre aveugle ? \u00bb&nbsp; (Lc 6, 39-42). <strong>L\u2019aveuglement physique poss\u00e8de deux symboliques majeures : soit il s\u2019agit d\u2019une m\u00e9taphore de l\u2019aveuglement spirituel avant la r\u00e9v\u00e9lation de la lumi\u00e8re du Salut, soit il s\u2019agit d\u2019un symbole de foi comme dans la peinture de Dunlop Leslie<\/strong>. D\u2019ailleurs le peintre n&rsquo;invente pas sp\u00e9cifiquement ce th\u00e8me car les symboles des trois vertus th\u00e9ologales sont fix\u00e9s depuis plusieurs si\u00e8cles d\u00e9j\u00e0 par la Tradition : &nbsp; l\u2019Esp\u00e9rance est associ\u00e9e \u00e0 l\u2019ancre, la Charit\u00e9 est assimil\u00e9e \u00e0 un c\u0153ur enflamm\u00e9 et la Foi\u2026est repr\u00e9sent\u00e9e par une femme qui marche avec confiance, les yeux voil\u00e9s ou clos.&nbsp;<\/p>\n\n\n\n<p>La petite peinture de Dunlop Leslie \u00e9tonne par la modernit\u00e9 du traitement de ce th\u00e8me all\u00e9gorique de la Foi, ici inspir\u00e9 par la vie domestique anglaise du XIXe si\u00e8cle. <strong>L\u2019artiste repr\u00e9sente une jeune femme qui entre dans un jardin cern\u00e9 par une palissade de bois h\u00e9riss\u00e9e de dents m\u00e9talliques<\/strong>. Pieds-nus, les yeux mi-clos, elle tient un grand roseau ou massette (<em>Typha latifolia<\/em>) souple en guise de sceptre, symbole de l\u2019\u00e9vangile et de la Loi qui guide l\u2019\u00eatre humain dans sa qu\u00eate de v\u00e9rit\u00e9. D\u2019ailleurs l\u2019on distingue une rivi\u00e8re bord\u00e9e de touffes de roseaux en arri\u00e8re-fond.&nbsp;<\/p>\n\n\n\n<p>Sa robe bleue et blanche est ceinte d\u2019une draperie rouge vif retenue comme une cape par un fermoir en m\u00e9tal ouvrag\u00e9 au motif central cordiforme. Ses cheveux bruns sont d\u00e9ploy\u00e9s sur ses \u00e9paules. <strong>La description botanique est particuli\u00e8rement minutieuse, notamment dans les traits de pinceau des brins d\u2019herbe tr\u00e8s pr\u00e9cis rehauss\u00e9s de touches blanches pour augmenter l\u2019impression d\u2019ensoleillement du sol vert tendre.<\/strong>&nbsp;&nbsp;&nbsp;<\/p>\n\n\n\n<p>Le sujet de la porte de l\u2019incroyance qui s\u2019ouvre gr\u00e2ce \u00e0 la foi est une forme de r\u00e9ponse de Dunlop Leslie \u00e0 la c\u00e9l\u00e8bre peinture de William Holman Hunt intitul\u00e9e&nbsp;<em>La Lumi\u00e8re du Monde&nbsp;<\/em>(1853-54, Keble College, Oxford) qui repr\u00e9sentait le Christ frappant \u00e0 la porte de l\u2019\u00e2me ferm\u00e9e et recouverte de lierres et d\u2019herbes envahissantes. En 1858, un autre peintre d\u00e9cide lui d\u2019imaginer la Foi, naturelle et fra\u00eeche comme cette jeune femme qui pousse la porte close de l\u2019\u00e2me ferm\u00e9e dont elle vient de tourner la clef &#8211; encore pr\u00e9sente dans la serrure : le lierre du doute qui la barrait est rompu, les ronces de l\u2019incroyance qui rampaient sont coup\u00e9es, les vrilles du p\u00e9ch\u00e9 sont comme domestiqu\u00e9es, les piques m\u00e9talliques de la palissade de l\u2019irr\u00e9ligion sont vaincues. Ne laissera-t-elle pas derri\u00e8re elle la porte grande ouverte pour que d\u2019autres puissent y entrer aussi ? <strong>D\u00e9sormais les yeux de l\u2019\u00e2me peuvent voir la lumi\u00e8re du monde \u00e0 l\u2019image des paupi\u00e8res de cette jeune fille qui s\u2019entrouvrent.&nbsp; <\/strong>Puisse-t-elle nous faire m\u00e9diter sur l\u2019innocente c\u00e9cit\u00e9 de la chair, sur la coupable c\u00e9cit\u00e9 du c\u0153ur et sur la divine c\u00e9cit\u00e9 de la Foi par laquelle le Dieu cach\u00e9 veut se r\u00e9v\u00e9ler \u00e0 ceux qui le cherchent avec droiture.&nbsp;<\/p>\n\n\n\n<p><a href=\"\"><\/a><span class=\"has-inline-color has-vivid-cyan-blue-color\"><strong>\u00a9GLSG<\/strong>, Article pour la&nbsp;rubrique&nbsp;Art et Foi in&nbsp;<em>Chemin d\u2019\u00c9ternit\u00e9, Revue du Sanctuaire Notre-Dame de Montligeon<\/em>, n\u00b0317, Octobre-Novembre-D\u00e9cembre 2023, pp.20-21<\/span><\/p>\n","protected":false},"excerpt":{"rendered":"<p>Peintre britannique m\u00e9connu de l\u2019\u00e9poque victorienne et membre de l\u2019Acad\u00e9mie royale d\u2019arts, George Dunlop Leslie s\u2019est sp\u00e9cialis\u00e9 dans la repr\u00e9sentation de sc\u00e8nes de genre et d\u2019all\u00e9gories en s\u2019inspirant du style pr\u00e9rapha\u00e9lite en vogue \u00e0 l\u2019\u00e9poque. Son tableau&nbsp;La Foi, conserv\u00e9 \u00e0&hellip;<\/p>\n<p class=\"more-link-p\"><a class=\"more-link\" href=\"http:\/\/laplumedeloiseaulyre.com\/?page_id=15291\">Read more &rarr;<\/a><\/p>\n","protected":false},"author":1,"featured_media":15293,"parent":0,"menu_order":0,"comment_status":"closed","ping_status":"closed","template":"","meta":{"spay_email":""},"jetpack_shortlink":"https:\/\/wp.me\/P4lzfC-3YD","_links":{"self":[{"href":"http:\/\/laplumedeloiseaulyre.com\/index.php?rest_route=\/wp\/v2\/pages\/15291"}],"collection":[{"href":"http:\/\/laplumedeloiseaulyre.com\/index.php?rest_route=\/wp\/v2\/pages"}],"about":[{"href":"http:\/\/laplumedeloiseaulyre.com\/index.php?rest_route=\/wp\/v2\/types\/page"}],"author":[{"embeddable":true,"href":"http:\/\/laplumedeloiseaulyre.com\/index.php?rest_route=\/wp\/v2\/users\/1"}],"replies":[{"embeddable":true,"href":"http:\/\/laplumedeloiseaulyre.com\/index.php?rest_route=%2Fwp%2Fv2%2Fcomments&post=15291"}],"version-history":[{"count":4,"href":"http:\/\/laplumedeloiseaulyre.com\/index.php?rest_route=\/wp\/v2\/pages\/15291\/revisions"}],"predecessor-version":[{"id":16216,"href":"http:\/\/laplumedeloiseaulyre.com\/index.php?rest_route=\/wp\/v2\/pages\/15291\/revisions\/16216"}],"wp:featuredmedia":[{"embeddable":true,"href":"http:\/\/laplumedeloiseaulyre.com\/index.php?rest_route=\/wp\/v2\/media\/15293"}],"wp:attachment":[{"href":"http:\/\/laplumedeloiseaulyre.com\/index.php?rest_route=%2Fwp%2Fv2%2Fmedia&parent=15291"}],"curies":[{"name":"wp","href":"https:\/\/api.w.org\/{rel}","templated":true}]}}