{"id":15266,"date":"2018-06-28T17:49:00","date_gmt":"2018-06-28T17:49:00","guid":{"rendered":"http:\/\/laplumedeloiseaulyre.com\/?page_id=15266"},"modified":"2024-06-03T23:41:09","modified_gmt":"2024-06-03T23:41:09","slug":"quand-un-peintre-medite-sur-la-mort-de-sa-fille-lange-dhorace-vernet","status":"publish","type":"page","link":"http:\/\/laplumedeloiseaulyre.com\/?page_id=15266","title":{"rendered":"Quand un peintre m\u00e9dite sur la mort de sa fille. L\u2019ange d\u2019Horace Vernet."},"content":{"rendered":"\n<figure class=\"wp-block-pullquote\"><blockquote><p><strong>Le peintre Horace Vernet (1789-1863) a la douleur de perdre sa fille Louise \u00e2g\u00e9e de 31 ans. Quelques ann\u00e9es plus tard, il peint en 1851 l\u2019all\u00e9gorie de sa mort dans un tableau spectaculaire intitul\u00e9\u00a0<em>L\u2019Ange de la mort<\/em>, conserv\u00e9 au\u00a0<a rel=\"noreferrer noopener\" href=\"https:\/\/www.hermitagemuseum.org\/wps\/portal\/hermitage\/digital-collection\/01.+Paintings\/37074\" target=\"_blank\">mus\u00e9e de l\u2019Ermitage de Saint-P\u00e9tersbourg<\/a>.*<\/strong><\/p><\/blockquote><\/figure>\n\n\n\n<p class=\"has-text-align-center\"><img loading=\"lazy\" width=\"831\" height=\"1111\" srcset=\"https:\/\/i2.wp.com\/laplumedeloiseaulyre.com\/wp-content\/uploads\/2018\/08\/\u00c9mile-Jean-Horace-Vernet-Angel-of-Death-1851-via-the-beauty-of-art.jpg?w=831 831w, https:\/\/i2.wp.com\/laplumedeloiseaulyre.com\/wp-content\/uploads\/2018\/08\/\u00c9mile-Jean-Horace-Vernet-Angel-of-Death-1851-via-the-beauty-of-art.jpg?resize=224%2C300 224w, https:\/\/i2.wp.com\/laplumedeloiseaulyre.com\/wp-content\/uploads\/2018\/08\/\u00c9mile-Jean-Horace-Vernet-Angel-of-Death-1851-via-the-beauty-of-art.jpg?resize=768%2C1027 768w, https:\/\/i2.wp.com\/laplumedeloiseaulyre.com\/wp-content\/uploads\/2018\/08\/\u00c9mile-Jean-Horace-Vernet-Angel-of-Death-1851-via-the-beauty-of-art.jpg?resize=766%2C1024 766w, https:\/\/i2.wp.com\/laplumedeloiseaulyre.com\/wp-content\/uploads\/2018\/08\/\u00c9mile-Jean-Horace-Vernet-Angel-of-Death-1851-via-the-beauty-of-art.jpg?resize=560%2C749 560w, https:\/\/i2.wp.com\/laplumedeloiseaulyre.com\/wp-content\/uploads\/2018\/08\/\u00c9mile-Jean-Horace-Vernet-Angel-of-Death-1851-via-the-beauty-of-art.jpg?resize=160%2C214 160w\" src=\"https:\/\/i2.wp.com\/laplumedeloiseaulyre.com\/wp-content\/uploads\/2018\/08\/\u00c9mile-Jean-Horace-Vernet-Angel-of-Death-1851-via-the-beauty-of-art.jpg?resize=831%2C1111\" alt=\"\"><\/p>\n\n\n\n<p id=\"caption-attachment-8701\"><strong>Horace Vernet (1789-1863)<\/strong>&nbsp;<strong><em>L\u2019Ange de la mor<\/em>t (all\u00e9gorie de la mort de la fille de l\u2019artiste)<\/strong>, 1851, huile sur toile, Saint-P\u00e9tersbourg, Mus\u00e9e de l\u2019Ermitage \u00a9Mus\u00e9e de l\u2019Ermitage<\/p>\n\n\n\n<p>Un terrible ange obscur emporte le corps d\u2019une jeune femme \u00e9th\u00e9r\u00e9e, laissant un jeune homme \u00e9plor\u00e9 au bord du lit de celle qui est en train de mourir. L\u2019\u0153uvre frappe par son aspect romantique, voire fantastique.&nbsp;<strong>La sc\u00e8ne, baign\u00e9e dans une lumi\u00e8re surnaturelle, pr\u00e9sente pourtant une trag\u00e9die bien concr\u00e8te car l\u2019artiste et ses proches l\u2019ont v\u00e9cue dans leur chair.<\/strong>&nbsp;Quand elle meurt en 1845, Louise Vernet laisse deux enfants en bas-\u00e2ge et un \u00e9poux inconsolable, Paul Delaroche. Il est lui-m\u00eame peintre et laisse de sa femme&nbsp;<a href=\"https:\/\/art.rmngp.fr\/fr\/library\/artworks\/paul-delaroche_louise-vernet-la-femme-de-l-artiste-sur-son-lit-de-mort_huile-sur-toile_1845\" target=\"_blank\" rel=\"noreferrer noopener\">un portrait mortuaire poignant<\/a>. Elle l\u2019a rencontr\u00e9 \u00e0 l\u2019Acad\u00e9mie de France \u00e0 Rome, que son p\u00e8re dirige de 1829 \u00e0 1834.<\/p>\n\n\n\n<p>Avec la mort de sa fille, l\u2019artiste a souffert son propre chemin de croix. Il a p\u00e9n\u00e9tr\u00e9 l\u2019intimit\u00e9 de toutes les stations menant au Calvaire, m\u00e9ditant sur les T\u00e9n\u00e8bres. Il est pass\u00e9 par le myst\u00e8re du Vendredi Saint qui lui a permis de faire sien le cri poignant du Crucifi\u00e9&nbsp;:&nbsp;<em>\u00ab&nbsp;P\u00e8re, pourquoi m\u2019as-tu abandonn\u00e9&nbsp;?\u00bb.&nbsp;<\/em>Mais, peintre du&nbsp;<em>Credo<\/em>, il se concentre maintenant sur le dernier myst\u00e8re, c\u2019est \u00e0 dire le plus grand, celui de la R\u00e9surrection du Sauveur qui anticipe toutes les r\u00e9surrections des corps \u00e0 venir.<strong>&nbsp;L\u2019art devient le support de sa m\u00e9ditation, il arrache l\u2019homme \u00e0 la mat\u00e9rialit\u00e9 pour hisser son \u00eatre vers le souffle de l\u2019Esprit consolateur.<\/strong><\/p>\n\n\n\n<p>Exemplifiant le triomphe de la vie divine dans la nature humaine, Horace Vernet rend hommage \u00e0 la pi\u00e9t\u00e9 sereine de sa fille et t\u00e9moigne de sa propre foi, de fa\u00e7on saisissante. La silhouette de la jeune Louise, entre terre et ciel, ressemble d\u00e9j\u00e0 au corps glorieux de la R\u00e9surrection.\u00a0<strong>Elle se tient presque debout, forte dans sa confiance face \u00e0 l\u2019ange fatal, lequel appara\u00eet inexpressif et inerte.\u00a0<\/strong>Il l\u2019\u00e9treint mais elle lui \u00e9chappe d\u00e9j\u00e0, l\u00e9g\u00e8re comme la vie face \u00e0 la pesanteur du n\u00e9ant. Certes, Vernet \u00e9voque la tentation du d\u00e9sespoir en montrant le personnage prostr\u00e9 au premier plan, toutefois les mains jointes en pri\u00e8re du jeune homme annoncent la victoire de l\u2019esp\u00e9rance.\u00a0<strong>Cette victoire est magnifi\u00e9e au moyen de nombreux symboles\u00a0<\/strong>: le rameau de buis b\u00e9ni, le tableau de la Vierge des Sept Douleurs qui veille dans l\u2019ombre, le rayon \u00e9tincelant de lumi\u00e8re tombant \u00e0 la verticale, la lampe suspendue ou le livre ouvert sur la Parole Sainte. La jeune fille, irradiant de tons blancs, se dresse au centre du tableau tel un ange de la R\u00e9surrection. Gr\u00e2ce \u00e0 un habile jeu de perspective, son corps emprunte les ailes de l\u2019ange obscur pour les sublimer dans sa propre clart\u00e9. Ne semble-t-elle pas murmurer, elle aussi, levant son index vers le Ciel :\u00a0       <em>\u00ab Pourquoi cherchez-vous parmi les morts celui qui est vivant ?\u00a0\u00bb\u00a0<\/em>(Luc, 24-5)\u00a0<strong>Aucune Beaut\u00e9 ne se perd tant que l\u2019\u00e2me prie et esp\u00e8re.<\/strong><\/p>\n\n\n\n<p><span class=\"has-inline-color has-vivid-cyan-blue-color\"><strong>\u00a9GLSG<\/strong>, Article publi\u00e9 dans la revue\u00a0<em>Chemin d\u2019\u00c9ternit\u00e9<\/em>, n\u00b0287, juillet-ao\u00fbt 2018, pp.24-25.<\/span><\/p>\n\n\n\n<p>*<a rel=\"noreferrer noopener\" href=\"https:\/\/www.sothebys.com\/en\/auctions\/ecatalogue\/2011\/collection-fabius-pf1124\/lot.143.html?locale=zh-Hant\" target=\"_blank\">Voir l&rsquo;esquisse pr\u00e9paratoire du tableau vendue chez Sotheby&rsquo;s (lot 143, vente Collection Fabius, octobre 2011) <\/a><\/p>\n\n\n\n<div class=\"wp-block-image\"><figure class=\"aligncenter size-large\"><img loading=\"lazy\" width=\"779\" height=\"1024\" src=\"https:\/\/i0.wp.com\/laplumedeloiseaulyre.com\/wp-content\/uploads\/2024\/02\/Capture-decran-2024-02-29-a-18.55.27.png?resize=779%2C1024\" alt=\"\" class=\"wp-image-15272\" srcset=\"https:\/\/i0.wp.com\/laplumedeloiseaulyre.com\/wp-content\/uploads\/2024\/02\/Capture-decran-2024-02-29-a-18.55.27.png?resize=779%2C1024 779w, https:\/\/i0.wp.com\/laplumedeloiseaulyre.com\/wp-content\/uploads\/2024\/02\/Capture-decran-2024-02-29-a-18.55.27.png?resize=228%2C300 228w, https:\/\/i0.wp.com\/laplumedeloiseaulyre.com\/wp-content\/uploads\/2024\/02\/Capture-decran-2024-02-29-a-18.55.27.png?resize=768%2C1010 768w, https:\/\/i0.wp.com\/laplumedeloiseaulyre.com\/wp-content\/uploads\/2024\/02\/Capture-decran-2024-02-29-a-18.55.27.png?resize=560%2C736 560w, https:\/\/i0.wp.com\/laplumedeloiseaulyre.com\/wp-content\/uploads\/2024\/02\/Capture-decran-2024-02-29-a-18.55.27.png?resize=160%2C210 160w, https:\/\/i0.wp.com\/laplumedeloiseaulyre.com\/wp-content\/uploads\/2024\/02\/Capture-decran-2024-02-29-a-18.55.27.png?w=858 858w\" sizes=\"(max-width: 779px) 100vw, 779px\" data-recalc-dims=\"1\" \/><figcaption>(Esquisse pr\u00e9paratoire) <br><strong>\u00c9mile-Jean-Horace Vernet, <em>L&rsquo;ange de la mort<\/em> ou<em> La Jeune fille et la mort<\/em><\/strong>, <br>sign\u00e9 et dat\u00e9 en bas \u00e0 gauche\u00a0H Vernet 1841, huile sur\u00a0carton,<br>40&#215;28 cm \u00a9Sotheby&rsquo;s<\/figcaption><\/figure><\/div>\n","protected":false},"excerpt":{"rendered":"<p>Le peintre Horace Vernet (1789-1863) a la douleur de perdre sa fille Louise \u00e2g\u00e9e de 31 ans. Quelques ann\u00e9es plus tard, il peint en 1851 l\u2019all\u00e9gorie de sa mort dans un tableau spectaculaire intitul\u00e9\u00a0L\u2019Ange de la mort, conserv\u00e9 au\u00a0mus\u00e9e de&hellip;<\/p>\n<p class=\"more-link-p\"><a class=\"more-link\" href=\"http:\/\/laplumedeloiseaulyre.com\/?page_id=15266\">Read more &rarr;<\/a><\/p>\n","protected":false},"author":1,"featured_media":8701,"parent":0,"menu_order":0,"comment_status":"closed","ping_status":"closed","template":"","meta":{"spay_email":""},"jetpack_shortlink":"https:\/\/wp.me\/P4lzfC-3Ye","_links":{"self":[{"href":"http:\/\/laplumedeloiseaulyre.com\/index.php?rest_route=\/wp\/v2\/pages\/15266"}],"collection":[{"href":"http:\/\/laplumedeloiseaulyre.com\/index.php?rest_route=\/wp\/v2\/pages"}],"about":[{"href":"http:\/\/laplumedeloiseaulyre.com\/index.php?rest_route=\/wp\/v2\/types\/page"}],"author":[{"embeddable":true,"href":"http:\/\/laplumedeloiseaulyre.com\/index.php?rest_route=\/wp\/v2\/users\/1"}],"replies":[{"embeddable":true,"href":"http:\/\/laplumedeloiseaulyre.com\/index.php?rest_route=%2Fwp%2Fv2%2Fcomments&post=15266"}],"version-history":[{"count":5,"href":"http:\/\/laplumedeloiseaulyre.com\/index.php?rest_route=\/wp\/v2\/pages\/15266\/revisions"}],"predecessor-version":[{"id":15710,"href":"http:\/\/laplumedeloiseaulyre.com\/index.php?rest_route=\/wp\/v2\/pages\/15266\/revisions\/15710"}],"wp:featuredmedia":[{"embeddable":true,"href":"http:\/\/laplumedeloiseaulyre.com\/index.php?rest_route=\/wp\/v2\/media\/8701"}],"wp:attachment":[{"href":"http:\/\/laplumedeloiseaulyre.com\/index.php?rest_route=%2Fwp%2Fv2%2Fmedia&parent=15266"}],"curies":[{"name":"wp","href":"https:\/\/api.w.org\/{rel}","templated":true}]}}