{"id":15263,"date":"2018-10-29T17:42:00","date_gmt":"2018-10-29T17:42:00","guid":{"rendered":"http:\/\/laplumedeloiseaulyre.com\/?page_id=15263"},"modified":"2024-06-03T23:44:05","modified_gmt":"2024-06-03T23:44:05","slug":"lancre-de-lesperance-sure-autant-que-solide","status":"publish","type":"page","link":"http:\/\/laplumedeloiseaulyre.com\/?page_id=15263","title":{"rendered":"L\u2019ancre de l\u2019Esp\u00e9rance, &laquo;&nbsp;s\u00fbre autant que solide&nbsp;&raquo;"},"content":{"rendered":"\n<figure class=\"wp-block-pullquote\"><blockquote><p><em>Afin d\u2019aider les croyants \u00e0 m\u00e9diter sur les myst\u00e8res de la foi, les artistes repr\u00e9sentent souvent les vertus chr\u00e9tiennes sous des formes humaines que l\u2019on appelle \u00ab\u00a0all\u00e9gories\u00a0\u00bb, chacune symbolis\u00e9e par des objets ou des couleurs bien pr\u00e9cises. Parmi les trois vertus dites \u00ab\u00a0th\u00e9ologales\u00a0\u00bb, l\u2019Esp\u00e9rance se distingue de la Foi et de la Charit\u00e9, par l\u2019image concr\u00e8te et frappante de l\u2019ancre.<\/em><\/p><\/blockquote><\/figure>\n\n\n\n<p class=\"has-text-align-center\"><img loading=\"lazy\" width=\"650\" height=\"632\" srcset=\"https:\/\/i1.wp.com\/laplumedeloiseaulyre.com\/wp-content\/uploads\/2018\/10\/all\u00e9gorie_de_lesprance_chrt62531_0.jpg?w=650 650w, https:\/\/i1.wp.com\/laplumedeloiseaulyre.com\/wp-content\/uploads\/2018\/10\/all\u00e9gorie_de_lesprance_chrt62531_0.jpg?resize=300%2C292 300w, https:\/\/i1.wp.com\/laplumedeloiseaulyre.com\/wp-content\/uploads\/2018\/10\/all\u00e9gorie_de_lesprance_chrt62531_0.jpg?resize=560%2C544 560w, https:\/\/i1.wp.com\/laplumedeloiseaulyre.com\/wp-content\/uploads\/2018\/10\/all\u00e9gorie_de_lesprance_chrt62531_0.jpg?resize=160%2C156 160w\" src=\"https:\/\/i1.wp.com\/laplumedeloiseaulyre.com\/wp-content\/uploads\/2018\/10\/all\u00e9gorie_de_lesprance_chrt62531_0.jpg?resize=650%2C632\" alt=\"\"><\/p>\n\n\n\n<p id=\"caption-attachment-9164\"><strong>Bartolomeo Schedoni (attrib.)&nbsp;<em>All\u00e9gorie de l\u2019Esp\u00e9rance chr\u00e9tienne<\/em><\/strong>, huile sur toile \u00a9Montauban, Mus\u00e9e Ingres<\/p>\n\n\n\n<p>Dans l\u2019une de ses lettres adress\u00e9e aux H\u00e9breux, saint Paul incitait ses fr\u00e8res chr\u00e9tiens \u00e0&nbsp;<em>\u00ab&nbsp;saisir fortement l\u2019esp\u00e9rance qui nous est offerte. En elle, nous avons comme une&nbsp;<strong>ancre de notre \u00e2me, s\u00fbre autant que solide<\/strong>, et p\u00e9n\u00e9trant par-del\u00e0 le voile, l\u00e0 o\u00f9 est entr\u00e9 pour nous, en pr\u00e9curseur, J\u00e9sus, devenu pour l\u2019\u00e9ternit\u00e9 grand-pr\u00eatre selon l\u2019ordre de Melchis\u00e9dech.<\/em>&nbsp;\u00bb (6, 18-20).<\/p>\n\n\n\n<p>En comparant l\u2019Esp\u00e9rance \u00e0 une ancre, de fa\u00e7on originale et r\u00e9aliste, l\u2019Ap\u00f4tre Paul a contribu\u00e9 \u00e0 inspirer de nombreux artistes comme Bartolomeo Schedoni (1578-1615) dans son tableau intitul\u00e9&nbsp;<strong><em>All\u00e9gorie de l\u2019Esp\u00e9rance chr\u00e9tienne<\/em><\/strong>. L\u2019\u0153uvre, remarquable, a \u00e9t\u00e9 attribu\u00e9e au XIX<sup>e&nbsp;<\/sup>si\u00e8cle \u00e0 ce peintre italien n\u00e9 \u00e0 Mod\u00e8ne et form\u00e9 \u00e0 Bologne dans l\u2019atelier du c\u00e9l\u00e8bre Annibale Carracci, par Armand Cambon, l\u2019ex\u00e9cuteur testamentaire du peintre Jean-Auguste Dominique Ingres. On y reconna\u00eet l\u2019Esp\u00e9rance, femme pensive v\u00eatue d\u2019une robe rouge et blanche et d\u2019une draperie bleue, assise dans un paysage sombre et caverneux au premier plan. Elle ne regarde pas le spectateur mais elle lui d\u00e9signe, par le simple mouvement de son regard, les rayons d\u2019un soleil \u00e9clatant qui percent un groupe de nuages gris obscurcissant le ciel au-dessus de la mer.&nbsp;<strong>Sa main droite \u00e9treint une immense ancre renvers\u00e9e qu\u2019elle serre contre elle avec force.<\/strong><\/p>\n\n\n\n<p>L\u2019ancre permet \u00e0 un bateau de rester stable et de ne pas partir \u00e0 la d\u00e9rive.<strong>&nbsp;Tant que l\u2019ancre n\u2019a pas touch\u00e9 le fond de la mer, il oscille et se balance, incertain et tremblant. Il en est ainsi de notre \u00e2me, mer souvent agit\u00e9e sur laquelle les temp\u00eates de la vie menacent de faire chavirer le bateau de notre foi.<\/strong>&nbsp;L\u2019ancre d\u2019esp\u00e9rance nous fait demeurer en s\u00e9curit\u00e9 et en paix, car elle traverse la houle,&nbsp;<em>p\u00e9n\u00e9trant par-del\u00e0 le voile,<\/em>&nbsp;et touche le fond de notre \u00e2me pour reposer sur le roc in\u00e9branlable du Christ. D\u00e8s lors, elle stimule la Charit\u00e9 (dont l\u2019un des attributs est le c\u0153ur enflamm\u00e9) en faisant palpiter le c\u0153ur avec audace et confiance, comme le montre la main gauche de l\u2019all\u00e9gorie qui repose sur sa poitrine. S\u2019agit-il d\u2019un phare que l\u2019on aper\u00e7oit dans le lointain&nbsp;?&nbsp;<strong>Cette architecture au bord de l\u2019eau rappelle que la foi illumine la surface de tous les oc\u00e9ans int\u00e9rieurs, afin de nous guider dans la conqu\u00eate de ce Dieu qui ne cesse de nous s\u00e9duire, pourvu que nous acceptions de laisser descendre aussi l\u2019ancre de notre \u00ab&nbsp;Moi&nbsp;\u00bb jusqu\u2019aux profondeurs de son \u00ab&nbsp;Toi&nbsp;\u00bb en nous encordant aux vertus th\u00e9ologales.<\/strong><\/p>\n\n\n\n<p><span class=\"has-inline-color has-vivid-cyan-blue-color\"><strong>\u00a0\u00a9GLSG<\/strong>, article publi\u00e9 dans la\u00a0rubrique\u00a0Art et Foi, in\u00a0<em>Chemin d\u2019\u00c9ternit\u00e9, Revue du Sanctuaire Notre-Dame de Montligeon<\/em>, n\u00b0289, Octobre\/Novembre 2018, pp.26-27.<\/span><\/p>\n","protected":false},"excerpt":{"rendered":"<p>Afin d\u2019aider les croyants \u00e0 m\u00e9diter sur les myst\u00e8res de la foi, les artistes repr\u00e9sentent souvent les vertus chr\u00e9tiennes sous des formes humaines que l\u2019on appelle \u00ab\u00a0all\u00e9gories\u00a0\u00bb, chacune symbolis\u00e9e par des objets ou des couleurs bien pr\u00e9cises. Parmi les trois&hellip;<\/p>\n<p class=\"more-link-p\"><a class=\"more-link\" href=\"http:\/\/laplumedeloiseaulyre.com\/?page_id=15263\">Read more &rarr;<\/a><\/p>\n","protected":false},"author":1,"featured_media":9164,"parent":0,"menu_order":0,"comment_status":"closed","ping_status":"closed","template":"","meta":{"spay_email":""},"jetpack_shortlink":"https:\/\/wp.me\/P4lzfC-3Yb","_links":{"self":[{"href":"http:\/\/laplumedeloiseaulyre.com\/index.php?rest_route=\/wp\/v2\/pages\/15263"}],"collection":[{"href":"http:\/\/laplumedeloiseaulyre.com\/index.php?rest_route=\/wp\/v2\/pages"}],"about":[{"href":"http:\/\/laplumedeloiseaulyre.com\/index.php?rest_route=\/wp\/v2\/types\/page"}],"author":[{"embeddable":true,"href":"http:\/\/laplumedeloiseaulyre.com\/index.php?rest_route=\/wp\/v2\/users\/1"}],"replies":[{"embeddable":true,"href":"http:\/\/laplumedeloiseaulyre.com\/index.php?rest_route=%2Fwp%2Fv2%2Fcomments&post=15263"}],"version-history":[{"count":4,"href":"http:\/\/laplumedeloiseaulyre.com\/index.php?rest_route=\/wp\/v2\/pages\/15263\/revisions"}],"predecessor-version":[{"id":15714,"href":"http:\/\/laplumedeloiseaulyre.com\/index.php?rest_route=\/wp\/v2\/pages\/15263\/revisions\/15714"}],"wp:featuredmedia":[{"embeddable":true,"href":"http:\/\/laplumedeloiseaulyre.com\/index.php?rest_route=\/wp\/v2\/media\/9164"}],"wp:attachment":[{"href":"http:\/\/laplumedeloiseaulyre.com\/index.php?rest_route=%2Fwp%2Fv2%2Fmedia&parent=15263"}],"curies":[{"name":"wp","href":"https:\/\/api.w.org\/{rel}","templated":true}]}}