{"id":15236,"date":"2019-06-29T17:02:00","date_gmt":"2019-06-29T17:02:00","guid":{"rendered":"http:\/\/laplumedeloiseaulyre.com\/?page_id=15236"},"modified":"2024-06-03T23:35:35","modified_gmt":"2024-06-03T23:35:35","slug":"linfaillible-remede-du-christ-apothicaire","status":"publish","type":"page","link":"http:\/\/laplumedeloiseaulyre.com\/?page_id=15236","title":{"rendered":"L\u2019infaillible rem\u00e8de du Christ-Apothicaire"},"content":{"rendered":"\n<figure class=\"wp-block-pullquote\"><blockquote><p><em>La Biblioth\u00e8que nationale de France a num\u00e9ris\u00e9 le magnifique manuscrit des\u00a0<\/em><a rel=\"noreferrer noopener\" href=\"https:\/\/gallica.bnf.fr\/ark:\/12148\/btv1b8539706t\" target=\"_blank\">Chants royaux sur la Conception, couronn\u00e9s au puy de Rouen de 1519 \u00e0 1528<\/a><em>, qui rassemble une s\u00e9rie d\u2019hommages \u00e0 la Vierge et au Christ sous la forme de po\u00e8mes accompagn\u00e9s de miniatures enlumin\u00e9es d\u2019une grande d\u00e9licatesse. L\u2019une d\u2019entre elles frappe par l\u2019originalit\u00e9 de son iconographie, tr\u00e8s rarement repr\u00e9sent\u00e9e\u00a0: il s\u2019agit d\u2019Adam et \u00c8ve venant chercher aupr\u00e8s du Christ-Apothicaire la recette du Salut\u00a0<\/em>(<a rel=\"noreferrer noopener\" href=\"https:\/\/gallica.bnf.fr\/ark:\/12148\/btv1b8539706t\/f170.item\" target=\"_blank\">voir dans le manuscrit en ligne<\/a>)<em>.<\/em><\/p><\/blockquote><\/figure>\n\n\n\n<p class=\"has-text-align-center\"><img loading=\"lazy\" width=\"860\" height=\"1340\" src=\"https:\/\/i1.wp.com\/laplumedeloiseaulyre.com\/wp-content\/uploads\/2019\/07\/Chants_royaux_sur_la_Conception_..._btv1b8539706t.jpg?resize=860%2C1340\" alt=\"\" data-recalc-dims=\"1\"><strong>\u00ab Le Restaurant qui pour mort rend la vie \u00bb, miniature issue des\u00a0<em>Chants royaux sur la Conception, couronn\u00e9s au puy de Rouen de 1519 \u00e0 1528<\/em>, entre 1501-1600,\u00a0<\/strong>BnF, miniature sur v\u00e9lin (fol.82v) \u00a9BnF, D\u00e9partement des Manuscrits<\/p>\n\n\n\n<p>Le peintre-enlumineur nous fait entrer dans la boutique d\u2019un apothicaire de la fin de l\u2019\u00e9poque m\u00e9di\u00e9vale au moyen d\u2019une vignette entour\u00e9e d\u2019un cadre architectural, dont le d\u00e9cor raffin\u00e9 t\u00e9moigne de l\u2019influence italienne sur l\u2019art fran\u00e7ais avec ses rinceaux, ses feuillages et ses colonnes bleues et roses en alternance surmont\u00e9es de chapiteaux animaliers.&nbsp;<strong>Le premier plan est occup\u00e9 par des pav\u00e9s, comme si nous apercevions la sc\u00e8ne depuis la rue mais le mur de la fa\u00e7ade a \u00e9t\u00e9 supprim\u00e9 par le peintre-omniscient.<\/strong>&nbsp;Il a toutefois conserv\u00e9 l\u2019espace de la porte, \u00e9voqu\u00e9 par le passage qui traverse l\u2019\u00e9choppe en creusant la perspective encore h\u00e9sitante. Le spectateur est invit\u00e9 \u00e0 contempler la sc\u00e8ne \u00e9tonnante qui se d\u00e9roule sous ses yeux.<\/p>\n\n\n\n<p>Nous distinguons \u00e0 gauche, derri\u00e8re un comptoir de bois, le Christ-Apothicaire aur\u00e9ol\u00e9 v\u00eatu d\u2019une tunique bleue rehauss\u00e9e de reflets dor\u00e9s, tenant une plume taill\u00e9e avec laquelle il \u00e9crit de la main droite une ordonnance sur un parchemin. D\u2019un air bienveillant il regarde Adam et \u00c8ve qui se tiennent nus au milieu de la pi\u00e8ce, debout sur les carreaux marbr\u00e9s de rouge, de vert et de blanc.&nbsp;<strong>Tels deux malades d\u00e9sempar\u00e9s, pris de fi\u00e8vre et de langueur, ils viennent chercher le m\u00e9dicament qui les gu\u00e9rira. J\u00e9sus, m\u00e9decin des \u00e2mes, rend le Salut \u00e0 la Nature humaine symbolis\u00e9e par les \u00e9poux d\u00e9chus.<\/strong>&nbsp;Avec un grand sens r\u00e9aliste, et non sans humour, l\u2019enlumineur a pris soin de d\u00e9crire minutieusement l\u2019<em>apothicairerie divine<\/em>&nbsp;propre, et impeccablement tenue. Bien organis\u00e9e, rien ne semble y manquer&nbsp;! Elle est remplie de bocaux \u00e9tiquet\u00e9s, de bo\u00eetes rang\u00e9es et d\u2019instruments align\u00e9s.<\/p>\n\n\n\n<p>En quoi consiste la recette infaillible en laquelle Adam et \u00c8ve mettent toute leur esp\u00e9rance ? Le po\u00e8me de cinq strophes avec envoi qui accompagne l\u2019illustration nous en r\u00e9v\u00e8le les ingr\u00e9dients.<strong>&nbsp;L\u2019auteur transpose avec habilet\u00e9 dans son texte la m\u00e9decine m\u00e9di\u00e9vale bas\u00e9e sur l\u2019analyse des humeurs et le recours \u00e0 l\u2019herboristerie mais aussi la th\u00e9ologie du Salut chr\u00e9tien.<\/strong>&nbsp;Il imagine une extraordinaire formule qui m\u00e9lange des plantes employ\u00e9es dans la pharmacop\u00e9e traditionnelle \u00e0 l\u2019image du Chardon b\u00e9ni (<em>Cnicus benedictus<\/em>) &nbsp;et de la poudre du&nbsp;Sceau de Salomon&nbsp;(<em>Polygonatum multiflorum<\/em>) avec les vertus chr\u00e9tiennes comme \u00ab&nbsp;l\u2019eau de vie vendue en liqueur&nbsp;\u00bb ou encore l\u2019\u00ab&nbsp;huile de gr\u00e2ce&nbsp;\u00bb. Par cette comparaison tr\u00e8s concr\u00e8te qui m\u00eale le naturel et le surnaturel, il rappelle que si nous sommes invit\u00e9s \u00e0 prier le Sauveur pour notre sant\u00e9 corporelle, nous sommes \u00e9galement invit\u00e9s \u00e0 nous tourner vers cet Apothicaire pour notre sant\u00e9 spirituelle.<\/p>\n\n\n\n<p>Nous lisons dans le po\u00e8me en vieux fran\u00e7ais li\u00e9 \u00e0 l\u2019enluminure que J\u00e9sus-Christ est surnomm\u00e9 le \u00ab&nbsp;Restaurant qui pour mort rend la vie&nbsp;\u00bb. Cette ancienne expression demeure parfaitement compr\u00e9hensible au XXI<sup>e<\/sup>&nbsp;si\u00e8cle&nbsp;: le Fils de Dieu, expert en Charit\u00e9, est celui qui \u00ab&nbsp;restaure&nbsp;\u00bb (du latin&nbsp;<em>restaurare<\/em>, c\u2019est-\u00e0-dire \u00ab&nbsp;renouveler, reb\u00e2tir, r\u00e9parer, refaire&nbsp;\u00bb).&nbsp;<strong>Il rel\u00e8ve l\u2019humanit\u00e9 comme le m\u00e9decin soigne les corps, prescrivant avec autorit\u00e9 et bont\u00e9 la recette infaillible de la gu\u00e9rison int\u00e9rieure.<\/strong>&nbsp;Ainsi, puisque nous nous empressons d\u2019acheter des m\u00e9dicaments aupr\u00e8s du pharmacien quand notre corps est malade, il nous faut consulter avec la m\u00eame vigueur le Christ-Apothicaire qui a la science du Salut quand notre \u00e2me est souffrante car le rem\u00e8de de la Gr\u00e2ce ne s\u2019\u00e9puise jamais dans l\u2019officine de son C\u0153ur.<\/p>\n\n\n\n<p><span class=\"has-inline-color has-vivid-cyan-blue-color\"><strong>\u00a9GLSG<\/strong>, article publi\u00e9 dans la\u00a0rubrique\u00a0Art et Foi, in\u00a0<em>Chemin d\u2019\u00c9ternit\u00e9, Revue du Sanctuaire Notre-Dame de Montligeon<\/em>, n\u00b0293, Juillet\/Ao\u00fbt 2019, pp.26-27.<\/span><\/p>\n","protected":false},"excerpt":{"rendered":"<p>La Biblioth\u00e8que nationale de France a num\u00e9ris\u00e9 le magnifique manuscrit des\u00a0Chants royaux sur la Conception, couronn\u00e9s au puy de Rouen de 1519 \u00e0 1528, qui rassemble une s\u00e9rie d\u2019hommages \u00e0 la Vierge et au Christ sous la forme de po\u00e8mes&hellip;<\/p>\n<p class=\"more-link-p\"><a class=\"more-link\" href=\"http:\/\/laplumedeloiseaulyre.com\/?page_id=15236\">Read more &rarr;<\/a><\/p>\n","protected":false},"author":1,"featured_media":15238,"parent":0,"menu_order":0,"comment_status":"closed","ping_status":"closed","template":"","meta":{"spay_email":""},"jetpack_shortlink":"https:\/\/wp.me\/P4lzfC-3XK","_links":{"self":[{"href":"http:\/\/laplumedeloiseaulyre.com\/index.php?rest_route=\/wp\/v2\/pages\/15236"}],"collection":[{"href":"http:\/\/laplumedeloiseaulyre.com\/index.php?rest_route=\/wp\/v2\/pages"}],"about":[{"href":"http:\/\/laplumedeloiseaulyre.com\/index.php?rest_route=\/wp\/v2\/types\/page"}],"author":[{"embeddable":true,"href":"http:\/\/laplumedeloiseaulyre.com\/index.php?rest_route=\/wp\/v2\/users\/1"}],"replies":[{"embeddable":true,"href":"http:\/\/laplumedeloiseaulyre.com\/index.php?rest_route=%2Fwp%2Fv2%2Fcomments&post=15236"}],"version-history":[{"count":4,"href":"http:\/\/laplumedeloiseaulyre.com\/index.php?rest_route=\/wp\/v2\/pages\/15236\/revisions"}],"predecessor-version":[{"id":15705,"href":"http:\/\/laplumedeloiseaulyre.com\/index.php?rest_route=\/wp\/v2\/pages\/15236\/revisions\/15705"}],"wp:featuredmedia":[{"embeddable":true,"href":"http:\/\/laplumedeloiseaulyre.com\/index.php?rest_route=\/wp\/v2\/media\/15238"}],"wp:attachment":[{"href":"http:\/\/laplumedeloiseaulyre.com\/index.php?rest_route=%2Fwp%2Fv2%2Fmedia&parent=15236"}],"curies":[{"name":"wp","href":"https:\/\/api.w.org\/{rel}","templated":true}]}}