{"id":15150,"date":"2020-11-01T14:28:00","date_gmt":"2020-11-01T14:28:00","guid":{"rendered":"http:\/\/laplumedeloiseaulyre.com\/?page_id=15150"},"modified":"2024-06-03T23:28:08","modified_gmt":"2024-06-03T23:28:08","slug":"du-sang-verse-jaillit-la-lumiere-le-martyre-de-saint-serapion-par-le-peintre-zurbaran","status":"publish","type":"page","link":"http:\/\/laplumedeloiseaulyre.com\/?page_id=15150","title":{"rendered":"Du sang vers\u00e9 jaillit la Lumi\u00e8re : Le martyre de saint S\u00e9rapion par le peintre Zurbar\u00e1n."},"content":{"rendered":"\n<figure class=\"wp-block-pullquote\"><blockquote><p><em>Infiniment \u00e9mouvant et frappant,\u00a0<\/em>Le Martyre de saint S\u00e9rapion<em>\u00a0du peintre espagnol Francisco de Zurbar\u00e1n est \u00e0 ranger\u00a0<strong>parmi les tableaux majeurs m\u00e9connus de l\u2019art baroque<\/strong>.\u00a0C\u2019est \u00e0 l\u2019occasion de l\u2019exposition-phare \u00e0 Londres\u00a0<\/em>Le Sacr\u00e9 rendu r\u00e9el\u00a0<strong>[1]<\/strong>, en 2009 et<em>\u00a0durant l\u2019exposition sur Zurbar\u00e1n \u00e0 Bruxelles en 2014\u00a0<\/em><strong>[2]<\/strong><em>\u00a0que le public a pu notamment red\u00e9couvrir\u00a0<a rel=\"noreferrer noopener\" href=\"http:\/\/argus.wadsworthatheneum.org\/Wadsworth_Atheneum_ArgusNet\/Portal\/public.aspx?lang=en-US\" target=\"_blank\">cette \u0153uvre actuellement conserv\u00e9e au Wadsworth Atheneum \u00e0 Hartford<\/a>\u00a0dans le Connecticut.\u00a0<strong>Dat\u00e9 de la premi\u00e8re p\u00e9riode s\u00e9villane de Zurbar\u00e1n<\/strong><\/em><strong>, Saint S\u00e9rapion\u00a0<em>a fait l\u2019objet d\u2019une\u00a0<a rel=\"noreferrer noopener\" href=\"https:\/\/www.thewadsworth.org\/zurbaran-restoration\/\" target=\"_blank\">restauration monumentale en 2015<\/a> qui a permis de r\u00e9v\u00e9ler l\u2019\u0153uvre dans toute sa splendeur originelle.<\/em><\/strong><\/p><\/blockquote><\/figure>\n\n\n\n<div class=\"wp-block-image\"><figure class=\"aligncenter size-large\"><img loading=\"lazy\" width=\"640\" height=\"767\" src=\"https:\/\/i1.wp.com\/laplumedeloiseaulyre.com\/wp-content\/uploads\/2014\/05\/acb05da98d4bf50dc0f80f08e362ac2b.jpg?resize=640%2C767\" alt=\"\" class=\"wp-image-2526\" srcset=\"https:\/\/i1.wp.com\/laplumedeloiseaulyre.com\/wp-content\/uploads\/2014\/05\/acb05da98d4bf50dc0f80f08e362ac2b.jpg?w=640 640w, https:\/\/i1.wp.com\/laplumedeloiseaulyre.com\/wp-content\/uploads\/2014\/05\/acb05da98d4bf50dc0f80f08e362ac2b.jpg?resize=250%2C300 250w, https:\/\/i1.wp.com\/laplumedeloiseaulyre.com\/wp-content\/uploads\/2014\/05\/acb05da98d4bf50dc0f80f08e362ac2b.jpg?resize=560%2C671 560w, https:\/\/i1.wp.com\/laplumedeloiseaulyre.com\/wp-content\/uploads\/2014\/05\/acb05da98d4bf50dc0f80f08e362ac2b.jpg?resize=260%2C311 260w, https:\/\/i1.wp.com\/laplumedeloiseaulyre.com\/wp-content\/uploads\/2014\/05\/acb05da98d4bf50dc0f80f08e362ac2b.jpg?resize=160%2C191 160w\" sizes=\"(max-width: 640px) 100vw, 640px\" data-recalc-dims=\"1\" \/><figcaption><strong>Francisco de Zurbar\u00e1n (1598-1664)\u00a0<em>Le Martyre de saint S\u00e9rapion<\/em><\/strong>, <br>1628-29, Hartford, Wadsworth Atheneum Museum of Art, Connecticut, <br>huile sur toile, 120 x 103 cm \u00a9Hartford, Wadsworth Atheneum Museum of Art<\/figcaption><\/figure><\/div>\n\n\n\n<p>Zurbar\u00e1n est \u00e2g\u00e9 de trente ans quand il ach\u00e8ve cette toile peinte pour le couvent Notre Dame de la Merci Chauss\u00e9e de S\u00e9ville en 1629&nbsp;<strong>[3]<\/strong>. L\u2019\u0153uvre est plus pr\u00e9cis\u00e9ment destin\u00e9e \u00e0 la salle du&nbsp;<em>De profundis<\/em>&nbsp;o\u00f9 l\u2019on exposait et o\u00f9 l\u2019on veillait les moines d\u00e9funts.&nbsp;<strong>L\u2019artiste y repr\u00e9sente la figure du martyr S\u00e9rapion d\u2019Alger dans un portrait hagiographique \u00e0 mi-corps.<\/strong>&nbsp;N\u00e9 vers 1179 en&nbsp;Grande-Bretagne, S\u00e9rapion participe \u00e0 la troisi\u00e8me croisade avec Richard C\u0153ur de Lion avant de partir en Espagne combattre les Sarrasins dans l\u2019arm\u00e9e d\u2019Alphonse VIII de Castille. Il y rencontre saint Pierre Nolasque et d\u00e9cide de rejoindre en 1222 l\u2019Ordre des Merc\u00e9daires fond\u00e9 par ce dernier dont la mission est de racheter les chr\u00e9tiens captifs des pirates maures et de lib\u00e9rer les prisonniers r\u00e9duits en esclavage par les musulmans.&nbsp;<strong>Les merc\u00e9daires font v\u0153ux de pauvret\u00e9, de chastet\u00e9 et d\u2019ob\u00e9issance auxquels s\u2019ajoute un v\u0153u sp\u00e9cial propre \u00e0 leur ordre r\u00e9dempteur&nbsp;(de&nbsp;<em>Mercedem<\/em>, c\u2019est-\u00e0-dire \u00ab&nbsp;march\u00e9&nbsp;\u00bb), celui d\u2019\u00eatre pr\u00eat \u00e0 se livrer en otage pour lib\u00e9rer les captifs.<\/strong>&nbsp;S\u00e9rapion fut amen\u00e9 \u00e0 accomplir son v\u0153u jusqu\u2019au sacrifice de sa propre vie&nbsp;: en 1240, il s\u2019offrit en otage \u00e0 Alger comme gage de ran\u00e7on pour la d\u00e9livrance d\u2019un autre prisonnier.&nbsp;<strong>La somme du rachat n\u2019\u00e9tant pas arriv\u00e9e dans les d\u00e9lais impartis, les Barbaresques lui firent subir un supplice particuli\u00e8rement cruel<\/strong>: pieds et mains li\u00e9s \u00e0 une croix de saint Andr\u00e9, il fut d\u00e9membr\u00e9, \u00e9visc\u00e9r\u00e9, puis on lui trancha le cou le 14 novembre 1240.<\/p>\n\n\n\n<p>Repr\u00e9sent\u00e9 dans un cadrage resserr\u00e9 comme s\u2019il se trouvait dans l\u2019intimit\u00e9 du spectateur, saint S\u00e9rapion est endormi dans la mort, drap\u00e9 dans un grand manteau blanc immacul\u00e9, les yeux clos, la t\u00eate inclin\u00e9e, le corps inerte, les mains encore li\u00e9es par les cordes de son supplice dont les n\u0153uds serrent \u00e9troitement l\u2019attache de ses poignets. On distingue l\u2019insigne de l\u2019Ordre de Notre-Dame-de-la-Merci sur son scapulaire.&nbsp;<strong>\u00c0 droite appara\u00eet un petit trompe-l\u2019\u0153il sous la forme d\u2019un morceau de papier p\u00e2le \u00e0 demi-d\u00e9chir\u00e9 avec des coins corn\u00e9s sur lequel on peut lire le nom du martyr et le nom du peintre<\/strong>. Zurbar\u00e1n propose ici une image christique saisissante en parvenant le tour de force d\u2019ancrer dans l\u2019\u0153uvre la souffrance du martyr sans repr\u00e9senter ni aucune goutte de sang, ni aucun membre saignant, ni aucune blessure. Le tableau devrait th\u00e9oriquement \u00eatre peint dans les tons rouges de l\u2019abomination mais il se veut plus proche du monochrome blanc gr\u00e2ce \u00e0 un \u00e9clairage z\u00e9nithal qui creuse les plis et les replis du manteau.&nbsp;<strong>La restauration de 2015 a permis d\u2019enlever le vernis jauni par le temps et les repeints pour r\u00e9v\u00e9ler la splendeur \u00e9clatante du blanc originel choisi par l\u2019artiste<\/strong>&nbsp;(probablement des pigments de blanc-de-plomb).<\/p>\n\n\n\n<p>Zurbar\u00e1n prend le parti de choisir le contraste du t\u00e9n\u00e9brisme et du luminisme plut\u00f4t que celui du chromatisme, pour d\u00e9crire le paradoxe de l\u2019ultime douleur habit\u00e9e par l\u2019ultime esp\u00e9rance du&nbsp;<em>Beatus Serapius<\/em>&nbsp;qui fut inscrit en 1743 au martyrologe romain par le pape Beno\u00eet XIV. En se focalisant sur la transfiguration surnaturelle du martyre plut\u00f4t que sur la repr\u00e9sentation de la cruaut\u00e9 toute terrestre, Zurbar\u00e1n fait jaillir du sang vers\u00e9 la Lumi\u00e8re du don de Soi.&nbsp;<strong>C\u2019est en acceptant d\u2019avoir \u00e9t\u00e9 li\u00e9 au bois de la Croix d\u2019Amour avec son Sauveur, que S\u00e9rapion d\u00e9lie les cha\u00eenes de la haine et montre la voie victorieuse de la R\u00e9demption.<\/strong>&nbsp;Ce puissant t\u00e9moignage pictural r\u00e9v\u00e8le que sans le sens du sacrifice ni la force d\u2019\u00e2me puis\u00e9e dans la charit\u00e9 \u00e9ternellement victorieuse de J\u00e9sus, la saintet\u00e9 ne serait qu\u2019un h\u00e9ro\u00efsme sans lendemain.<\/p>\n\n\n\n<p><span class=\"has-inline-color has-vivid-cyan-blue-color\"><strong>\u00a9GLSG<\/strong>, article publi\u00e9 dans la\u00a0rubrique\u00a0Art et Foi, in\u00a0<em>Chemin d\u2019\u00c9ternit\u00e9, Revue du Sanctuaire Notre-Dame de Montligeon<\/em>, n\u00b0301, Novembre\/D\u00e9cembre 2020, pp.26-27<\/span><\/p>\n\n\n\n<p><a href=\"applewebdata:\/\/9CECCEE6-0544-4169-8EDC-57163D72970F#_ftnref1\">[1]<\/a>&nbsp;<a href=\"https:\/\/www.nationalgallery.org.uk\/exhibitions\/past\/the-sacred-made-real\" target=\"_blank\" rel=\"noreferrer noopener\"><em>The&nbsp;Sacred made Real Spanish Painting and Sculpture 1600-1700&nbsp;<\/em>(Londres, National Gallery, 21 octobre 2099- 24 janvier 2010)<\/a><\/p>\n\n\n\n<p><a href=\"applewebdata:\/\/9CECCEE6-0544-4169-8EDC-57163D72970F#_ftnref2\">[2]<\/a>&nbsp;<a href=\"https:\/\/www.bozar.be\/fr\/activities\/4388-zurbaran\" target=\"_blank\" rel=\"noreferrer noopener\">Zurbar\u00e1n, Ma\u00eetre de l\u2019\u00c2ge d\u2019Or Espagnol&nbsp;(Bruxelles, Mus\u00e9e des Beaux Arts,&nbsp;(29 janvier 2014-25 mai 2014)<\/a><\/p>\n\n\n\n<p>[3]&nbsp;Actuel Museo de Bellas Artes<\/p>\n","protected":false},"excerpt":{"rendered":"<p>Infiniment \u00e9mouvant et frappant,\u00a0Le Martyre de saint S\u00e9rapion\u00a0du peintre espagnol Francisco de Zurbar\u00e1n est \u00e0 ranger\u00a0parmi les tableaux majeurs m\u00e9connus de l\u2019art baroque.\u00a0C\u2019est \u00e0 l\u2019occasion de l\u2019exposition-phare \u00e0 Londres\u00a0Le Sacr\u00e9 rendu r\u00e9el\u00a0[1], en 2009 et\u00a0durant l\u2019exposition sur Zurbar\u00e1n \u00e0 Bruxelles&hellip;<\/p>\n<p class=\"more-link-p\"><a class=\"more-link\" href=\"http:\/\/laplumedeloiseaulyre.com\/?page_id=15150\">Read more &rarr;<\/a><\/p>\n","protected":false},"author":1,"featured_media":2526,"parent":0,"menu_order":0,"comment_status":"closed","ping_status":"closed","template":"","meta":{"spay_email":""},"jetpack_shortlink":"https:\/\/wp.me\/P4lzfC-3Wm","_links":{"self":[{"href":"http:\/\/laplumedeloiseaulyre.com\/index.php?rest_route=\/wp\/v2\/pages\/15150"}],"collection":[{"href":"http:\/\/laplumedeloiseaulyre.com\/index.php?rest_route=\/wp\/v2\/pages"}],"about":[{"href":"http:\/\/laplumedeloiseaulyre.com\/index.php?rest_route=\/wp\/v2\/types\/page"}],"author":[{"embeddable":true,"href":"http:\/\/laplumedeloiseaulyre.com\/index.php?rest_route=\/wp\/v2\/users\/1"}],"replies":[{"embeddable":true,"href":"http:\/\/laplumedeloiseaulyre.com\/index.php?rest_route=%2Fwp%2Fv2%2Fcomments&post=15150"}],"version-history":[{"count":3,"href":"http:\/\/laplumedeloiseaulyre.com\/index.php?rest_route=\/wp\/v2\/pages\/15150\/revisions"}],"predecessor-version":[{"id":15697,"href":"http:\/\/laplumedeloiseaulyre.com\/index.php?rest_route=\/wp\/v2\/pages\/15150\/revisions\/15697"}],"wp:featuredmedia":[{"embeddable":true,"href":"http:\/\/laplumedeloiseaulyre.com\/index.php?rest_route=\/wp\/v2\/media\/2526"}],"wp:attachment":[{"href":"http:\/\/laplumedeloiseaulyre.com\/index.php?rest_route=%2Fwp%2Fv2%2Fmedia&parent=15150"}],"curies":[{"name":"wp","href":"https:\/\/api.w.org\/{rel}","templated":true}]}}