{"id":15120,"date":"2021-10-28T16:57:00","date_gmt":"2021-10-28T16:57:00","guid":{"rendered":"http:\/\/laplumedeloiseaulyre.com\/?page_id=15120"},"modified":"2024-06-03T23:22:38","modified_gmt":"2024-06-03T23:22:38","slug":"sainte-veronique-temoin-de-la-passion-transfiguree","status":"publish","type":"page","link":"http:\/\/laplumedeloiseaulyre.com\/?page_id=15120","title":{"rendered":"Sainte V\u00e9ronique, t\u00e9moin de la Passion transfigur\u00e9e"},"content":{"rendered":"\n<figure class=\"wp-block-pullquote\"><blockquote><p><em>Peintre italien de l\u2019\u00e9poque baroque red\u00e9couvert \u00e0 la fin du XX<sup>e<\/sup>\u00a0si\u00e8cle, Mattia Preti a effectu\u00e9 de nombreux tableaux religieux parmi lesquels la\u00a0<\/em><a rel=\"noreferrer noopener\" href=\"http:\/\/(https:\/\/collections.lacma.org\/node\/248629\" target=\"_blank\">Sainte V\u00e9ronique au voile<\/a><em> qui t\u00e9moigne de sa technicit\u00e9 picturale autant que de sa sensibilit\u00e9 mystique. Cette \u0153uvre m\u00e9connue a fait partie des collections de deux grandes familles romaines du XVII<sup>e<\/sup>\u00a0si\u00e8cle, les Barberini et les Colonna. Elle nous invite \u00e0 m\u00e9diter sur l\u2019un des miracles de la Passion du Christ, qui rendit populaire le pr\u00e9nom et l\u2019histoire de V\u00e9ronique, du latin lui-m\u00eame issu du grec ancien\u00a0: \u00ab\u00a0vera\u00a0\u00bb (vraie) et \u00ab\u00a0icon\u00a0\u00bb (image).<\/em><\/p><\/blockquote><\/figure>\n\n\n\n<figure class=\"wp-block-image\"><img loading=\"lazy\" width=\"800\" height=\"1066\" src=\"https:\/\/i0.wp.com\/laplumedeloiseaulyre.com\/wp-content\/uploads\/2021\/08\/800px-Saint_Veronica_with_the_Veil_LACMA_M.84.20_1_of_2.jpg?resize=768%2C1024\" alt=\"\" class=\"wp-image-13127\" srcset=\"https:\/\/i0.wp.com\/laplumedeloiseaulyre.com\/wp-content\/uploads\/2021\/08\/800px-Saint_Veronica_with_the_Veil_LACMA_M.84.20_1_of_2.jpg?w=800 800w, https:\/\/i0.wp.com\/laplumedeloiseaulyre.com\/wp-content\/uploads\/2021\/08\/800px-Saint_Veronica_with_the_Veil_LACMA_M.84.20_1_of_2.jpg?resize=225%2C300 225w, https:\/\/i0.wp.com\/laplumedeloiseaulyre.com\/wp-content\/uploads\/2021\/08\/800px-Saint_Veronica_with_the_Veil_LACMA_M.84.20_1_of_2.jpg?resize=768%2C1023 768w, https:\/\/i0.wp.com\/laplumedeloiseaulyre.com\/wp-content\/uploads\/2021\/08\/800px-Saint_Veronica_with_the_Veil_LACMA_M.84.20_1_of_2.jpg?resize=560%2C746 560w, https:\/\/i0.wp.com\/laplumedeloiseaulyre.com\/wp-content\/uploads\/2021\/08\/800px-Saint_Veronica_with_the_Veil_LACMA_M.84.20_1_of_2.jpg?resize=160%2C213 160w\" sizes=\"(max-width: 800px) 100vw, 800px\" \/><figcaption><strong>Mattia Preti (1613-1699)&nbsp;<em>Sainte V\u00e9ronique au voile<\/em><\/strong><em>,<\/em>&nbsp;<br>v.1652-53, huile sur toile,&nbsp;100.33 \u00d7 74.93 cm&nbsp;\u00a9Los Angeles, County Museum of Art<\/figcaption><\/figure>\n\n\n\n<p>Nous voil\u00e0 au c\u0153ur d\u2019une action poignante. Le spectateur est t\u00e9moin direct de la douleur d\u2019une femme et d\u2019un miracle, non cit\u00e9s dans les \u00e9vangiles mais transmis depuis toujours par la Tradition. D\u00e8s les premiers si\u00e8cles, le souvenir de la myst\u00e9rieuse V\u00e9ronique appara\u00eet dans les textes et dans les arts. Pr\u00e9sente \u00e0 J\u00e9rusalem quand le Christ porte sa croix, elle tend un linge pour essuyer son visage.&nbsp;<strong>Quand elle retire le tissu, les traits du Christ restent imprim\u00e9s dans les fibres.<\/strong>&nbsp;Cette relique sacr\u00e9e devient ins\u00e9parable de la foi de V\u00e9ronique, au point qu\u2019elle est \u00e9voqu\u00e9e chaque ann\u00e9e durant le temps pascal lors de la lecture de la sixi\u00e8me station du chemin de croix&nbsp;: \u00ab&nbsp;Sainte V\u00e9ronique essuie la face de J\u00e9sus&nbsp;\u00bb.&nbsp;<\/p>\n\n\n\n<p>Le peintre Mattia Preti semble avoir isol\u00e9 V\u00e9ronique en la sortant de la foule pour se concentrer sur cette figure, en abolissant en quelque sorte tout le reste du monde autour d\u2019elle.&nbsp;<strong>Elle est plac\u00e9e de telle sorte que le spectateur la voit gr\u00e2ce \u00e0 un habile proc\u00e9d\u00e9 de perspective raccourcie selon l\u2019expression italienne \u00ab&nbsp;<em>di sotto in s\u00f9<\/em>&nbsp;\u00bb&nbsp;(de haut et en dessous) ce qui conf\u00e8re \u00e0 sa figure une grande force d\u2019expression.<\/strong>&nbsp;Richement v\u00eatue, elle est couverte d\u2019un manteau soyeux blanc brod\u00e9 d\u2019arabesques dor\u00e9es creus\u00e9 en larges plis sur une robe couleur bleu c\u00e9leste. Son visage, encadr\u00e9 par un grand voile transparent, laisse appara\u00eetre ses yeux clairs embu\u00e9s de larmes. Plusieurs larmes perlent aussi sur ses joues.&nbsp;<strong>Ses mains tiennent d\u2019un geste gracieux une pi\u00e8ce de tissu sur laquelle appara\u00eet le visage de la Sainte-Face que le sang semble transfigurer.<\/strong>&nbsp;On imagine que cette femme, prise de piti\u00e9, a soudainement laiss\u00e9 glisser de ses \u00e9paules son \u00e9charpe blanche entour\u00e9e d\u2019un liser\u00e9 bleu pour accomplir son geste g\u00e9n\u00e9reux, car l\u2019un des coins est encore nou\u00e9 sur sa poitrine. Le fond noir renforce le path\u00e9tisme et la th\u00e9\u00e2tralisation de la sc\u00e8ne, entre ombres et lumi\u00e8res. Une copie attribu\u00e9e \u00e0 Giuseppe Bartolomeo Chiari (1654-1727) montre&nbsp;&nbsp;en haut de l\u2019arri\u00e8re-plan la colline du Calvaire o\u00f9 se dressent trois croix, laissant \u00e0 penser que la masse noire derri\u00e8re la sainte repr\u00e9sente le lieu de la crucifixion<a href=\"applewebdata:\/\/4D2203C2-5026-47C1-8AA4-AE4A3BBBB23F#_ftn1\"><sup>[1]<\/sup><\/a>.<\/p>\n\n\n\n<p>Que regarde V\u00e9ronique ? Le ciel&nbsp;? Est-elle debout&nbsp;? \u00c0 genoux&nbsp;? Le cadrage qui coupe son corps laisse l\u2019esprit s\u2019interroger sur le sens de l\u2019action. On sait seulement qu\u2019elle vient d\u2019essuyer le visage du Christ. A-t-elle vu le miracle et l\u00e8ve-t-elle les yeux vers le ciel avec de la gratitude et des larmes d\u2019\u00e9motion&nbsp;? Est-elle encore ignorante de ce qui vient de se passer et simplement touch\u00e9e par la figure du supplici\u00e9 qu\u2019elle vient de soutenir ? Peu importe \u00e0 vrai dire.&nbsp;<strong>Ce qui retient l\u2019attention de l\u2019artiste Mattia Preti c\u2019est de montrer une rencontre, celle d\u2019une femme au grand c\u0153ur et celle d\u2019un Dieu condamn\u00e9 \u00e0 mort.&nbsp;<\/strong>Il veut saisir le moment unique durant lequel V\u00e9ronique a crois\u00e9 le regard de J\u00e9sus sur la route de l\u2019affliction. Nous ne voyons ce dernier que par le biais du linge qu\u2019elle tend vers le spectateur en t\u00e9moin, comme un jeu de miroir.<\/p>\n\n\n\n<p>Le Christ poursuit encore son chemin vers le Calvaire. Il marche sous les hu\u00e9es et les crachats du monde.&nbsp;<strong>Puisse l\u2019Homme de Souffrance trouver sur son chemin des \u00e2mes ardentes et diligentes qui prennent piti\u00e9 de Lui et essuient son visage dans celui de leurs fr\u00e8res et s\u0153urs.&nbsp;<\/strong>Alors Celui qui regarda V\u00e9ronique et posa son visage d\u00e9figur\u00e9 au creux de ses mains consolatrices, imprimera peu \u00e0 peu ses traits dans leurs c\u0153urs comme une trace ind\u00e9l\u00e9bile et sacr\u00e9e.<\/p>\n\n\n\n<hr class=\"wp-block-separator\"\/>\n\n\n\n<p><span class=\"has-inline-color has-vivid-cyan-blue-color\"><strong>\u00a9GLSG<\/strong>, article pour la rubrique Art et Foi in\u00a0<em>Chemin d\u2019\u00c9ternit\u00e9, Revue du Sanctuaire Notre-Dame de Montligeon<\/em>, n\u00b0307, Novembre\/D\u00e9cembre 2021, pp.26-27.<\/span><\/p>\n\n\n\n<p><a href=\"applewebdata:\/\/4D2203C2-5026-47C1-8AA4-AE4A3BBBB23F#_ftnref1\"><sup>[1]<\/sup><\/a>&nbsp;Mus\u00e9e Martin von Wagner, universit\u00e9 de W\u00fcrzburg<\/p>\n","protected":false},"excerpt":{"rendered":"<p>Peintre italien de l\u2019\u00e9poque baroque red\u00e9couvert \u00e0 la fin du XXe\u00a0si\u00e8cle, Mattia Preti a effectu\u00e9 de nombreux tableaux religieux parmi lesquels la\u00a0Sainte V\u00e9ronique au voile qui t\u00e9moigne de sa technicit\u00e9 picturale autant que de sa sensibilit\u00e9 mystique. Cette \u0153uvre m\u00e9connue&hellip;<\/p>\n<p class=\"more-link-p\"><a class=\"more-link\" href=\"http:\/\/laplumedeloiseaulyre.com\/?page_id=15120\">Read more &rarr;<\/a><\/p>\n","protected":false},"author":1,"featured_media":13127,"parent":0,"menu_order":0,"comment_status":"closed","ping_status":"closed","template":"","meta":{"spay_email":""},"jetpack_shortlink":"https:\/\/wp.me\/P4lzfC-3VS","_links":{"self":[{"href":"http:\/\/laplumedeloiseaulyre.com\/index.php?rest_route=\/wp\/v2\/pages\/15120"}],"collection":[{"href":"http:\/\/laplumedeloiseaulyre.com\/index.php?rest_route=\/wp\/v2\/pages"}],"about":[{"href":"http:\/\/laplumedeloiseaulyre.com\/index.php?rest_route=\/wp\/v2\/types\/page"}],"author":[{"embeddable":true,"href":"http:\/\/laplumedeloiseaulyre.com\/index.php?rest_route=\/wp\/v2\/users\/1"}],"replies":[{"embeddable":true,"href":"http:\/\/laplumedeloiseaulyre.com\/index.php?rest_route=%2Fwp%2Fv2%2Fcomments&post=15120"}],"version-history":[{"count":5,"href":"http:\/\/laplumedeloiseaulyre.com\/index.php?rest_route=\/wp\/v2\/pages\/15120\/revisions"}],"predecessor-version":[{"id":15692,"href":"http:\/\/laplumedeloiseaulyre.com\/index.php?rest_route=\/wp\/v2\/pages\/15120\/revisions\/15692"}],"wp:featuredmedia":[{"embeddable":true,"href":"http:\/\/laplumedeloiseaulyre.com\/index.php?rest_route=\/wp\/v2\/media\/13127"}],"wp:attachment":[{"href":"http:\/\/laplumedeloiseaulyre.com\/index.php?rest_route=%2Fwp%2Fv2%2Fmedia&parent=15120"}],"curies":[{"name":"wp","href":"https:\/\/api.w.org\/{rel}","templated":true}]}}