{"id":15109,"date":"2022-12-12T16:46:00","date_gmt":"2022-12-12T16:46:00","guid":{"rendered":"http:\/\/laplumedeloiseaulyre.com\/?page_id=15109"},"modified":"2024-06-03T23:17:45","modified_gmt":"2024-06-03T23:17:45","slug":"la-sagrada-familia-basilique-de-la-candeur","status":"publish","type":"page","link":"http:\/\/laplumedeloiseaulyre.com\/?page_id=15109","title":{"rendered":"La Sagrada Familia, basilique de la candeur"},"content":{"rendered":"\n<p><\/p>\n\n\n\n<div class=\"wp-block-image\"><figure class=\"aligncenter\"><img src=\"https:\/\/i2.wp.com\/laplumedeloiseaulyre.com\/wp-content\/uploads\/2023\/06\/Portail_Nativite.jpg?resize=768%2C1024\" alt=\"\" class=\"wp-image-14548\"\/><\/figure><\/div>\n\n\n\n<p>Comme grande dut \u00eatre la foi d\u2019Antoni Gaudi quand il construisit la Sagrada Familia, \u00e9trange et \u00e9blouissante basilique t\u00e9moin du modernisme catalan&nbsp;\u00e0 Barcelone. Initi\u00e9e \u00e0 la fin du XIX<sup>e<\/sup>&nbsp;si\u00e8cle par l\u2019architecte Francisco de Paula del Villar dans un style n\u00e9ogothique, l\u2019\u00e9glise est alors con\u00e7ue pour \u00eatre un temple expiatoire de la Sainte Famille.<strong>&nbsp;Le chantier est repris en main par Gaudi en 1882 qui remod\u00e8le totalement le projet en donnant l\u2019impulsion cr\u00e9atrice du style novateur qui la caract\u00e9rise.<\/strong>&nbsp;La construction n\u2019est financ\u00e9e que par l\u2019aum\u00f4ne et les dons des fid\u00e8les et rencontre de nombreux contretemps. Gaudi s\u2019entoure de plusieurs corps de m\u00e9tiers dont les sculpteurs Carles Mani et Llorenc Matamala I Pinol qui participeront \u00e0 la fa\u00e7ade de la Nativit\u00e9. De son vivant Gaudi effectue le ch\u0153ur, la tour San Barnab\u00e9 et la fa\u00e7ade de la Nativit\u00e9. Il y consacre toute la fin de sa vie et meurt en laissant la basilique inachev\u00e9e mais le chantier de cet immense palais sacr\u00e9 se poursuit ensuite et dure encore aujourd\u2019hui avec des architectes qui cherchent \u00e0 rester fid\u00e8les au g\u00e9nie de Gaudi.&nbsp;<strong>&nbsp;Cet \u00e9difice surnomm\u00e9 la \u00ab&nbsp;cath\u00e9drale des pauvres&nbsp;\u00bb est inscrit au patrimoine mondial de l\u2019Unesco.&nbsp;<\/strong><\/p>\n\n\n\n<p>Gaudi a voulu r\u00e9sumer l\u2019histoire du Salut en faisant appel aux nombreux symboles des cath\u00e9drales et en les rendant accessibles \u00e0 tous.&nbsp;<strong>&nbsp;L\u2019\u00e9glise est d\u00e9di\u00e9e \u00e0 La Sainte Famille car c\u2019est au c\u0153ur de la famille que s\u2019\u00e9panouit et grandit l\u2019\u00eatre humain et c\u2019est dans une famille humaine que Dieu a voulu que son Fils s\u2019incarne.<\/strong>&nbsp;L\u2019ext\u00e9rieur comme l\u2019int\u00e9rieur s\u2019adressent \u00e0 l\u2019imaginaire et \u00e0 la m\u00e9moire innocente. Rien n\u2019est vraiment adulte ici ! La tendresse du petit enfant du portail de la Nativit\u00e9 ouvre le chemin et trace dans l\u2019\u00e2me une aube \u00e9ternellement jeune autour des trois portes de la Foi, de l\u2019Esp\u00e9rance et de la Charit\u00e9.&nbsp;<strong>Les portes de bronze en forme de feuilles de lierre peupl\u00e9es de petits animaux et d\u2019insectes donnent l\u2019impression d\u2019entrer dans un paradis qui n\u2019aurait jamais \u00e9t\u00e9 perdu<\/strong>. La nature flamboyante qui enveloppe cette fa\u00e7ade en concr\u00e9tions de pierre \u00e9treint l\u2019\u00eatre et le domine tout entier : l\u2019arbre de vie, le r\u00e8gne animal, le r\u00e8gne v\u00e9g\u00e9tal, les saints, les anges et les archanges musiciens s\u2019accordent tous ensemble autour de l\u2019humilit\u00e9 du Dieu de la cr\u00e8che.&nbsp;<\/p>\n\n\n\n<div class=\"wp-block-image\"><figure class=\"aligncenter\"><img src=\"https:\/\/i0.wp.com\/laplumedeloiseaulyre.com\/wp-content\/uploads\/2023\/06\/Sagrada-interieur.jpg?resize=768%2C1024\" alt=\"\" class=\"wp-image-14549\"\/><\/figure><\/div>\n\n\n\n<p>Cette basilique qui semble toujours jeune phosphore en son c\u0153ur comme un grand jouet qui clignoterait selon les rayons du soleil.<strong>&nbsp;L\u2019architecte, qui est aussi coloriste, nous fait entrer dans une lanterne magique, ou plut\u00f4t mystique, comme un prestidigitateur. On y retrouve les couleurs et les formes, primaires, pures et vraies&nbsp;: le bleu, le rouge, le jaune, le soleil et les \u00e9toiles, le lion, le taureau, l\u2019aigle et l\u2019ange des \u00e9vang\u00e9listes.&nbsp;<\/strong>Ce joyau de pierre claire taill\u00e9 comme un crayon vers le ciel rayonne d\u2019une forme d\u2019innocence. \u00c0 l\u2019int\u00e9rieur, il n\u2019y a pas d\u2019ombre (sinon color\u00e9e) ni de couleur noire\u2026ou si peu. Les vitraux rappellent l\u2019aspect des billes translucides que l\u2019on regarde \u00e0 la lumi\u00e8re. Le vocabulaire architectural s\u2019impr\u00e8gne du vocabulaire de l\u2019enfance. Les colonnes, les arcs et les escaliers semblent comme des jeux de cubes s\u2019embo\u00eetant maladroitement et devenant harmonieux comme par enchantement gr\u00e2ce \u00e0 la g\u00e9om\u00e9trie de la for\u00eat de piliers, aux arcs en cha\u00eenettes et aux vo\u00fbtes hyperbolo\u00efdes. Les \u00e9critures rappellent des r\u00e9bus et des devinettes faciles. Une fois que l\u2019on est entr\u00e9 dans cette \u00e9glise qui a l\u2019avant-go\u00fbt de la Cit\u00e9 c\u00e9leste, il est difficile d\u2019en ressortir.<strong>&nbsp;Ici, il n\u2019y a aucune ligne droite, tout n\u2019est que courbe souriante comme une bulle de verre et de pierre qui domine le c\u0153ur de toute sa splendeur m\u00e9taphysique.&nbsp;<\/strong><\/p>\n\n\n\n<p>Comme l\u2019eau et le pain, nous avons tant besoin de sacr\u00e9 pour hisser nos \u00e2mes vers les hauteurs !&nbsp;<strong>Les basiliques et les cath\u00e9drales sont l\u00e0 pour nous inviter \u00e0 lever les yeux vers le ciel.&nbsp;<\/strong>C\u2019est la le\u00e7on gigantesque de la Sagrada que d\u2019oser nous ramener \u00e0 la candeur \u00e9merveill\u00e9e de l\u2019enfance n\u00e9cessaire \u00e0 l\u2019acte de foi : \u00ab&nbsp;P\u00e8re, Seigneur du ciel et de la terre,&nbsp;je proclame ta louange :&nbsp;ce que tu as cach\u00e9 aux sages et aux savants, tu l\u2019as r\u00e9v\u00e9l\u00e9 aux tout-petits. \u00bb (Luc 10,21-24). D\u00e9clar\u00e9 Serviteur de Dieu par l\u2019\u00c9glise, la proc\u00e9dure de b\u00e9atification de Gaudi a \u00e9t\u00e9 lanc\u00e9e en 1998 par l\u2019archev\u00eaque de Barcelone. Puisse-t-il nous apprendre \u00e0 b\u00e2tir nos \u00e2mes comme il construisit son chef d\u2019\u0153uvre.&nbsp;<\/p>\n\n\n\n<p><strong><span class=\"has-inline-color has-vivid-cyan-blue-color\">\u00a9GLSG<\/span><\/strong><span class=\"has-inline-color has-vivid-cyan-blue-color\">, article pour la rubrique\u00a0Art et Foi in\u00a0<em>Chemin d\u2019\u00c9ternit\u00e9, Revue du Sanctuaire Notre-Dame de Montligeon<\/em>, n\u00b0313, Nov-D\u00e9c 2022, pp.24-25.<\/span><\/p>\n","protected":false},"excerpt":{"rendered":"<p>Comme grande dut \u00eatre la foi d\u2019Antoni Gaudi quand il construisit la Sagrada Familia, \u00e9trange et \u00e9blouissante basilique t\u00e9moin du modernisme catalan&nbsp;\u00e0 Barcelone. Initi\u00e9e \u00e0 la fin du XIXe&nbsp;si\u00e8cle par l\u2019architecte Francisco de Paula del Villar dans un style n\u00e9ogothique,&hellip;<\/p>\n<p class=\"more-link-p\"><a class=\"more-link\" href=\"http:\/\/laplumedeloiseaulyre.com\/?page_id=15109\">Read more &rarr;<\/a><\/p>\n","protected":false},"author":1,"featured_media":14549,"parent":0,"menu_order":0,"comment_status":"closed","ping_status":"closed","template":"","meta":{"spay_email":""},"jetpack_shortlink":"https:\/\/wp.me\/P4lzfC-3VH","_links":{"self":[{"href":"http:\/\/laplumedeloiseaulyre.com\/index.php?rest_route=\/wp\/v2\/pages\/15109"}],"collection":[{"href":"http:\/\/laplumedeloiseaulyre.com\/index.php?rest_route=\/wp\/v2\/pages"}],"about":[{"href":"http:\/\/laplumedeloiseaulyre.com\/index.php?rest_route=\/wp\/v2\/types\/page"}],"author":[{"embeddable":true,"href":"http:\/\/laplumedeloiseaulyre.com\/index.php?rest_route=\/wp\/v2\/users\/1"}],"replies":[{"embeddable":true,"href":"http:\/\/laplumedeloiseaulyre.com\/index.php?rest_route=%2Fwp%2Fv2%2Fcomments&post=15109"}],"version-history":[{"count":2,"href":"http:\/\/laplumedeloiseaulyre.com\/index.php?rest_route=\/wp\/v2\/pages\/15109\/revisions"}],"predecessor-version":[{"id":15686,"href":"http:\/\/laplumedeloiseaulyre.com\/index.php?rest_route=\/wp\/v2\/pages\/15109\/revisions\/15686"}],"wp:featuredmedia":[{"embeddable":true,"href":"http:\/\/laplumedeloiseaulyre.com\/index.php?rest_route=\/wp\/v2\/media\/14549"}],"wp:attachment":[{"href":"http:\/\/laplumedeloiseaulyre.com\/index.php?rest_route=%2Fwp%2Fv2%2Fmedia&parent=15109"}],"curies":[{"name":"wp","href":"https:\/\/api.w.org\/{rel}","templated":true}]}}