{"id":15104,"date":"2022-08-28T16:42:00","date_gmt":"2022-08-28T16:42:00","guid":{"rendered":"http:\/\/laplumedeloiseaulyre.com\/?page_id=15104"},"modified":"2024-06-03T23:18:30","modified_gmt":"2024-06-03T23:18:30","slug":"la-rencontre-de-jacob-et-rachel-au-puits-par-william-dyce-une-histoire-damour-biblique","status":"publish","type":"page","link":"http:\/\/laplumedeloiseaulyre.com\/?page_id=15104","title":{"rendered":"La rencontre de Jacob et Rachel au puits par William Dyce, une histoire d\u2019amour biblique"},"content":{"rendered":"\n<figure class=\"wp-block-pullquote\"><blockquote><p><em>Peintre anglais de l\u2019\u00e9poque victorienne, William Dyce a laiss\u00e9 plusieurs peintures \u00e0 motif biblique dont\u00a0<\/em>La Rencontre de Jacob et Rachel au puits<em>\u00a0qui fixe le premier face \u00e0 face entre Jacob et Rachel relat\u00e9 dans la Gen\u00e8se (28, 1-14). Comme Dieu l\u2019a promis dans un songe, il donnera \u00e0 Jacob une descendance\u00a0<\/em>\u00ab\u00a0aussi nombreuse que la poussi\u00e8re du sol\u00a0\u00bb.<em>\u00a0Jacob se met en marche et arrive dans la campagne pr\u00e8s d\u2019un puits qui sert \u00e0 abreuver le b\u00e9tail. Il y rencontre Rachel, la fille de Laban qui garde le troupeau de son p\u00e8re. Le peintre saisit l\u2019\u00e9blouissement r\u00e9ciproque qui anime les deux futurs \u00e9poux.\u00a0<\/em><\/p><\/blockquote><\/figure>\n\n\n\n<div class=\"wp-block-image\"><figure class=\"aligncenter\"><img loading=\"lazy\" width=\"600\" height=\"600\" src=\"https:\/\/i2.wp.com\/laplumedeloiseaulyre.com\/wp-content\/uploads\/2023\/06\/600px-William_Dyce_-_The_meeting_of_Jacob_and_Rachel.jpg?resize=600%2C600\" alt=\"\" class=\"wp-image-14554\" srcset=\"https:\/\/i2.wp.com\/laplumedeloiseaulyre.com\/wp-content\/uploads\/2023\/06\/600px-William_Dyce_-_The_meeting_of_Jacob_and_Rachel.jpg?w=600 600w, https:\/\/i2.wp.com\/laplumedeloiseaulyre.com\/wp-content\/uploads\/2023\/06\/600px-William_Dyce_-_The_meeting_of_Jacob_and_Rachel.jpg?resize=300%2C300 300w, https:\/\/i2.wp.com\/laplumedeloiseaulyre.com\/wp-content\/uploads\/2023\/06\/600px-William_Dyce_-_The_meeting_of_Jacob_and_Rachel.jpg?resize=150%2C150 150w, https:\/\/i2.wp.com\/laplumedeloiseaulyre.com\/wp-content\/uploads\/2023\/06\/600px-William_Dyce_-_The_meeting_of_Jacob_and_Rachel.jpg?resize=560%2C560 560w, https:\/\/i2.wp.com\/laplumedeloiseaulyre.com\/wp-content\/uploads\/2023\/06\/600px-William_Dyce_-_The_meeting_of_Jacob_and_Rachel.jpg?resize=160%2C160 160w\" sizes=\"(max-width: 600px) 100vw, 600px\" \/><figcaption><strong>William Dyce (1806-1864)&nbsp;<em>La rencontre<\/em>&nbsp;<em>de Jacob et Rachel au puits,<\/em><\/strong>&nbsp;1850, huile sur toile,&nbsp;70.5 \u00d7 91 cm\u00a9Leicester, Museums and Galleries&nbsp;&nbsp;<\/figcaption><\/figure><\/div>\n\n\n\n<p>Tendu par l\u2019amour soudain, Jacob s\u2019incline, saisit la jeune Rachel et porte sa main droite sur son c\u0153ur. Il enlace son \u00e9paule de sa main gauche avec l\u2019insistance de celui qui d\u00e9couvre son \u00e2me s\u0153ur.&nbsp;<strong>William Dyce repr\u00e9sente la sc\u00e8ne telle qu\u2019elle est d\u00e9crite dans le texte biblique&nbsp;: \u00ab&nbsp;D\u00e8s que Jacob eut vu Rachel, la fille de son oncle Laban, et le troupeau de son oncle Laban, il s\u2019approcha, roula la pierre de sur la bouche du puits et abreuva le b\u00e9tail de son oncle Laban. Jacob donna un baiser \u00e0 Rachel puis \u00e9clata en sanglots.&nbsp;<\/strong>Il apprit \u00e0 Rachel qu\u2019il \u00e9tait le parent de son p\u00e8re et le fils de R\u00e9becca, et elle courut en informer son p\u00e8re.&nbsp;\u00bb La suite du texte t\u00e9moigne de l\u2019amour passionn\u00e9 de Jacob pour Rachel mais, h\u00e9las, Laban souhaite donner sa fille a\u00een\u00e9e L\u00e9a en mariage selon l\u2019usage. Jacob accepte donc de servir Laban pour l\u2019amour de Rachel la cadette \u00ab&nbsp;pendant sept ann\u00e9es qui lui parurent comme quelques jours tellement il l\u2019aimait&nbsp;\u00bb. Cet \u00e9pisode ne laisse pas pr\u00e9sager la complexit\u00e9 de l\u2019histoire sentimentale de Jacob \u00e9voqu\u00e9e dans la suite des chapitres de la Gen\u00e8se.&nbsp;<strong>William Dyce ne souhaite pas entrer dans les d\u00e9tails qui suivront. Il d\u00e9sire seulement imaginer le moment de la naissance de l\u2019amour entre les deux jeunes gens d\u2019une fa\u00e7on quasi-romantique, dans l\u2019esprit de l\u2019art anglais du XIX<sup>e<\/sup>&nbsp;si\u00e8cle p\u00e9tri de sentimentalisme.<\/strong>&nbsp;L\u2019on per\u00e7oit n\u00e9anmoins, \u00e0 travers la noble vision de Dyce, l\u2019aspect intemporel de cette histoire d\u2019amour de la Bible.&nbsp;<\/p>\n\n\n\n<p>Les deux personnages se tiennent au milieu d\u2019un paysage dont l\u2019horizon sert de toile de fond avec un aspect th\u00e9\u00e2tral et min\u00e9ral comme le montre la description minutieuse des rocs, des rochers et du sol pierreux. Au deuxi\u00e8me plan l\u2019on aper\u00e7oit le troupeau de moutons qui constitue l\u2019une des richesses de Laban. La lumi\u00e8re crue illumine le couple comme si nous assistions en direct \u00e0 ce rendez-vous inattendu, au milieu de la chaleur d\u2019un d\u00e9sert sans ombres.&nbsp;<strong>Le peintre s\u2019est efforc\u00e9 de restituer la mati\u00e8re et les motifs des tissus et des peaux de b\u00eate avec une intention presque arch\u00e9ologique.<\/strong>&nbsp;La position en mouvement de Jacob offre un contraste subtil avec l\u2019aspect statique et timide de Rachel qui s\u2019appuie sur le puits avec pudeur, non loin de la jarre en terre cuite qui sert \u00e0 boire. La couleur pourpre de la ceinture du jeune homme fait \u00e9cho \u00e0 la coiffe rouge de la jeune fille.&nbsp;&nbsp;<\/p>\n\n\n\n<p>Il est int\u00e9ressant de comprendre qu\u2019\u00e0 travers cette description id\u00e9alis\u00e9e de la rencontre de Jacob et Rachel au puits,&nbsp;<strong>William Dyce, fervent chr\u00e9tien, souhaite actualiser et humaniser ce th\u00e8me ancien (voire lointain&nbsp;!) et lui donner une saveur authentique et moderne pour son temps.<\/strong>&nbsp;Jacob appara\u00eet comme un jeune homme passionn\u00e9, emport\u00e9 par l\u2019amour qu\u2019il a con\u00e7u \u00e0 la vue de Rachel. Le mouvement des deux mains pos\u00e9es sur sa poitrine est particuli\u00e8rement \u00e9mouvant comme si le futur patriarche voulait faire entendre \u00e0 sa bien-aim\u00e9e les battements de son c\u0153ur. Dans un aveu mutuel, les bras de l\u2019un et de l\u2019autre se rejoignent en formant d\u00e9j\u00e0 un seul cercle de chair, \u00e0 peine conscients qu\u2019ils tissent l\u2019histoire du Salut au bord d\u2019un simple puits.&nbsp;<\/p>\n\n\n\n<p><span class=\"has-inline-color has-vivid-cyan-blue-color\"><strong>\u00a9GLSG<\/strong>, article pour la revue <em>Chemin d\u2019Eternit\u00e9<\/em>, rubrique Art et Foi, n\u00b0311, Juillet\/Ao\u00fbt 2022, pp.20-21\u00a0<\/span><\/p>\n","protected":false},"excerpt":{"rendered":"<p>Peintre anglais de l\u2019\u00e9poque victorienne, William Dyce a laiss\u00e9 plusieurs peintures \u00e0 motif biblique dont\u00a0La Rencontre de Jacob et Rachel au puits\u00a0qui fixe le premier face \u00e0 face entre Jacob et Rachel relat\u00e9 dans la Gen\u00e8se (28, 1-14). Comme Dieu&hellip;<\/p>\n<p class=\"more-link-p\"><a class=\"more-link\" href=\"http:\/\/laplumedeloiseaulyre.com\/?page_id=15104\">Read more &rarr;<\/a><\/p>\n","protected":false},"author":1,"featured_media":14554,"parent":0,"menu_order":0,"comment_status":"closed","ping_status":"closed","template":"","meta":{"spay_email":""},"jetpack_shortlink":"https:\/\/wp.me\/P4lzfC-3VC","_links":{"self":[{"href":"http:\/\/laplumedeloiseaulyre.com\/index.php?rest_route=\/wp\/v2\/pages\/15104"}],"collection":[{"href":"http:\/\/laplumedeloiseaulyre.com\/index.php?rest_route=\/wp\/v2\/pages"}],"about":[{"href":"http:\/\/laplumedeloiseaulyre.com\/index.php?rest_route=\/wp\/v2\/types\/page"}],"author":[{"embeddable":true,"href":"http:\/\/laplumedeloiseaulyre.com\/index.php?rest_route=\/wp\/v2\/users\/1"}],"replies":[{"embeddable":true,"href":"http:\/\/laplumedeloiseaulyre.com\/index.php?rest_route=%2Fwp%2Fv2%2Fcomments&post=15104"}],"version-history":[{"count":4,"href":"http:\/\/laplumedeloiseaulyre.com\/index.php?rest_route=\/wp\/v2\/pages\/15104\/revisions"}],"predecessor-version":[{"id":15687,"href":"http:\/\/laplumedeloiseaulyre.com\/index.php?rest_route=\/wp\/v2\/pages\/15104\/revisions\/15687"}],"wp:featuredmedia":[{"embeddable":true,"href":"http:\/\/laplumedeloiseaulyre.com\/index.php?rest_route=\/wp\/v2\/media\/14554"}],"wp:attachment":[{"href":"http:\/\/laplumedeloiseaulyre.com\/index.php?rest_route=%2Fwp%2Fv2%2Fmedia&parent=15104"}],"curies":[{"name":"wp","href":"https:\/\/api.w.org\/{rel}","templated":true}]}}