{"id":14827,"date":"2023-11-17T00:41:39","date_gmt":"2023-11-17T00:41:39","guid":{"rendered":"http:\/\/laplumedeloiseaulyre.com\/?page_id=14827"},"modified":"2023-11-17T01:23:35","modified_gmt":"2023-11-17T01:23:35","slug":"lherbier-de-lair-roanne","status":"publish","type":"page","link":"http:\/\/laplumedeloiseaulyre.com\/?page_id=14827","title":{"rendered":"L&rsquo;HERBIER DE L&rsquo;AIR (Exposition \u00e0 la M\u00e9diath\u00e8que de Roanne)"},"content":{"rendered":"\n<p>Pr\u00e9sentation de l\u2019exposition L\u2019HERBIER DE L\u2019AIR (\u00e0 venir)<\/p>\n\n\n\n<p>AIR, le recueil de 15 sonnets et cyanotypes \u00e0 lire dans les champs (\u00e0 venir)<\/p>\n\n\n\n<p>Communiqu\u00e9 de presse\/Press kit (\u00e0 venir)<\/p>\n","protected":false},"excerpt":{"rendered":"<p>Pr\u00e9sentation de l\u2019exposition L\u2019HERBIER DE L\u2019AIR (\u00e0 venir) AIR, le recueil de 15 sonnets et cyanotypes \u00e0 lire dans les champs (\u00e0 venir) Communiqu\u00e9 de presse\/Press kit (\u00e0 venir)<\/p>\n<p class=\"more-link-p\"><a class=\"more-link\" href=\"http:\/\/laplumedeloiseaulyre.com\/?page_id=14827\">Read more &rarr;<\/a><\/p>\n","protected":false},"author":1,"featured_media":0,"parent":0,"menu_order":0,"comment_status":"closed","ping_status":"closed","template":"","meta":{"spay_email":""},"jetpack_shortlink":"https:\/\/wp.me\/P4lzfC-3R9","_links":{"self":[{"href":"http:\/\/laplumedeloiseaulyre.com\/index.php?rest_route=\/wp\/v2\/pages\/14827"}],"collection":[{"href":"http:\/\/laplumedeloiseaulyre.com\/index.php?rest_route=\/wp\/v2\/pages"}],"about":[{"href":"http:\/\/laplumedeloiseaulyre.com\/index.php?rest_route=\/wp\/v2\/types\/page"}],"author":[{"embeddable":true,"href":"http:\/\/laplumedeloiseaulyre.com\/index.php?rest_route=\/wp\/v2\/users\/1"}],"replies":[{"embeddable":true,"href":"http:\/\/laplumedeloiseaulyre.com\/index.php?rest_route=%2Fwp%2Fv2%2Fcomments&post=14827"}],"version-history":[{"count":4,"href":"http:\/\/laplumedeloiseaulyre.com\/index.php?rest_route=\/wp\/v2\/pages\/14827\/revisions"}],"predecessor-version":[{"id":14846,"href":"http:\/\/laplumedeloiseaulyre.com\/index.php?rest_route=\/wp\/v2\/pages\/14827\/revisions\/14846"}],"wp:attachment":[{"href":"http:\/\/laplumedeloiseaulyre.com\/index.php?rest_route=%2Fwp%2Fv2%2Fmedia&parent=14827"}],"curies":[{"name":"wp","href":"https:\/\/api.w.org\/{rel}","templated":true}]}}