{"id":14763,"date":"2023-11-17T01:27:49","date_gmt":"2023-11-17T01:27:49","guid":{"rendered":"http:\/\/laplumedeloiseaulyre.com\/?page_id=14763"},"modified":"2023-11-24T11:16:35","modified_gmt":"2023-11-24T11:16:35","slug":"communique-de-presse-press-kit-2","status":"publish","type":"page","link":"http:\/\/laplumedeloiseaulyre.com\/?page_id=14763","title":{"rendered":"Communiqu\u00e9 de presse\/Press kit"},"content":{"rendered":"\n<div class=\"wp-block-file\"><a href=\"http:\/\/laplumedeloiseaulyre.com\/wp-content\/uploads\/2023\/11\/1_Press_kit_Herbier_Air.pdf\">T\u00e9l\u00e9chargez ici le communiqu\u00e9 de presse de l&rsquo;artiste pour l&rsquo;expo L&rsquo;Herbier de l&rsquo;Air <\/a><a href=\"http:\/\/laplumedeloiseaulyre.com\/wp-content\/uploads\/2023\/11\/1_Press_kit_Herbier_Air.pdf\" class=\"wp-block-file__button\" download>Download<\/a><\/div>\n\n\n\n<div class=\"wp-block-file\"><a href=\"http:\/\/laplumedeloiseaulyre.com\/wp-content\/uploads\/2023\/11\/2023_10_PROGRAMME_MEDIATHEQUE_HIVER-1.pdf\">T\u00e9l\u00e9chargez ici le programme de la M\u00e9diath\u00e8que de Roanne (Hiver 2023) <\/a><a href=\"http:\/\/laplumedeloiseaulyre.com\/wp-content\/uploads\/2023\/11\/2023_10_PROGRAMME_MEDIATHEQUE_HIVER-1.pdf\" class=\"wp-block-file__button\" download>Download<\/a><\/div>\n\n\n\n<figure class=\"wp-block-image size-large\"><img loading=\"lazy\" width=\"860\" height=\"848\" src=\"https:\/\/i0.wp.com\/laplumedeloiseaulyre.com\/wp-content\/uploads\/2023\/11\/Capture-decran-2023-11-24-a-12.05.57.png?resize=860%2C848\" alt=\"\" class=\"wp-image-14883\" srcset=\"https:\/\/i0.wp.com\/laplumedeloiseaulyre.com\/wp-content\/uploads\/2023\/11\/Capture-decran-2023-11-24-a-12.05.57.png?resize=1024%2C1010 1024w, https:\/\/i0.wp.com\/laplumedeloiseaulyre.com\/wp-content\/uploads\/2023\/11\/Capture-decran-2023-11-24-a-12.05.57.png?resize=300%2C296 300w, https:\/\/i0.wp.com\/laplumedeloiseaulyre.com\/wp-content\/uploads\/2023\/11\/Capture-decran-2023-11-24-a-12.05.57.png?resize=768%2C758 768w, https:\/\/i0.wp.com\/laplumedeloiseaulyre.com\/wp-content\/uploads\/2023\/11\/Capture-decran-2023-11-24-a-12.05.57.png?resize=560%2C552 560w, https:\/\/i0.wp.com\/laplumedeloiseaulyre.com\/wp-content\/uploads\/2023\/11\/Capture-decran-2023-11-24-a-12.05.57.png?resize=160%2C158 160w, https:\/\/i0.wp.com\/laplumedeloiseaulyre.com\/wp-content\/uploads\/2023\/11\/Capture-decran-2023-11-24-a-12.05.57.png?w=1468 1468w\" sizes=\"(max-width: 860px) 100vw, 860px\" data-recalc-dims=\"1\" \/><\/figure>\n\n\n\n<figure class=\"wp-block-image size-large\"><img loading=\"lazy\" width=\"860\" height=\"843\" src=\"https:\/\/i1.wp.com\/laplumedeloiseaulyre.com\/wp-content\/uploads\/2023\/11\/Capture-decran-2023-11-24-a-12.06.05.png?resize=860%2C843\" alt=\"\" class=\"wp-image-14881\" srcset=\"https:\/\/i1.wp.com\/laplumedeloiseaulyre.com\/wp-content\/uploads\/2023\/11\/Capture-decran-2023-11-24-a-12.06.05.png?resize=1024%2C1004 1024w, https:\/\/i1.wp.com\/laplumedeloiseaulyre.com\/wp-content\/uploads\/2023\/11\/Capture-decran-2023-11-24-a-12.06.05.png?resize=300%2C294 300w, https:\/\/i1.wp.com\/laplumedeloiseaulyre.com\/wp-content\/uploads\/2023\/11\/Capture-decran-2023-11-24-a-12.06.05.png?resize=768%2C753 768w, https:\/\/i1.wp.com\/laplumedeloiseaulyre.com\/wp-content\/uploads\/2023\/11\/Capture-decran-2023-11-24-a-12.06.05.png?resize=560%2C549 560w, https:\/\/i1.wp.com\/laplumedeloiseaulyre.com\/wp-content\/uploads\/2023\/11\/Capture-decran-2023-11-24-a-12.06.05.png?resize=160%2C157 160w, https:\/\/i1.wp.com\/laplumedeloiseaulyre.com\/wp-content\/uploads\/2023\/11\/Capture-decran-2023-11-24-a-12.06.05.png?w=1464 1464w\" sizes=\"(max-width: 860px) 100vw, 860px\" data-recalc-dims=\"1\" \/><\/figure>\n\n\n\n<p><\/p>\n","protected":false},"excerpt":{"rendered":"<p class=\"more-link-p\"><a class=\"more-link\" href=\"http:\/\/laplumedeloiseaulyre.com\/?page_id=14763\">Read more &rarr;<\/a><\/p>\n","protected":false},"author":1,"featured_media":14881,"parent":0,"menu_order":0,"comment_status":"closed","ping_status":"closed","template":"","meta":{"spay_email":""},"jetpack_shortlink":"https:\/\/wp.me\/P4lzfC-3Q7","_links":{"self":[{"href":"http:\/\/laplumedeloiseaulyre.com\/index.php?rest_route=\/wp\/v2\/pages\/14763"}],"collection":[{"href":"http:\/\/laplumedeloiseaulyre.com\/index.php?rest_route=\/wp\/v2\/pages"}],"about":[{"href":"http:\/\/laplumedeloiseaulyre.com\/index.php?rest_route=\/wp\/v2\/types\/page"}],"author":[{"embeddable":true,"href":"http:\/\/laplumedeloiseaulyre.com\/index.php?rest_route=\/wp\/v2\/users\/1"}],"replies":[{"embeddable":true,"href":"http:\/\/laplumedeloiseaulyre.com\/index.php?rest_route=%2Fwp%2Fv2%2Fcomments&post=14763"}],"version-history":[{"count":5,"href":"http:\/\/laplumedeloiseaulyre.com\/index.php?rest_route=\/wp\/v2\/pages\/14763\/revisions"}],"predecessor-version":[{"id":14884,"href":"http:\/\/laplumedeloiseaulyre.com\/index.php?rest_route=\/wp\/v2\/pages\/14763\/revisions\/14884"}],"wp:featuredmedia":[{"embeddable":true,"href":"http:\/\/laplumedeloiseaulyre.com\/index.php?rest_route=\/wp\/v2\/media\/14881"}],"wp:attachment":[{"href":"http:\/\/laplumedeloiseaulyre.com\/index.php?rest_route=%2Fwp%2Fv2%2Fmedia&parent=14763"}],"curies":[{"name":"wp","href":"https:\/\/api.w.org\/{rel}","templated":true}]}}