{"id":14663,"date":"2023-09-21T11:19:26","date_gmt":"2023-09-21T11:19:26","guid":{"rendered":"http:\/\/laplumedeloiseaulyre.com\/?page_id=14663"},"modified":"2023-09-21T11:23:04","modified_gmt":"2023-09-21T11:23:04","slug":"petit-herbier-pour-la-paix-2023","status":"publish","type":"page","link":"http:\/\/laplumedeloiseaulyre.com\/?page_id=14663","title":{"rendered":"PETIT HERBIER POUR LA PAIX (2023)"},"content":{"rendered":"\n<p><\/p>\n\n\n\n<figure class=\"wp-block-video aligncenter\"><video controls src=\"http:\/\/laplumedeloiseaulyre.com\/wp-content\/uploads\/2023\/09\/Herbier_Paix-1.mp4\"><\/video><\/figure>\n\n\n\n<p>Chaque ann\u00e9e, la<a rel=\"noreferrer noopener\" href=\"https:\/\/www.un.org\/fr\/observances\/international-day-peace\" target=\"_blank\"> Journ\u00e9e internationale de la Paix<\/a> est c\u00e9l\u00e9br\u00e9e dans le monde entier le 21 septembre. L&rsquo;ONU invite \u00e0 observer 24h de non-violence et de cessez-le-feu. Selon l&rsquo;organisation : &laquo;&nbsp;Jamais notre monde n&rsquo;a eu autant besoin de paix&nbsp;&raquo;. Sont encourag\u00e9es les actions, rassemblements, projets culturels pour sensibiliser \u00e0 la PAIX et au d\u00e9veloppement durable (voir <a rel=\"noreferrer noopener\" href=\"https:\/\/www.un.org\/fr\/observances\/international-day-peace\/2023\/action-guide\" target=\"_blank\">guide d&rsquo;action<\/a>).<\/p>\n\n\n\n<div class=\"wp-block-image\"><figure class=\"aligncenter size-large\"><img loading=\"lazy\" width=\"768\" height=\"1024\" src=\"https:\/\/i1.wp.com\/laplumedeloiseaulyre.com\/wp-content\/uploads\/2023\/08\/IMG_9763.jpeg?resize=768%2C1024\" alt=\"\" class=\"wp-image-14634\" srcset=\"https:\/\/i2.wp.com\/laplumedeloiseaulyre.com\/wp-content\/uploads\/2023\/08\/IMG_9763-scaled.jpeg?resize=768%2C1024 768w, https:\/\/i2.wp.com\/laplumedeloiseaulyre.com\/wp-content\/uploads\/2023\/08\/IMG_9763-scaled.jpeg?resize=225%2C300 225w, https:\/\/i2.wp.com\/laplumedeloiseaulyre.com\/wp-content\/uploads\/2023\/08\/IMG_9763-scaled.jpeg?resize=1152%2C1536 1152w, https:\/\/i2.wp.com\/laplumedeloiseaulyre.com\/wp-content\/uploads\/2023\/08\/IMG_9763-scaled.jpeg?resize=1536%2C2048 1536w, https:\/\/i2.wp.com\/laplumedeloiseaulyre.com\/wp-content\/uploads\/2023\/08\/IMG_9763-scaled.jpeg?resize=560%2C747 560w, https:\/\/i2.wp.com\/laplumedeloiseaulyre.com\/wp-content\/uploads\/2023\/08\/IMG_9763-scaled.jpeg?resize=160%2C213 160w, https:\/\/i2.wp.com\/laplumedeloiseaulyre.com\/wp-content\/uploads\/2023\/08\/IMG_9763-scaled.jpeg?w=1920 1920w, https:\/\/i2.wp.com\/laplumedeloiseaulyre.com\/wp-content\/uploads\/2023\/08\/IMG_9763-scaled.jpeg?w=1720 1720w\" sizes=\"(max-width: 768px) 100vw, 768px\" data-recalc-dims=\"1\" \/><\/figure><\/div>\n\n\n\n<p>\u00c0 J\u00e9rusalem, j&rsquo;ai cr\u00e9\u00e9 en avril 2023 un herbier d\u00e9di\u00e9 \u00e0 la PAIX, en cueillant de fa\u00e7on raisonn\u00e9e de simples fleurs, des restes de v\u00e9g\u00e9taux n\u00e9s dans les d\u00e9combres, des fleurs donn\u00e9es dans les c\u00e9r\u00e9monies religieuses, des parcelles de plantes au creux des parois, quelques fleurs des jardins priv\u00e9s, les n\u00e9glig\u00e9es au pied du mur, des brins d&rsquo;herbes des ruines, des atomes de feuillages, <strong>\u00e0 l&rsquo;ombre des \u00e9glises, des mosqu\u00e9es et des synagogues<\/strong>. Je voulais un journal botanique et pacifique, un herbier comme un ouvrage de PAIX, rouge SANG, fragile, humble. J&rsquo;ai choisi des plantes (aban)donn\u00e9es* (*Aucune plante rare ou prot\u00e9g\u00e9e n&rsquo;a \u00e9t\u00e9 cueillie). Une fleur m&rsquo;a \u00e9t\u00e9 spontan\u00e9ment offerte par un militaire.<\/p>\n\n\n\n<div class=\"wp-block-image\"><figure class=\"aligncenter size-large\"><img loading=\"lazy\" width=\"768\" height=\"1024\" src=\"https:\/\/i1.wp.com\/laplumedeloiseaulyre.com\/wp-content\/uploads\/2023\/08\/IMG_9767.jpeg?resize=768%2C1024\" alt=\"\" class=\"wp-image-14635\" srcset=\"https:\/\/i0.wp.com\/laplumedeloiseaulyre.com\/wp-content\/uploads\/2023\/08\/IMG_9767-scaled.jpeg?resize=768%2C1024 768w, https:\/\/i0.wp.com\/laplumedeloiseaulyre.com\/wp-content\/uploads\/2023\/08\/IMG_9767-scaled.jpeg?resize=225%2C300 225w, https:\/\/i0.wp.com\/laplumedeloiseaulyre.com\/wp-content\/uploads\/2023\/08\/IMG_9767-scaled.jpeg?resize=1152%2C1536 1152w, https:\/\/i0.wp.com\/laplumedeloiseaulyre.com\/wp-content\/uploads\/2023\/08\/IMG_9767-scaled.jpeg?resize=1536%2C2048 1536w, https:\/\/i0.wp.com\/laplumedeloiseaulyre.com\/wp-content\/uploads\/2023\/08\/IMG_9767-scaled.jpeg?resize=560%2C747 560w, https:\/\/i0.wp.com\/laplumedeloiseaulyre.com\/wp-content\/uploads\/2023\/08\/IMG_9767-scaled.jpeg?resize=160%2C213 160w, https:\/\/i0.wp.com\/laplumedeloiseaulyre.com\/wp-content\/uploads\/2023\/08\/IMG_9767-scaled.jpeg?w=1920 1920w, https:\/\/i0.wp.com\/laplumedeloiseaulyre.com\/wp-content\/uploads\/2023\/08\/IMG_9767-scaled.jpeg?w=1720 1720w\" sizes=\"(max-width: 768px) 100vw, 768px\" data-recalc-dims=\"1\" \/><\/figure><\/div>\n\n\n\n<p><strong>Cet herbier prend la forme d\u2019un petit ouvrage m\u00ealant botanique, symbolique et sens sacr\u00e9 de la nature, h\u00e9ritage commun de tous<\/strong> au service d&rsquo;une culture de la paix pour tous.<\/p>\n\n\n\n<div class=\"wp-block-image\"><figure class=\"aligncenter size-large\"><img loading=\"lazy\" width=\"768\" height=\"1024\" src=\"https:\/\/i2.wp.com\/laplumedeloiseaulyre.com\/wp-content\/uploads\/2023\/08\/IMG_9692.jpeg?resize=768%2C1024\" alt=\"\" class=\"wp-image-14636\" srcset=\"https:\/\/i1.wp.com\/laplumedeloiseaulyre.com\/wp-content\/uploads\/2023\/08\/IMG_9692-scaled.jpeg?resize=768%2C1024 768w, https:\/\/i1.wp.com\/laplumedeloiseaulyre.com\/wp-content\/uploads\/2023\/08\/IMG_9692-scaled.jpeg?resize=225%2C300 225w, https:\/\/i1.wp.com\/laplumedeloiseaulyre.com\/wp-content\/uploads\/2023\/08\/IMG_9692-scaled.jpeg?resize=1152%2C1536 1152w, https:\/\/i1.wp.com\/laplumedeloiseaulyre.com\/wp-content\/uploads\/2023\/08\/IMG_9692-scaled.jpeg?resize=1536%2C2048 1536w, https:\/\/i1.wp.com\/laplumedeloiseaulyre.com\/wp-content\/uploads\/2023\/08\/IMG_9692-scaled.jpeg?resize=560%2C747 560w, https:\/\/i1.wp.com\/laplumedeloiseaulyre.com\/wp-content\/uploads\/2023\/08\/IMG_9692-scaled.jpeg?resize=160%2C213 160w, https:\/\/i1.wp.com\/laplumedeloiseaulyre.com\/wp-content\/uploads\/2023\/08\/IMG_9692-scaled.jpeg?w=1920 1920w, https:\/\/i1.wp.com\/laplumedeloiseaulyre.com\/wp-content\/uploads\/2023\/08\/IMG_9692-scaled.jpeg?w=1720 1720w\" sizes=\"(max-width: 768px) 100vw, 768px\" data-recalc-dims=\"1\" \/><\/figure><\/div>\n\n\n\n<p>Que la PAIX r\u00e9jouisse les \u00e2mes et tous ceux qui l&rsquo;aiment !<\/p>\n\n\n\n<p><strong>\u00a9GLSG, le 21 septembre 2023<\/strong><\/p>\n\n\n\n<p>#objectifsmondiaux #Journ\u00e9edelapaix #Peaceday #herbier #herbarium #botanique #botany #green #petitherbierpourlapaix&nbsp;#actionenfaveurdelapaix<\/p>\n\n\n\n<div class=\"wp-block-image\"><figure class=\"aligncenter size-large\"><img loading=\"lazy\" width=\"768\" height=\"1024\" src=\"https:\/\/i1.wp.com\/laplumedeloiseaulyre.com\/wp-content\/uploads\/2023\/08\/IMG_9561.jpeg?resize=768%2C1024\" alt=\"\" class=\"wp-image-14637\" srcset=\"https:\/\/i1.wp.com\/laplumedeloiseaulyre.com\/wp-content\/uploads\/2023\/08\/IMG_9561-scaled.jpeg?resize=768%2C1024 768w, https:\/\/i1.wp.com\/laplumedeloiseaulyre.com\/wp-content\/uploads\/2023\/08\/IMG_9561-scaled.jpeg?resize=225%2C300 225w, https:\/\/i1.wp.com\/laplumedeloiseaulyre.com\/wp-content\/uploads\/2023\/08\/IMG_9561-scaled.jpeg?resize=1152%2C1536 1152w, https:\/\/i1.wp.com\/laplumedeloiseaulyre.com\/wp-content\/uploads\/2023\/08\/IMG_9561-scaled.jpeg?resize=1536%2C2048 1536w, https:\/\/i1.wp.com\/laplumedeloiseaulyre.com\/wp-content\/uploads\/2023\/08\/IMG_9561-scaled.jpeg?resize=560%2C747 560w, https:\/\/i1.wp.com\/laplumedeloiseaulyre.com\/wp-content\/uploads\/2023\/08\/IMG_9561-scaled.jpeg?resize=160%2C213 160w, https:\/\/i1.wp.com\/laplumedeloiseaulyre.com\/wp-content\/uploads\/2023\/08\/IMG_9561-scaled.jpeg?w=1920 1920w, https:\/\/i1.wp.com\/laplumedeloiseaulyre.com\/wp-content\/uploads\/2023\/08\/IMG_9561-scaled.jpeg?w=1720 1720w\" sizes=\"(max-width: 768px) 100vw, 768px\" data-recalc-dims=\"1\" \/><figcaption><img src=\"https:\/\/i1.wp.com\/laplumedeloiseaulyre.com\/wp-content\/uploads\/2023\/08\/IMG_9945.jpeg?resize=768%2C1024\" alt=\"\" data-recalc-dims=\"1\"><\/figcaption><\/figure><\/div>\n\n\n\n<div class=\"wp-block-image\"><figure class=\"aligncenter size-large\"><img loading=\"lazy\" width=\"768\" height=\"1024\" src=\"https:\/\/i1.wp.com\/laplumedeloiseaulyre.com\/wp-content\/uploads\/2023\/08\/IMG_0077.jpg?resize=768%2C1024\" alt=\"\" class=\"wp-image-14640\" srcset=\"https:\/\/i1.wp.com\/laplumedeloiseaulyre.com\/wp-content\/uploads\/2023\/08\/IMG_0077-scaled.jpg?resize=768%2C1024 768w, https:\/\/i1.wp.com\/laplumedeloiseaulyre.com\/wp-content\/uploads\/2023\/08\/IMG_0077-scaled.jpg?resize=225%2C300 225w, https:\/\/i1.wp.com\/laplumedeloiseaulyre.com\/wp-content\/uploads\/2023\/08\/IMG_0077-scaled.jpg?resize=1152%2C1536 1152w, https:\/\/i1.wp.com\/laplumedeloiseaulyre.com\/wp-content\/uploads\/2023\/08\/IMG_0077-scaled.jpg?resize=1536%2C2048 1536w, https:\/\/i1.wp.com\/laplumedeloiseaulyre.com\/wp-content\/uploads\/2023\/08\/IMG_0077-scaled.jpg?resize=560%2C747 560w, https:\/\/i1.wp.com\/laplumedeloiseaulyre.com\/wp-content\/uploads\/2023\/08\/IMG_0077-scaled.jpg?resize=160%2C213 160w, https:\/\/i1.wp.com\/laplumedeloiseaulyre.com\/wp-content\/uploads\/2023\/08\/IMG_0077-scaled.jpg?w=1920 1920w, https:\/\/i1.wp.com\/laplumedeloiseaulyre.com\/wp-content\/uploads\/2023\/08\/IMG_0077-scaled.jpg?w=1720 1720w\" sizes=\"(max-width: 768px) 100vw, 768px\" data-recalc-dims=\"1\" \/><\/figure><\/div>\n","protected":false},"excerpt":{"rendered":"<p>Chaque ann\u00e9e, la Journ\u00e9e internationale de la Paix est c\u00e9l\u00e9br\u00e9e dans le monde entier le 21 septembre. L&rsquo;ONU invite \u00e0 observer 24h de non-violence et de cessez-le-feu. Selon l&rsquo;organisation : &laquo;&nbsp;Jamais notre monde n&rsquo;a eu autant besoin de paix&nbsp;&raquo;. Sont&hellip;<\/p>\n<p class=\"more-link-p\"><a class=\"more-link\" href=\"http:\/\/laplumedeloiseaulyre.com\/?page_id=14663\">Read more &rarr;<\/a><\/p>\n","protected":false},"author":1,"featured_media":0,"parent":0,"menu_order":0,"comment_status":"closed","ping_status":"closed","template":"","meta":{"spay_email":""},"jetpack_shortlink":"https:\/\/wp.me\/P4lzfC-3Ov","_links":{"self":[{"href":"http:\/\/laplumedeloiseaulyre.com\/index.php?rest_route=\/wp\/v2\/pages\/14663"}],"collection":[{"href":"http:\/\/laplumedeloiseaulyre.com\/index.php?rest_route=\/wp\/v2\/pages"}],"about":[{"href":"http:\/\/laplumedeloiseaulyre.com\/index.php?rest_route=\/wp\/v2\/types\/page"}],"author":[{"embeddable":true,"href":"http:\/\/laplumedeloiseaulyre.com\/index.php?rest_route=\/wp\/v2\/users\/1"}],"replies":[{"embeddable":true,"href":"http:\/\/laplumedeloiseaulyre.com\/index.php?rest_route=%2Fwp%2Fv2%2Fcomments&post=14663"}],"version-history":[{"count":2,"href":"http:\/\/laplumedeloiseaulyre.com\/index.php?rest_route=\/wp\/v2\/pages\/14663\/revisions"}],"predecessor-version":[{"id":14668,"href":"http:\/\/laplumedeloiseaulyre.com\/index.php?rest_route=\/wp\/v2\/pages\/14663\/revisions\/14668"}],"wp:attachment":[{"href":"http:\/\/laplumedeloiseaulyre.com\/index.php?rest_route=%2Fwp%2Fv2%2Fmedia&parent=14663"}],"curies":[{"name":"wp","href":"https:\/\/api.w.org\/{rel}","templated":true}]}}