{"id":14225,"date":"2023-01-08T20:16:46","date_gmt":"2023-01-08T20:16:46","guid":{"rendered":"http:\/\/laplumedeloiseaulyre.com\/?page_id=14225"},"modified":"2023-01-08T20:16:46","modified_gmt":"2023-01-08T20:16:46","slug":"eloge-du-ductus-et-de-lesthetique-botanique-texte","status":"publish","type":"page","link":"http:\/\/laplumedeloiseaulyre.com\/?page_id=14225","title":{"rendered":"\u00c9loge du Ductus et de l&rsquo;esth\u00e9tique botanique (texte)"},"content":{"rendered":"\n<div class=\"wp-block-image\"><figure class=\"aligncenter size-large\"><img loading=\"lazy\" width=\"768\" height=\"1024\" src=\"https:\/\/i1.wp.com\/laplumedeloiseaulyre.com\/wp-content\/uploads\/2023\/01\/193_Ductus_1-1.jpeg?resize=768%2C1024\" alt=\"\" class=\"wp-image-14181\" srcset=\"https:\/\/i2.wp.com\/laplumedeloiseaulyre.com\/wp-content\/uploads\/2023\/01\/193_Ductus_1-1-scaled.jpeg?resize=768%2C1024 768w, https:\/\/i2.wp.com\/laplumedeloiseaulyre.com\/wp-content\/uploads\/2023\/01\/193_Ductus_1-1-scaled.jpeg?resize=225%2C300 225w, https:\/\/i2.wp.com\/laplumedeloiseaulyre.com\/wp-content\/uploads\/2023\/01\/193_Ductus_1-1-scaled.jpeg?resize=1152%2C1536 1152w, https:\/\/i2.wp.com\/laplumedeloiseaulyre.com\/wp-content\/uploads\/2023\/01\/193_Ductus_1-1-scaled.jpeg?resize=1536%2C2048 1536w, https:\/\/i2.wp.com\/laplumedeloiseaulyre.com\/wp-content\/uploads\/2023\/01\/193_Ductus_1-1-scaled.jpeg?resize=560%2C747 560w, https:\/\/i2.wp.com\/laplumedeloiseaulyre.com\/wp-content\/uploads\/2023\/01\/193_Ductus_1-1-scaled.jpeg?resize=160%2C213 160w, https:\/\/i2.wp.com\/laplumedeloiseaulyre.com\/wp-content\/uploads\/2023\/01\/193_Ductus_1-1-scaled.jpeg?w=1920 1920w, https:\/\/i2.wp.com\/laplumedeloiseaulyre.com\/wp-content\/uploads\/2023\/01\/193_Ductus_1-1-scaled.jpeg?w=1720 1720w\" sizes=\"(max-width: 768px) 100vw, 768px\" data-recalc-dims=\"1\" \/><\/figure><\/div>\n\n\n\n<p>\u00ab&nbsp;Dans une civilisation de plus en plus virtuelle et tourn\u00e9e vers l\u2019abstraction, il m\u2019a \u00e9t\u00e9 n\u00e9cessaire de revenir \u00e0 la mati\u00e8re, \u00e0 la main, \u00e0 l\u2019\u00e9criture, au \u00ab&nbsp;ductus&nbsp;\u00bb et \u00e0 tout ce qui contribue \u00e0 nous rendre charnels, comme la nature est elle-m\u00eame charnelle \u00e0 sa fa\u00e7on.&nbsp;<strong>Cet herbier-manuscrit est appel\u00e9 \u00e0 \u00eatre consult\u00e9, touch\u00e9 et \u00e0 confier ses pages d\u00e9licates aux mains des visiteurs.&nbsp;<\/strong>Il est le fruit d\u2019un travail patient de plusieurs mois qui s\u2019est d\u00e9roul\u00e9 en \u00e9tapes pr\u00e9cises&nbsp;:&nbsp;&nbsp;cueillette des sp\u00e9cimens, s\u00e9chage sous presse avec a\u00e9ration r\u00e9guli\u00e8re, v\u00e9rification de la tenue des v\u00e9g\u00e9taux, identification des plantes, organisation du recueil, montage des sp\u00e9cimens pour les fixer de fa\u00e7on optimale et\u2026\u00e9criture.&nbsp;<\/p>\n\n\n\n<p>C\u2019\u00e9tait instinctif&nbsp;! C\u2019\u00e9tait une intuition qui m\u2019est devenue une \u00e9vidence&nbsp;:&nbsp;&nbsp;&nbsp;<strong>il me fallait prendre la plume et \u00e9crire, en trempant jour apr\u00e8s jour cette plume dans l\u2019encrier afin de \u00ab&nbsp;broder&nbsp;\u00bb en encre s\u00e9pia chaque nom de plante sur le papier comme un labyrinthe botanique<\/strong>. Au rythme de l\u2019\u00e9t\u00e9 2022, j\u2019ai pris le temps bienheureux d\u2019\u00e9crire dans l\u2019ombre, page apr\u00e8s page, en fran\u00e7ais et en latin, les titres des sp\u00e9cimens que j\u2019avais cueillis quand le soleil \u00e9tait encore au z\u00e9nith de juin. Et j\u2019ai r\u00e9fl\u00e9chi au beau terme de<em>&nbsp;ductus&nbsp;<\/em>qui est issu du latin&nbsp;<em>ducere<\/em>&nbsp;c\u2019est-\u00e0-dire \u00ab&nbsp;tirer, conduire&nbsp;\u00bb, tracer&nbsp;\u00bb. Il est employ\u00e9 plus particuli\u00e8rement pour d\u00e9signer l\u2019action de tracer des lettres et de diriger sa main, notamment dans le geste de l\u2019\u00e9criture. Avec l\u2019\u00e8re du num\u00e9rique, nous tra\u00e7ons de moins en moins nos mots&nbsp;: nous les \u00ab&nbsp;tapons&nbsp;\u00bb&nbsp;! Mais entre tracer et taper, que de nuances&nbsp;! Il semble que la personnalit\u00e9 s\u2019efface soudain et que ce geste s\u00e9culaire et civilis\u00e9 de l\u2019\u00e9criture, propre \u00e0 chacun et unique comme toute empreinte digitale, s\u2019abolit au profit de textes simplement informatiques. Et je ne voulais pas, je ne voulais rien d\u2019informatique dans ce recueil. Il fallait y faire circuler le sang de l\u2019encre ou rien&nbsp;!<strong><\/strong><\/p>\n\n\n\n<p>J\u2019ai donc courb\u00e9 la main, \u00e9treint ma plume, trac\u00e9 chaque caract\u00e8re avec l\u2019heureuse souffrance et la myst\u00e9rieuse joie que procure le fait de mettre au monde un&nbsp;<em>unicum<\/em>, une \u0153uvre unique, une cr\u00e9ation originale. Quelques taches ou ratures, in\u00e9vitables, apparaissent parfois. Je n\u2019ai rien fait pour les dissimuler vraiment comme certaines cassures de plantes r\u00e9v\u00e8lent leur absolue fragilit\u00e9&nbsp;: il n\u2019\u00e9tait pas question de supprimer ces t\u00e9moignages comme l\u2019on ne peut gommer la cicatrice d\u2019une blessure.&nbsp;<strong>Il faut que le papier palpite et redise \u00e0 jamais les efforts de la main qui a souri et pleur\u00e9 en tra\u00e7ant la rivi\u00e8re d\u2019encre d\u00e9sormais ass\u00e9ch\u00e9e mais riche de son effort pour chercher \u00e0 unir botanique et esth\u00e9tique.&nbsp;<\/strong>Il fallait que le<em>&nbsp;ductus<\/em>&nbsp;de l\u2019\u00e9criture fasse \u00e9cho au<em>&nbsp;ductus&nbsp;<\/em>du mouvement des plantes qui anime leur structure et parer d\u2019escarbilles d\u2019or ces signes offerts au regard.&nbsp;<\/p>\n\n\n\n<p>Et maintenant, Herbier, va vers ta destin\u00e9e, redire \u00e0 ceux qui te liront combien la main de la Nature est harmonieuse !&nbsp;\u00bb<\/p>\n\n\n\n<p>Gabrielle de Lassus Saint-Geni\u00e8s, \u00e9t\u00e9 2022<\/p>\n\n\n\n<figure class=\"wp-block-image size-large\"><img loading=\"lazy\" width=\"768\" height=\"1024\" src=\"https:\/\/i1.wp.com\/laplumedeloiseaulyre.com\/wp-content\/uploads\/2023\/01\/87_Geranium_2_detail.jpeg?resize=768%2C1024\" alt=\"\" class=\"wp-image-14184\" srcset=\"https:\/\/i1.wp.com\/laplumedeloiseaulyre.com\/wp-content\/uploads\/2023\/01\/87_Geranium_2_detail-scaled.jpeg?resize=768%2C1024 768w, https:\/\/i1.wp.com\/laplumedeloiseaulyre.com\/wp-content\/uploads\/2023\/01\/87_Geranium_2_detail-scaled.jpeg?resize=225%2C300 225w, https:\/\/i1.wp.com\/laplumedeloiseaulyre.com\/wp-content\/uploads\/2023\/01\/87_Geranium_2_detail-scaled.jpeg?resize=1152%2C1536 1152w, https:\/\/i1.wp.com\/laplumedeloiseaulyre.com\/wp-content\/uploads\/2023\/01\/87_Geranium_2_detail-scaled.jpeg?resize=1536%2C2048 1536w, https:\/\/i1.wp.com\/laplumedeloiseaulyre.com\/wp-content\/uploads\/2023\/01\/87_Geranium_2_detail-scaled.jpeg?resize=560%2C747 560w, https:\/\/i1.wp.com\/laplumedeloiseaulyre.com\/wp-content\/uploads\/2023\/01\/87_Geranium_2_detail-scaled.jpeg?resize=160%2C213 160w, https:\/\/i1.wp.com\/laplumedeloiseaulyre.com\/wp-content\/uploads\/2023\/01\/87_Geranium_2_detail-scaled.jpeg?w=1920 1920w, https:\/\/i1.wp.com\/laplumedeloiseaulyre.com\/wp-content\/uploads\/2023\/01\/87_Geranium_2_detail-scaled.jpeg?w=1720 1720w\" sizes=\"(max-width: 768px) 100vw, 768px\" data-recalc-dims=\"1\" \/><\/figure>\n","protected":false},"excerpt":{"rendered":"<p>\u00ab&nbsp;Dans une civilisation de plus en plus virtuelle et tourn\u00e9e vers l\u2019abstraction, il m\u2019a \u00e9t\u00e9 n\u00e9cessaire de revenir \u00e0 la mati\u00e8re, \u00e0 la main, \u00e0 l\u2019\u00e9criture, au \u00ab&nbsp;ductus&nbsp;\u00bb et \u00e0 tout ce qui contribue \u00e0 nous rendre charnels, comme la&hellip;<\/p>\n<p class=\"more-link-p\"><a class=\"more-link\" href=\"http:\/\/laplumedeloiseaulyre.com\/?page_id=14225\">Read more &rarr;<\/a><\/p>\n","protected":false},"author":1,"featured_media":0,"parent":0,"menu_order":0,"comment_status":"closed","ping_status":"closed","template":"","meta":{"spay_email":""},"jetpack_shortlink":"https:\/\/wp.me\/P4lzfC-3Hr","_links":{"self":[{"href":"http:\/\/laplumedeloiseaulyre.com\/index.php?rest_route=\/wp\/v2\/pages\/14225"}],"collection":[{"href":"http:\/\/laplumedeloiseaulyre.com\/index.php?rest_route=\/wp\/v2\/pages"}],"about":[{"href":"http:\/\/laplumedeloiseaulyre.com\/index.php?rest_route=\/wp\/v2\/types\/page"}],"author":[{"embeddable":true,"href":"http:\/\/laplumedeloiseaulyre.com\/index.php?rest_route=\/wp\/v2\/users\/1"}],"replies":[{"embeddable":true,"href":"http:\/\/laplumedeloiseaulyre.com\/index.php?rest_route=%2Fwp%2Fv2%2Fcomments&post=14225"}],"version-history":[{"count":1,"href":"http:\/\/laplumedeloiseaulyre.com\/index.php?rest_route=\/wp\/v2\/pages\/14225\/revisions"}],"predecessor-version":[{"id":14226,"href":"http:\/\/laplumedeloiseaulyre.com\/index.php?rest_route=\/wp\/v2\/pages\/14225\/revisions\/14226"}],"wp:attachment":[{"href":"http:\/\/laplumedeloiseaulyre.com\/index.php?rest_route=%2Fwp%2Fv2%2Fmedia&parent=14225"}],"curies":[{"name":"wp","href":"https:\/\/api.w.org\/{rel}","templated":true}]}}