{"id":14216,"date":"2023-01-08T20:08:37","date_gmt":"2023-01-08T20:08:37","guid":{"rendered":"http:\/\/laplumedeloiseaulyre.com\/?page_id=14216"},"modified":"2023-01-08T20:21:32","modified_gmt":"2023-01-08T20:21:32","slug":"le-cyanotype-de-berce-une-plante-locale","status":"publish","type":"page","link":"http:\/\/laplumedeloiseaulyre.com\/?page_id=14216","title":{"rendered":"Un cyanotype de Berce, une plante locale"},"content":{"rendered":"\n<div class=\"wp-block-image\"><figure class=\"aligncenter size-large\"><img loading=\"lazy\" width=\"768\" height=\"1024\" src=\"https:\/\/i1.wp.com\/laplumedeloiseaulyre.com\/wp-content\/uploads\/2023\/01\/17_Berce.jpeg?resize=768%2C1024\" alt=\"\" class=\"wp-image-14176\" srcset=\"https:\/\/i0.wp.com\/laplumedeloiseaulyre.com\/wp-content\/uploads\/2023\/01\/17_Berce-scaled.jpeg?resize=768%2C1024 768w, https:\/\/i0.wp.com\/laplumedeloiseaulyre.com\/wp-content\/uploads\/2023\/01\/17_Berce-scaled.jpeg?resize=225%2C300 225w, https:\/\/i0.wp.com\/laplumedeloiseaulyre.com\/wp-content\/uploads\/2023\/01\/17_Berce-scaled.jpeg?resize=1152%2C1536 1152w, https:\/\/i0.wp.com\/laplumedeloiseaulyre.com\/wp-content\/uploads\/2023\/01\/17_Berce-scaled.jpeg?resize=1536%2C2048 1536w, https:\/\/i0.wp.com\/laplumedeloiseaulyre.com\/wp-content\/uploads\/2023\/01\/17_Berce-scaled.jpeg?resize=560%2C747 560w, https:\/\/i0.wp.com\/laplumedeloiseaulyre.com\/wp-content\/uploads\/2023\/01\/17_Berce-scaled.jpeg?resize=160%2C213 160w, https:\/\/i0.wp.com\/laplumedeloiseaulyre.com\/wp-content\/uploads\/2023\/01\/17_Berce-scaled.jpeg?w=1920 1920w, https:\/\/i0.wp.com\/laplumedeloiseaulyre.com\/wp-content\/uploads\/2023\/01\/17_Berce-scaled.jpeg?w=1720 1720w\" sizes=\"(max-width: 768px) 100vw, 768px\" data-recalc-dims=\"1\" \/><figcaption><strong>Sp\u00e9cimen de la BERCE SPHONDYLE (<em>Heracleum sphondylium<\/em>)  <\/strong><br>herbier de Bussy 2022 \u00a9Cmn\/GLSG<\/figcaption><\/figure><\/div>\n\n\n\n<p>Au cours du montage de l\u2019herbier, j\u2019ai \u00e9t\u00e9 inspir\u00e9e par les formes de la <strong>Berce sphondyle<\/strong> (<em>Heracleum sphondylium<\/em>) qui cro\u00eet spontan\u00e9ment dans les prairies de Bussy. J\u2019ai donc introduit ce tirage unique fait avec le sp\u00e9cimen qui figure p.17 et qui permet de montrer un aspect de la plante dans sa silhouette. Elle rappelle aussi une technique ancienne de photogramme du XIX<sup>e&nbsp;<\/sup>si\u00e8cle.<\/p>\n\n\n\n<div class=\"wp-block-image\"><figure class=\"aligncenter size-large\"><img loading=\"lazy\" width=\"831\" height=\"1024\" src=\"https:\/\/i1.wp.com\/laplumedeloiseaulyre.com\/wp-content\/uploads\/2022\/12\/191_Cyano-1.jpeg?resize=831%2C1024\" alt=\"\" class=\"wp-image-14128\" srcset=\"https:\/\/i1.wp.com\/laplumedeloiseaulyre.com\/wp-content\/uploads\/2022\/12\/191_Cyano-1-scaled.jpeg?resize=831%2C1024 831w, https:\/\/i1.wp.com\/laplumedeloiseaulyre.com\/wp-content\/uploads\/2022\/12\/191_Cyano-1-scaled.jpeg?resize=243%2C300 243w, https:\/\/i1.wp.com\/laplumedeloiseaulyre.com\/wp-content\/uploads\/2022\/12\/191_Cyano-1-scaled.jpeg?resize=768%2C946 768w, https:\/\/i1.wp.com\/laplumedeloiseaulyre.com\/wp-content\/uploads\/2022\/12\/191_Cyano-1-scaled.jpeg?resize=1246%2C1536 1246w, https:\/\/i1.wp.com\/laplumedeloiseaulyre.com\/wp-content\/uploads\/2022\/12\/191_Cyano-1-scaled.jpeg?resize=1662%2C2048 1662w, https:\/\/i1.wp.com\/laplumedeloiseaulyre.com\/wp-content\/uploads\/2022\/12\/191_Cyano-1-scaled.jpeg?resize=560%2C690 560w, https:\/\/i1.wp.com\/laplumedeloiseaulyre.com\/wp-content\/uploads\/2022\/12\/191_Cyano-1-scaled.jpeg?resize=160%2C197 160w, https:\/\/i1.wp.com\/laplumedeloiseaulyre.com\/wp-content\/uploads\/2022\/12\/191_Cyano-1-scaled.jpeg?w=1720 1720w\" sizes=\"(max-width: 831px) 100vw, 831px\" data-recalc-dims=\"1\" \/><figcaption><strong>BERCE SPHONDYLE (<em>Heracleum sphondylium<\/em>) <\/strong>cyanotype,<br>herbier de Bussy 2022 \u00a9Cmn\/GLSG<\/figcaption><\/figure><\/div>\n\n\n\n<p class=\"has-text-align-right\"><strong><span class=\"has-inline-color has-vivid-cyan-blue-color\">LA TECHNIQUE DU CYANOTYPE<\/span><\/strong><\/p>\n\n\n\n<p><span class=\"has-inline-color has-vivid-cyan-blue-color\">GLSG est une des pionni\u00e8res en France de la red\u00e9couverte du&nbsp;<strong>cyanotype<\/strong>&nbsp;(- du bleu&nbsp;<strong>cyan<\/strong>), une technique ancienne du XIXe si\u00e8cle qui fait partie de&nbsp;<strong>l\u2019une des branches de la photographie&nbsp;: le photogramme ou impression de la lumi\u00e8re.<\/strong>&nbsp;Elle cr\u00e9e ses premi\u00e8res s\u00e9ries botaniques \u00e0 partir d\u2019<strong>empreintes de plantes&nbsp;<\/strong>en 2017, puis poursuit ses recherches autour de certaines familles botaniques (Apiaceae, Poaceae, algues, foug\u00e8res) pour magnifier les formes hybrides de la biodiversit\u00e9 gr\u00e2ce au c\u00e9l\u00e8bre Bleu de Prusse. Les quatre \u00e9l\u00e9ments&nbsp;<strong>terre, feu, eau et air&nbsp;<\/strong>participent pleinement \u00e0 l\u2019\u00e9laboration de chaque \u0153uvre, toujours unique.<\/span><\/p>\n","protected":false},"excerpt":{"rendered":"<p>Au cours du montage de l\u2019herbier, j\u2019ai \u00e9t\u00e9 inspir\u00e9e par les formes de la Berce sphondyle (Heracleum sphondylium) qui cro\u00eet spontan\u00e9ment dans les prairies de Bussy. J\u2019ai donc introduit ce tirage unique fait avec le sp\u00e9cimen qui figure p.17 et&hellip;<\/p>\n<p class=\"more-link-p\"><a class=\"more-link\" href=\"http:\/\/laplumedeloiseaulyre.com\/?page_id=14216\">Read more &rarr;<\/a><\/p>\n","protected":false},"author":1,"featured_media":0,"parent":0,"menu_order":0,"comment_status":"closed","ping_status":"closed","template":"","meta":{"spay_email":""},"jetpack_shortlink":"https:\/\/wp.me\/P4lzfC-3Hi","_links":{"self":[{"href":"http:\/\/laplumedeloiseaulyre.com\/index.php?rest_route=\/wp\/v2\/pages\/14216"}],"collection":[{"href":"http:\/\/laplumedeloiseaulyre.com\/index.php?rest_route=\/wp\/v2\/pages"}],"about":[{"href":"http:\/\/laplumedeloiseaulyre.com\/index.php?rest_route=\/wp\/v2\/types\/page"}],"author":[{"embeddable":true,"href":"http:\/\/laplumedeloiseaulyre.com\/index.php?rest_route=\/wp\/v2\/users\/1"}],"replies":[{"embeddable":true,"href":"http:\/\/laplumedeloiseaulyre.com\/index.php?rest_route=%2Fwp%2Fv2%2Fcomments&post=14216"}],"version-history":[{"count":3,"href":"http:\/\/laplumedeloiseaulyre.com\/index.php?rest_route=\/wp\/v2\/pages\/14216\/revisions"}],"predecessor-version":[{"id":14229,"href":"http:\/\/laplumedeloiseaulyre.com\/index.php?rest_route=\/wp\/v2\/pages\/14216\/revisions\/14229"}],"wp:attachment":[{"href":"http:\/\/laplumedeloiseaulyre.com\/index.php?rest_route=%2Fwp%2Fv2%2Fmedia&parent=14216"}],"curies":[{"name":"wp","href":"https:\/\/api.w.org\/{rel}","templated":true}]}}