{"id":14207,"date":"2023-01-08T19:54:44","date_gmt":"2023-01-08T19:54:44","guid":{"rendered":"http:\/\/laplumedeloiseaulyre.com\/?page_id=14207"},"modified":"2023-01-08T19:54:44","modified_gmt":"2023-01-08T19:54:44","slug":"selection-de-12-planches","status":"publish","type":"page","link":"http:\/\/laplumedeloiseaulyre.com\/?page_id=14207","title":{"rendered":"S\u00e9lection de 12 planches"},"content":{"rendered":"\n<p><span class=\"has-inline-color has-vivid-cyan-blue-color\">Tous les visuels pr\u00e9sent\u00e9s ici sont disponibles pour les m\u00e9dias sur demande aupr\u00e8s du Cmn (presse@monuments-nationaux.fr) ou de l&rsquo;artiste (<strong><a rel=\"noreferrer noopener\" href=\"http:\/\/laplumedeloiseaulyre.com\/?page_id=5771\" target=\"_blank\">contact<\/a><\/strong>). Le copyright suivant devra \u00eatre respect\u00e9 \u00a9Cmn\/GLSG<\/span><\/p>\n\n\n\n<div class=\"wp-block-image\"><figure class=\"aligncenter size-large\"><img loading=\"lazy\" width=\"768\" height=\"1024\" src=\"https:\/\/i1.wp.com\/laplumedeloiseaulyre.com\/wp-content\/uploads\/2023\/01\/37_Vergerette.jpg?resize=768%2C1024\" alt=\"\" class=\"wp-image-14172\" srcset=\"https:\/\/i1.wp.com\/laplumedeloiseaulyre.com\/wp-content\/uploads\/2023\/01\/37_Vergerette-scaled.jpg?resize=768%2C1024 768w, https:\/\/i1.wp.com\/laplumedeloiseaulyre.com\/wp-content\/uploads\/2023\/01\/37_Vergerette-scaled.jpg?resize=225%2C300 225w, https:\/\/i1.wp.com\/laplumedeloiseaulyre.com\/wp-content\/uploads\/2023\/01\/37_Vergerette-scaled.jpg?resize=1152%2C1536 1152w, https:\/\/i1.wp.com\/laplumedeloiseaulyre.com\/wp-content\/uploads\/2023\/01\/37_Vergerette-scaled.jpg?resize=1536%2C2048 1536w, https:\/\/i1.wp.com\/laplumedeloiseaulyre.com\/wp-content\/uploads\/2023\/01\/37_Vergerette-scaled.jpg?resize=560%2C747 560w, https:\/\/i1.wp.com\/laplumedeloiseaulyre.com\/wp-content\/uploads\/2023\/01\/37_Vergerette-scaled.jpg?resize=160%2C213 160w, https:\/\/i1.wp.com\/laplumedeloiseaulyre.com\/wp-content\/uploads\/2023\/01\/37_Vergerette-scaled.jpg?w=1920 1920w, https:\/\/i1.wp.com\/laplumedeloiseaulyre.com\/wp-content\/uploads\/2023\/01\/37_Vergerette-scaled.jpg?w=1720 1720w\" sizes=\"(max-width: 768px) 100vw, 768px\" data-recalc-dims=\"1\" \/><figcaption><strong>Planche de la VERGERETTE ANNUELLE <\/strong>(<em>Erigeron annuus<\/em>) <br> herbier de Bussy 2022 \u00a9Cmn\/GLSG<\/figcaption><\/figure><\/div>\n\n\n\n<div class=\"wp-block-image\"><figure class=\"aligncenter size-large\"><img loading=\"lazy\" width=\"768\" height=\"1024\" src=\"https:\/\/i2.wp.com\/laplumedeloiseaulyre.com\/wp-content\/uploads\/2023\/01\/39_Charme.jpeg?resize=768%2C1024\" alt=\"\" class=\"wp-image-14209\" srcset=\"https:\/\/i2.wp.com\/laplumedeloiseaulyre.com\/wp-content\/uploads\/2023\/01\/39_Charme-scaled.jpeg?resize=768%2C1024 768w, https:\/\/i2.wp.com\/laplumedeloiseaulyre.com\/wp-content\/uploads\/2023\/01\/39_Charme-scaled.jpeg?resize=225%2C300 225w, https:\/\/i2.wp.com\/laplumedeloiseaulyre.com\/wp-content\/uploads\/2023\/01\/39_Charme-scaled.jpeg?resize=1152%2C1536 1152w, https:\/\/i2.wp.com\/laplumedeloiseaulyre.com\/wp-content\/uploads\/2023\/01\/39_Charme-scaled.jpeg?resize=1536%2C2048 1536w, https:\/\/i2.wp.com\/laplumedeloiseaulyre.com\/wp-content\/uploads\/2023\/01\/39_Charme-scaled.jpeg?resize=560%2C747 560w, https:\/\/i2.wp.com\/laplumedeloiseaulyre.com\/wp-content\/uploads\/2023\/01\/39_Charme-scaled.jpeg?resize=160%2C213 160w, https:\/\/i2.wp.com\/laplumedeloiseaulyre.com\/wp-content\/uploads\/2023\/01\/39_Charme-scaled.jpeg?w=1920 1920w, https:\/\/i2.wp.com\/laplumedeloiseaulyre.com\/wp-content\/uploads\/2023\/01\/39_Charme-scaled.jpeg?w=1720 1720w\" sizes=\"(max-width: 768px) 100vw, 768px\" data-recalc-dims=\"1\" \/><figcaption><strong>Planche du CHARME COMMUN <\/strong>(<em>Carpinus betulus<\/em>)<br>herbier de Bussy 2022 \u00a9Cmn\/GLSG<\/figcaption><\/figure><\/div>\n\n\n\n<div class=\"wp-block-image\"><figure class=\"aligncenter size-large\"><img loading=\"lazy\" width=\"768\" height=\"1024\" src=\"https:\/\/i2.wp.com\/laplumedeloiseaulyre.com\/wp-content\/uploads\/2023\/01\/61_Cardere_1.jpeg?resize=768%2C1024\" alt=\"\" class=\"wp-image-14166\" srcset=\"https:\/\/i0.wp.com\/laplumedeloiseaulyre.com\/wp-content\/uploads\/2023\/01\/61_Cardere_1-scaled.jpeg?resize=768%2C1024 768w, https:\/\/i0.wp.com\/laplumedeloiseaulyre.com\/wp-content\/uploads\/2023\/01\/61_Cardere_1-scaled.jpeg?resize=225%2C300 225w, https:\/\/i0.wp.com\/laplumedeloiseaulyre.com\/wp-content\/uploads\/2023\/01\/61_Cardere_1-scaled.jpeg?resize=1152%2C1536 1152w, https:\/\/i0.wp.com\/laplumedeloiseaulyre.com\/wp-content\/uploads\/2023\/01\/61_Cardere_1-scaled.jpeg?resize=1536%2C2048 1536w, https:\/\/i0.wp.com\/laplumedeloiseaulyre.com\/wp-content\/uploads\/2023\/01\/61_Cardere_1-scaled.jpeg?resize=560%2C747 560w, https:\/\/i0.wp.com\/laplumedeloiseaulyre.com\/wp-content\/uploads\/2023\/01\/61_Cardere_1-scaled.jpeg?resize=160%2C213 160w, https:\/\/i0.wp.com\/laplumedeloiseaulyre.com\/wp-content\/uploads\/2023\/01\/61_Cardere_1-scaled.jpeg?w=1920 1920w, https:\/\/i0.wp.com\/laplumedeloiseaulyre.com\/wp-content\/uploads\/2023\/01\/61_Cardere_1-scaled.jpeg?w=1720 1720w\" sizes=\"(max-width: 768px) 100vw, 768px\" data-recalc-dims=\"1\" \/><figcaption><strong>Planche de la CARD\u00c8RE SAUVAGE<\/strong> (<em>Dipsacus fullonum<\/em>)  <br>herbier de Bussy 2022 \u00a9Cmn\/GLSG<\/figcaption><\/figure><\/div>\n\n\n\n<div class=\"wp-block-image\"><figure class=\"aligncenter size-large\"><img loading=\"lazy\" width=\"768\" height=\"1024\" src=\"https:\/\/i1.wp.com\/laplumedeloiseaulyre.com\/wp-content\/uploads\/2023\/01\/63_Fougere_Male_adulte.jpeg?resize=768%2C1024\" alt=\"\" class=\"wp-image-14169\" srcset=\"https:\/\/i0.wp.com\/laplumedeloiseaulyre.com\/wp-content\/uploads\/2023\/01\/63_Fougere_Male_adulte-scaled.jpeg?resize=768%2C1024 768w, https:\/\/i0.wp.com\/laplumedeloiseaulyre.com\/wp-content\/uploads\/2023\/01\/63_Fougere_Male_adulte-scaled.jpeg?resize=225%2C300 225w, https:\/\/i0.wp.com\/laplumedeloiseaulyre.com\/wp-content\/uploads\/2023\/01\/63_Fougere_Male_adulte-scaled.jpeg?resize=1152%2C1536 1152w, https:\/\/i0.wp.com\/laplumedeloiseaulyre.com\/wp-content\/uploads\/2023\/01\/63_Fougere_Male_adulte-scaled.jpeg?resize=1536%2C2048 1536w, https:\/\/i0.wp.com\/laplumedeloiseaulyre.com\/wp-content\/uploads\/2023\/01\/63_Fougere_Male_adulte-scaled.jpeg?resize=560%2C747 560w, https:\/\/i0.wp.com\/laplumedeloiseaulyre.com\/wp-content\/uploads\/2023\/01\/63_Fougere_Male_adulte-scaled.jpeg?resize=160%2C213 160w, https:\/\/i0.wp.com\/laplumedeloiseaulyre.com\/wp-content\/uploads\/2023\/01\/63_Fougere_Male_adulte-scaled.jpeg?w=1920 1920w, https:\/\/i0.wp.com\/laplumedeloiseaulyre.com\/wp-content\/uploads\/2023\/01\/63_Fougere_Male_adulte-scaled.jpeg?w=1720 1720w\" sizes=\"(max-width: 768px) 100vw, 768px\" data-recalc-dims=\"1\" \/><figcaption><strong>Planche de la FOUG\u00c8RE M\u00c2LE ADULTE<\/strong> (<em>Dryopteris filix-mas<\/em>)  <br>herbier de Bussy 2022 \u00a9Cmn\/GLSG<\/figcaption><\/figure><\/div>\n\n\n\n<div class=\"wp-block-image\"><figure class=\"aligncenter size-large\"><img loading=\"lazy\" width=\"768\" height=\"1024\" src=\"https:\/\/i0.wp.com\/laplumedeloiseaulyre.com\/wp-content\/uploads\/2023\/01\/69_Glycine_1.jpeg?resize=768%2C1024\" alt=\"\" class=\"wp-image-14210\" srcset=\"https:\/\/i2.wp.com\/laplumedeloiseaulyre.com\/wp-content\/uploads\/2023\/01\/69_Glycine_1-scaled.jpeg?resize=768%2C1024 768w, https:\/\/i2.wp.com\/laplumedeloiseaulyre.com\/wp-content\/uploads\/2023\/01\/69_Glycine_1-scaled.jpeg?resize=225%2C300 225w, https:\/\/i2.wp.com\/laplumedeloiseaulyre.com\/wp-content\/uploads\/2023\/01\/69_Glycine_1-scaled.jpeg?resize=1152%2C1536 1152w, https:\/\/i2.wp.com\/laplumedeloiseaulyre.com\/wp-content\/uploads\/2023\/01\/69_Glycine_1-scaled.jpeg?resize=1536%2C2048 1536w, https:\/\/i2.wp.com\/laplumedeloiseaulyre.com\/wp-content\/uploads\/2023\/01\/69_Glycine_1-scaled.jpeg?resize=560%2C747 560w, https:\/\/i2.wp.com\/laplumedeloiseaulyre.com\/wp-content\/uploads\/2023\/01\/69_Glycine_1-scaled.jpeg?resize=160%2C213 160w, https:\/\/i2.wp.com\/laplumedeloiseaulyre.com\/wp-content\/uploads\/2023\/01\/69_Glycine_1-scaled.jpeg?w=1920 1920w, https:\/\/i2.wp.com\/laplumedeloiseaulyre.com\/wp-content\/uploads\/2023\/01\/69_Glycine_1-scaled.jpeg?w=1720 1720w\" sizes=\"(max-width: 768px) 100vw, 768px\" data-recalc-dims=\"1\" \/><figcaption><strong>Planche de la GLYCINE DE CHINE <\/strong>(<em>Wisteria sinensis<\/em>)<br>herbier de Bussy 2022 \u00a9Cmn\/GLSG<\/figcaption><\/figure><\/div>\n\n\n\n<div class=\"wp-block-image\"><figure class=\"aligncenter size-large\"><img loading=\"lazy\" width=\"768\" height=\"1024\" src=\"https:\/\/i1.wp.com\/laplumedeloiseaulyre.com\/wp-content\/uploads\/2023\/01\/95_Lavande_1.jpeg?resize=768%2C1024\" alt=\"\" class=\"wp-image-14167\" srcset=\"https:\/\/i2.wp.com\/laplumedeloiseaulyre.com\/wp-content\/uploads\/2023\/01\/95_Lavande_1-scaled.jpeg?resize=768%2C1024 768w, https:\/\/i2.wp.com\/laplumedeloiseaulyre.com\/wp-content\/uploads\/2023\/01\/95_Lavande_1-scaled.jpeg?resize=225%2C300 225w, https:\/\/i2.wp.com\/laplumedeloiseaulyre.com\/wp-content\/uploads\/2023\/01\/95_Lavande_1-scaled.jpeg?resize=1152%2C1536 1152w, https:\/\/i2.wp.com\/laplumedeloiseaulyre.com\/wp-content\/uploads\/2023\/01\/95_Lavande_1-scaled.jpeg?resize=1536%2C2048 1536w, https:\/\/i2.wp.com\/laplumedeloiseaulyre.com\/wp-content\/uploads\/2023\/01\/95_Lavande_1-scaled.jpeg?resize=560%2C747 560w, https:\/\/i2.wp.com\/laplumedeloiseaulyre.com\/wp-content\/uploads\/2023\/01\/95_Lavande_1-scaled.jpeg?resize=160%2C213 160w, https:\/\/i2.wp.com\/laplumedeloiseaulyre.com\/wp-content\/uploads\/2023\/01\/95_Lavande_1-scaled.jpeg?w=1920 1920w, https:\/\/i2.wp.com\/laplumedeloiseaulyre.com\/wp-content\/uploads\/2023\/01\/95_Lavande_1-scaled.jpeg?w=1720 1720w\" sizes=\"(max-width: 768px) 100vw, 768px\" data-recalc-dims=\"1\" \/><figcaption><strong>Planche de la LAVANDE OFFICINALE<\/strong> (<em>Lavandula angustifolia<\/em>)  <br>herbier de Bussy 2022 \u00a9Cmn\/GLSG<\/figcaption><\/figure><\/div>\n\n\n\n<div class=\"wp-block-image\"><figure class=\"aligncenter size-large\"><img loading=\"lazy\" width=\"768\" height=\"1024\" src=\"https:\/\/i2.wp.com\/laplumedeloiseaulyre.com\/wp-content\/uploads\/2023\/01\/105_Onagre_1.jpeg?resize=768%2C1024\" alt=\"\" class=\"wp-image-14211\" srcset=\"https:\/\/i1.wp.com\/laplumedeloiseaulyre.com\/wp-content\/uploads\/2023\/01\/105_Onagre_1-scaled.jpeg?resize=768%2C1024 768w, https:\/\/i1.wp.com\/laplumedeloiseaulyre.com\/wp-content\/uploads\/2023\/01\/105_Onagre_1-scaled.jpeg?resize=225%2C300 225w, https:\/\/i1.wp.com\/laplumedeloiseaulyre.com\/wp-content\/uploads\/2023\/01\/105_Onagre_1-scaled.jpeg?resize=1152%2C1536 1152w, https:\/\/i1.wp.com\/laplumedeloiseaulyre.com\/wp-content\/uploads\/2023\/01\/105_Onagre_1-scaled.jpeg?resize=1536%2C2048 1536w, https:\/\/i1.wp.com\/laplumedeloiseaulyre.com\/wp-content\/uploads\/2023\/01\/105_Onagre_1-scaled.jpeg?resize=560%2C747 560w, https:\/\/i1.wp.com\/laplumedeloiseaulyre.com\/wp-content\/uploads\/2023\/01\/105_Onagre_1-scaled.jpeg?resize=160%2C213 160w, https:\/\/i1.wp.com\/laplumedeloiseaulyre.com\/wp-content\/uploads\/2023\/01\/105_Onagre_1-scaled.jpeg?w=1920 1920w, https:\/\/i1.wp.com\/laplumedeloiseaulyre.com\/wp-content\/uploads\/2023\/01\/105_Onagre_1-scaled.jpeg?w=1720 1720w\" sizes=\"(max-width: 768px) 100vw, 768px\" data-recalc-dims=\"1\" \/><figcaption><strong>Planche de l&rsquo;ONAGRE <\/strong>(<em>Oenothera biennis<\/em>)<br>herbier de Bussy 2022 \u00a9Cmn\/GLSG<\/figcaption><\/figure><\/div>\n\n\n\n<div class=\"wp-block-image\"><figure class=\"aligncenter size-large\"><img loading=\"lazy\" width=\"768\" height=\"1024\" src=\"https:\/\/i1.wp.com\/laplumedeloiseaulyre.com\/wp-content\/uploads\/2023\/01\/113_Corydale_jaune_.jpeg?resize=768%2C1024\" alt=\"\" class=\"wp-image-14168\" srcset=\"https:\/\/i2.wp.com\/laplumedeloiseaulyre.com\/wp-content\/uploads\/2023\/01\/113_Corydale_jaune_-scaled.jpeg?resize=768%2C1024 768w, https:\/\/i2.wp.com\/laplumedeloiseaulyre.com\/wp-content\/uploads\/2023\/01\/113_Corydale_jaune_-scaled.jpeg?resize=225%2C300 225w, https:\/\/i2.wp.com\/laplumedeloiseaulyre.com\/wp-content\/uploads\/2023\/01\/113_Corydale_jaune_-scaled.jpeg?resize=1152%2C1536 1152w, https:\/\/i2.wp.com\/laplumedeloiseaulyre.com\/wp-content\/uploads\/2023\/01\/113_Corydale_jaune_-scaled.jpeg?resize=1536%2C2048 1536w, https:\/\/i2.wp.com\/laplumedeloiseaulyre.com\/wp-content\/uploads\/2023\/01\/113_Corydale_jaune_-scaled.jpeg?resize=560%2C747 560w, https:\/\/i2.wp.com\/laplumedeloiseaulyre.com\/wp-content\/uploads\/2023\/01\/113_Corydale_jaune_-scaled.jpeg?resize=160%2C213 160w, https:\/\/i2.wp.com\/laplumedeloiseaulyre.com\/wp-content\/uploads\/2023\/01\/113_Corydale_jaune_-scaled.jpeg?w=1920 1920w, https:\/\/i2.wp.com\/laplumedeloiseaulyre.com\/wp-content\/uploads\/2023\/01\/113_Corydale_jaune_-scaled.jpeg?w=1720 1720w\" sizes=\"(max-width: 768px) 100vw, 768px\" data-recalc-dims=\"1\" \/><figcaption><strong>Planche de la CORYDALE JAUNE <\/strong>(<em>Pseudofumaria lutea<\/em>)  <br>herbier de Bussy 2022 \u00a9Cmn\/GLSG<\/figcaption><\/figure><\/div>\n\n\n\n<div class=\"wp-block-image\"><figure class=\"aligncenter size-large\"><img loading=\"lazy\" width=\"768\" height=\"1024\" src=\"https:\/\/i0.wp.com\/laplumedeloiseaulyre.com\/wp-content\/uploads\/2023\/01\/119_Plantain_2.jpeg?resize=768%2C1024\" alt=\"\" class=\"wp-image-14170\" srcset=\"https:\/\/i0.wp.com\/laplumedeloiseaulyre.com\/wp-content\/uploads\/2023\/01\/119_Plantain_2-scaled.jpeg?resize=768%2C1024 768w, https:\/\/i0.wp.com\/laplumedeloiseaulyre.com\/wp-content\/uploads\/2023\/01\/119_Plantain_2-scaled.jpeg?resize=225%2C300 225w, https:\/\/i0.wp.com\/laplumedeloiseaulyre.com\/wp-content\/uploads\/2023\/01\/119_Plantain_2-scaled.jpeg?resize=1152%2C1536 1152w, https:\/\/i0.wp.com\/laplumedeloiseaulyre.com\/wp-content\/uploads\/2023\/01\/119_Plantain_2-scaled.jpeg?resize=1536%2C2048 1536w, https:\/\/i0.wp.com\/laplumedeloiseaulyre.com\/wp-content\/uploads\/2023\/01\/119_Plantain_2-scaled.jpeg?resize=560%2C747 560w, https:\/\/i0.wp.com\/laplumedeloiseaulyre.com\/wp-content\/uploads\/2023\/01\/119_Plantain_2-scaled.jpeg?resize=160%2C213 160w, https:\/\/i0.wp.com\/laplumedeloiseaulyre.com\/wp-content\/uploads\/2023\/01\/119_Plantain_2-scaled.jpeg?w=1920 1920w, https:\/\/i0.wp.com\/laplumedeloiseaulyre.com\/wp-content\/uploads\/2023\/01\/119_Plantain_2-scaled.jpeg?w=1720 1720w\" sizes=\"(max-width: 768px) 100vw, 768px\" data-recalc-dims=\"1\" \/><figcaption><strong>Planche du PLANTAIN LANC\u00c9OL\u00c9<\/strong> (<em>Plantago lanceolata<\/em>) <br> herbier de Bussy 2022 \u00a9Cmn\/GLSG<\/figcaption><\/figure><\/div>\n\n\n\n<div class=\"wp-block-image\"><figure class=\"aligncenter size-large\"><img loading=\"lazy\" width=\"768\" height=\"1024\" src=\"https:\/\/i1.wp.com\/laplumedeloiseaulyre.com\/wp-content\/uploads\/2023\/01\/141_Rosier_2.jpeg?resize=768%2C1024\" alt=\"\" class=\"wp-image-14173\" srcset=\"https:\/\/i0.wp.com\/laplumedeloiseaulyre.com\/wp-content\/uploads\/2023\/01\/141_Rosier_2-scaled.jpeg?resize=768%2C1024 768w, https:\/\/i0.wp.com\/laplumedeloiseaulyre.com\/wp-content\/uploads\/2023\/01\/141_Rosier_2-scaled.jpeg?resize=225%2C300 225w, https:\/\/i0.wp.com\/laplumedeloiseaulyre.com\/wp-content\/uploads\/2023\/01\/141_Rosier_2-scaled.jpeg?resize=1152%2C1536 1152w, https:\/\/i0.wp.com\/laplumedeloiseaulyre.com\/wp-content\/uploads\/2023\/01\/141_Rosier_2-scaled.jpeg?resize=1536%2C2048 1536w, https:\/\/i0.wp.com\/laplumedeloiseaulyre.com\/wp-content\/uploads\/2023\/01\/141_Rosier_2-scaled.jpeg?resize=560%2C747 560w, https:\/\/i0.wp.com\/laplumedeloiseaulyre.com\/wp-content\/uploads\/2023\/01\/141_Rosier_2-scaled.jpeg?resize=160%2C213 160w, https:\/\/i0.wp.com\/laplumedeloiseaulyre.com\/wp-content\/uploads\/2023\/01\/141_Rosier_2-scaled.jpeg?w=1920 1920w, https:\/\/i0.wp.com\/laplumedeloiseaulyre.com\/wp-content\/uploads\/2023\/01\/141_Rosier_2-scaled.jpeg?w=1720 1720w\" sizes=\"(max-width: 768px) 100vw, 768px\" data-recalc-dims=\"1\" \/><figcaption><strong>Planche du ROSIER MUSQU\u00c9 <\/strong>(<em>Rosa moschata<\/em>) <br>herbier de Bussy 2022 \u00a9Cmn\/GLSG<\/figcaption><\/figure><\/div>\n\n\n\n<div class=\"wp-block-image\"><figure class=\"aligncenter size-large\"><img loading=\"lazy\" width=\"768\" height=\"1024\" src=\"https:\/\/i1.wp.com\/laplumedeloiseaulyre.com\/wp-content\/uploads\/2023\/01\/133_Lysimaque_1.jpeg?resize=768%2C1024\" alt=\"\" class=\"wp-image-14212\" srcset=\"https:\/\/i0.wp.com\/laplumedeloiseaulyre.com\/wp-content\/uploads\/2023\/01\/133_Lysimaque_1-scaled.jpeg?resize=768%2C1024 768w, https:\/\/i0.wp.com\/laplumedeloiseaulyre.com\/wp-content\/uploads\/2023\/01\/133_Lysimaque_1-scaled.jpeg?resize=225%2C300 225w, https:\/\/i0.wp.com\/laplumedeloiseaulyre.com\/wp-content\/uploads\/2023\/01\/133_Lysimaque_1-scaled.jpeg?resize=1152%2C1536 1152w, https:\/\/i0.wp.com\/laplumedeloiseaulyre.com\/wp-content\/uploads\/2023\/01\/133_Lysimaque_1-scaled.jpeg?resize=1536%2C2048 1536w, https:\/\/i0.wp.com\/laplumedeloiseaulyre.com\/wp-content\/uploads\/2023\/01\/133_Lysimaque_1-scaled.jpeg?resize=560%2C747 560w, https:\/\/i0.wp.com\/laplumedeloiseaulyre.com\/wp-content\/uploads\/2023\/01\/133_Lysimaque_1-scaled.jpeg?resize=160%2C213 160w, https:\/\/i0.wp.com\/laplumedeloiseaulyre.com\/wp-content\/uploads\/2023\/01\/133_Lysimaque_1-scaled.jpeg?w=1920 1920w, https:\/\/i0.wp.com\/laplumedeloiseaulyre.com\/wp-content\/uploads\/2023\/01\/133_Lysimaque_1-scaled.jpeg?w=1720 1720w\" sizes=\"(max-width: 768px) 100vw, 768px\" data-recalc-dims=\"1\" \/><figcaption><strong>Planche de la LYSIMAQUE COMMUNE <\/strong>(<em>Lysimachia vulgaris<\/em>)<br>herbier de Bussy 2022 \u00a9Cmn\/GLSG<\/figcaption><\/figure><\/div>\n\n\n\n<div class=\"wp-block-image\"><figure class=\"aligncenter size-large\"><img loading=\"lazy\" width=\"768\" height=\"1024\" src=\"https:\/\/i2.wp.com\/laplumedeloiseaulyre.com\/wp-content\/uploads\/2023\/01\/161_Ortie_1.jpeg?resize=768%2C1024\" alt=\"\" class=\"wp-image-14213\" srcset=\"https:\/\/i0.wp.com\/laplumedeloiseaulyre.com\/wp-content\/uploads\/2023\/01\/161_Ortie_1-scaled.jpeg?resize=768%2C1024 768w, https:\/\/i0.wp.com\/laplumedeloiseaulyre.com\/wp-content\/uploads\/2023\/01\/161_Ortie_1-scaled.jpeg?resize=225%2C300 225w, https:\/\/i0.wp.com\/laplumedeloiseaulyre.com\/wp-content\/uploads\/2023\/01\/161_Ortie_1-scaled.jpeg?resize=1152%2C1536 1152w, https:\/\/i0.wp.com\/laplumedeloiseaulyre.com\/wp-content\/uploads\/2023\/01\/161_Ortie_1-scaled.jpeg?resize=1536%2C2048 1536w, https:\/\/i0.wp.com\/laplumedeloiseaulyre.com\/wp-content\/uploads\/2023\/01\/161_Ortie_1-scaled.jpeg?resize=560%2C747 560w, https:\/\/i0.wp.com\/laplumedeloiseaulyre.com\/wp-content\/uploads\/2023\/01\/161_Ortie_1-scaled.jpeg?resize=160%2C213 160w, https:\/\/i0.wp.com\/laplumedeloiseaulyre.com\/wp-content\/uploads\/2023\/01\/161_Ortie_1-scaled.jpeg?w=1920 1920w, https:\/\/i0.wp.com\/laplumedeloiseaulyre.com\/wp-content\/uploads\/2023\/01\/161_Ortie_1-scaled.jpeg?w=1720 1720w\" sizes=\"(max-width: 768px) 100vw, 768px\" data-recalc-dims=\"1\" \/><figcaption><strong>Planche de l&rsquo;ORTIE DIO\u00a8\u00cfQUE  <\/strong>(<em>Urtica dioica<\/em>)<br>herbier de Bussy 2022 \u00a9Cmn\/GLSG<\/figcaption><\/figure><\/div>\n\n\n\n<p><\/p>\n","protected":false},"excerpt":{"rendered":"<p>Tous les visuels pr\u00e9sent\u00e9s ici sont disponibles pour les m\u00e9dias sur demande aupr\u00e8s du Cmn (presse@monuments-nationaux.fr) ou de l&rsquo;artiste (contact). Le copyright suivant devra \u00eatre respect\u00e9 \u00a9Cmn\/GLSG<\/p>\n<p class=\"more-link-p\"><a class=\"more-link\" href=\"http:\/\/laplumedeloiseaulyre.com\/?page_id=14207\">Read more &rarr;<\/a><\/p>\n","protected":false},"author":1,"featured_media":0,"parent":0,"menu_order":0,"comment_status":"closed","ping_status":"closed","template":"","meta":{"spay_email":""},"jetpack_shortlink":"https:\/\/wp.me\/P4lzfC-3H9","_links":{"self":[{"href":"http:\/\/laplumedeloiseaulyre.com\/index.php?rest_route=\/wp\/v2\/pages\/14207"}],"collection":[{"href":"http:\/\/laplumedeloiseaulyre.com\/index.php?rest_route=\/wp\/v2\/pages"}],"about":[{"href":"http:\/\/laplumedeloiseaulyre.com\/index.php?rest_route=\/wp\/v2\/types\/page"}],"author":[{"embeddable":true,"href":"http:\/\/laplumedeloiseaulyre.com\/index.php?rest_route=\/wp\/v2\/users\/1"}],"replies":[{"embeddable":true,"href":"http:\/\/laplumedeloiseaulyre.com\/index.php?rest_route=%2Fwp%2Fv2%2Fcomments&post=14207"}],"version-history":[{"count":2,"href":"http:\/\/laplumedeloiseaulyre.com\/index.php?rest_route=\/wp\/v2\/pages\/14207\/revisions"}],"predecessor-version":[{"id":14214,"href":"http:\/\/laplumedeloiseaulyre.com\/index.php?rest_route=\/wp\/v2\/pages\/14207\/revisions\/14214"}],"wp:attachment":[{"href":"http:\/\/laplumedeloiseaulyre.com\/index.php?rest_route=%2Fwp%2Fv2%2Fmedia&parent=14207"}],"curies":[{"name":"wp","href":"https:\/\/api.w.org\/{rel}","templated":true}]}}