{"id":13746,"date":"2022-02-25T22:54:19","date_gmt":"2022-02-25T22:54:19","guid":{"rendered":"http:\/\/laplumedeloiseaulyre.com\/?page_id=13746"},"modified":"2022-02-25T22:54:19","modified_gmt":"2022-02-25T22:54:19","slug":"zephyranthes-zephyranthes-candida","status":"publish","type":"page","link":"http:\/\/laplumedeloiseaulyre.com\/?page_id=13746","title":{"rendered":"ZEPHYRANTHES Zephyranthes candida"},"content":{"rendered":"\n<p>Lis blanc candide de pluie, crocus du Br\u00e9sil<br>Qui appara\u00eet apr\u00e8s les ond\u00e9es de septembre,<br>Te voil\u00e0 Zephyranthes, soulte de l\u2019exil,<br>Toi que les gel\u00e9es du Nord brisent et d\u00e9membrent.<\/p>\n","protected":false},"excerpt":{"rendered":"<p>Lis blanc candide de pluie, crocus du Br\u00e9silQui appara\u00eet apr\u00e8s les ond\u00e9es de septembre,Te voil\u00e0 Zephyranthes, soulte de l\u2019exil,Toi que les gel\u00e9es du Nord brisent et d\u00e9membrent.<\/p>\n<p class=\"more-link-p\"><a class=\"more-link\" href=\"http:\/\/laplumedeloiseaulyre.com\/?page_id=13746\">Read more &rarr;<\/a><\/p>\n","protected":false},"author":1,"featured_media":0,"parent":0,"menu_order":0,"comment_status":"closed","ping_status":"closed","template":"","meta":{"spay_email":""},"jetpack_shortlink":"https:\/\/wp.me\/P4lzfC-3zI","_links":{"self":[{"href":"http:\/\/laplumedeloiseaulyre.com\/index.php?rest_route=\/wp\/v2\/pages\/13746"}],"collection":[{"href":"http:\/\/laplumedeloiseaulyre.com\/index.php?rest_route=\/wp\/v2\/pages"}],"about":[{"href":"http:\/\/laplumedeloiseaulyre.com\/index.php?rest_route=\/wp\/v2\/types\/page"}],"author":[{"embeddable":true,"href":"http:\/\/laplumedeloiseaulyre.com\/index.php?rest_route=\/wp\/v2\/users\/1"}],"replies":[{"embeddable":true,"href":"http:\/\/laplumedeloiseaulyre.com\/index.php?rest_route=%2Fwp%2Fv2%2Fcomments&post=13746"}],"version-history":[{"count":1,"href":"http:\/\/laplumedeloiseaulyre.com\/index.php?rest_route=\/wp\/v2\/pages\/13746\/revisions"}],"predecessor-version":[{"id":13747,"href":"http:\/\/laplumedeloiseaulyre.com\/index.php?rest_route=\/wp\/v2\/pages\/13746\/revisions\/13747"}],"wp:attachment":[{"href":"http:\/\/laplumedeloiseaulyre.com\/index.php?rest_route=%2Fwp%2Fv2%2Fmedia&parent=13746"}],"curies":[{"name":"wp","href":"https:\/\/api.w.org\/{rel}","templated":true}]}}