{"id":13567,"date":"2022-02-09T15:31:13","date_gmt":"2022-02-09T15:31:13","guid":{"rendered":"http:\/\/laplumedeloiseaulyre.com\/?page_id=13567"},"modified":"2022-03-22T13:48:10","modified_gmt":"2022-03-22T13:48:10","slug":"faire-part-de-naissance-2022","status":"publish","type":"page","link":"http:\/\/laplumedeloiseaulyre.com\/?page_id=13567","title":{"rendered":"Faire-Part de naissance (2022)"},"content":{"rendered":"\n<p><\/p>\n\n\n\n<p><span style=\"color:#3c4143\" class=\"has-inline-color\">Le LIN est une plante herbac\u00e9e \u00e0 tige ligneuse utilis\u00e9e depuis la nuit des temps pour la filature mais aussi pour ses vertus m\u00e9dicinales. Il porte pour cela le pr\u00e9cieux nom latin de <em>Linum usitatissimum<\/em>. Il donne son nom aussi au tissu mythique que l&rsquo;on retrouve dans les berceaux et que beaucoup de m\u00e8re ont fil\u00e9 pour v\u00eatir leurs enfants. Fleur souple et f\u00e9minine, elle a \u00e9t\u00e9 choisie en brass\u00e9e bleu cyan par des parents pour parer le faire-part de naissance de leur fille avec la gr\u00e2ce et la l\u00e9g\u00e8ret\u00e9 de l&rsquo;art du cyanotype. <\/span><\/p>\n\n\n\n<p><strong>\u00a9GLSG, mars 2022<\/strong><\/p>\n\n\n\n<figure class=\"wp-block-image size-large\"><img loading=\"lazy\" width=\"707\" height=\"707\" src=\"https:\/\/i0.wp.com\/laplumedeloiseaulyre.com\/wp-content\/uploads\/2022\/03\/E757C6A9-E7E8-41EE-9E70-411E4F9A970F.jpg?resize=707%2C707\" alt=\"\" class=\"wp-image-13789\" srcset=\"https:\/\/i0.wp.com\/laplumedeloiseaulyre.com\/wp-content\/uploads\/2022\/03\/E757C6A9-E7E8-41EE-9E70-411E4F9A970F.jpg?w=707 707w, https:\/\/i0.wp.com\/laplumedeloiseaulyre.com\/wp-content\/uploads\/2022\/03\/E757C6A9-E7E8-41EE-9E70-411E4F9A970F.jpg?resize=300%2C300 300w, https:\/\/i0.wp.com\/laplumedeloiseaulyre.com\/wp-content\/uploads\/2022\/03\/E757C6A9-E7E8-41EE-9E70-411E4F9A970F.jpg?resize=150%2C150 150w, https:\/\/i0.wp.com\/laplumedeloiseaulyre.com\/wp-content\/uploads\/2022\/03\/E757C6A9-E7E8-41EE-9E70-411E4F9A970F.jpg?resize=560%2C560 560w, https:\/\/i0.wp.com\/laplumedeloiseaulyre.com\/wp-content\/uploads\/2022\/03\/E757C6A9-E7E8-41EE-9E70-411E4F9A970F.jpg?resize=160%2C160 160w\" sizes=\"(max-width: 707px) 100vw, 707px\" data-recalc-dims=\"1\" \/><\/figure>\n\n\n\n<figure class=\"wp-block-image size-large\"><img loading=\"lazy\" width=\"711\" height=\"711\" src=\"https:\/\/i2.wp.com\/laplumedeloiseaulyre.com\/wp-content\/uploads\/2022\/03\/1E07FD77-7F12-4BC5-9B00-5A189C429B23.jpg?resize=711%2C711\" alt=\"\" class=\"wp-image-13790\" srcset=\"https:\/\/i2.wp.com\/laplumedeloiseaulyre.com\/wp-content\/uploads\/2022\/03\/1E07FD77-7F12-4BC5-9B00-5A189C429B23.jpg?w=711 711w, https:\/\/i2.wp.com\/laplumedeloiseaulyre.com\/wp-content\/uploads\/2022\/03\/1E07FD77-7F12-4BC5-9B00-5A189C429B23.jpg?resize=300%2C300 300w, https:\/\/i2.wp.com\/laplumedeloiseaulyre.com\/wp-content\/uploads\/2022\/03\/1E07FD77-7F12-4BC5-9B00-5A189C429B23.jpg?resize=150%2C150 150w, https:\/\/i2.wp.com\/laplumedeloiseaulyre.com\/wp-content\/uploads\/2022\/03\/1E07FD77-7F12-4BC5-9B00-5A189C429B23.jpg?resize=560%2C560 560w, https:\/\/i2.wp.com\/laplumedeloiseaulyre.com\/wp-content\/uploads\/2022\/03\/1E07FD77-7F12-4BC5-9B00-5A189C429B23.jpg?resize=160%2C160 160w\" sizes=\"(max-width: 711px) 100vw, 711px\" data-recalc-dims=\"1\" \/><\/figure>\n","protected":false},"excerpt":{"rendered":"<p>Le LIN est une plante herbac\u00e9e \u00e0 tige ligneuse utilis\u00e9e depuis la nuit des temps pour la filature mais aussi pour ses vertus m\u00e9dicinales. Il porte pour cela le pr\u00e9cieux nom latin de Linum usitatissimum. Il donne son nom aussi&hellip;<\/p>\n<p class=\"more-link-p\"><a class=\"more-link\" href=\"http:\/\/laplumedeloiseaulyre.com\/?page_id=13567\">Read more &rarr;<\/a><\/p>\n","protected":false},"author":1,"featured_media":0,"parent":0,"menu_order":0,"comment_status":"closed","ping_status":"closed","template":"","meta":{"spay_email":""},"jetpack_shortlink":"https:\/\/wp.me\/P4lzfC-3wP","_links":{"self":[{"href":"http:\/\/laplumedeloiseaulyre.com\/index.php?rest_route=\/wp\/v2\/pages\/13567"}],"collection":[{"href":"http:\/\/laplumedeloiseaulyre.com\/index.php?rest_route=\/wp\/v2\/pages"}],"about":[{"href":"http:\/\/laplumedeloiseaulyre.com\/index.php?rest_route=\/wp\/v2\/types\/page"}],"author":[{"embeddable":true,"href":"http:\/\/laplumedeloiseaulyre.com\/index.php?rest_route=\/wp\/v2\/users\/1"}],"replies":[{"embeddable":true,"href":"http:\/\/laplumedeloiseaulyre.com\/index.php?rest_route=%2Fwp%2Fv2%2Fcomments&post=13567"}],"version-history":[{"count":4,"href":"http:\/\/laplumedeloiseaulyre.com\/index.php?rest_route=\/wp\/v2\/pages\/13567\/revisions"}],"predecessor-version":[{"id":13794,"href":"http:\/\/laplumedeloiseaulyre.com\/index.php?rest_route=\/wp\/v2\/pages\/13567\/revisions\/13794"}],"wp:attachment":[{"href":"http:\/\/laplumedeloiseaulyre.com\/index.php?rest_route=%2Fwp%2Fv2%2Fmedia&parent=13567"}],"curies":[{"name":"wp","href":"https:\/\/api.w.org\/{rel}","templated":true}]}}