{"id":13481,"date":"2022-01-30T22:23:53","date_gmt":"2022-01-30T22:23:53","guid":{"rendered":"http:\/\/laplumedeloiseaulyre.com\/?page_id=13481"},"modified":"2022-02-25T01:38:23","modified_gmt":"2022-02-25T01:38:23","slug":"senecon-du-cap-senecio-inaequidens","status":"publish","type":"page","link":"http:\/\/laplumedeloiseaulyre.com\/?page_id=13481","title":{"rendered":"S\u00c9NE\u00c7ON DU CAP Senecio inaequidens"},"content":{"rendered":"\n<p>Le po\u00e8te se heurte au marchand, c&rsquo;est la loi,<br>Mais au fond de lui-m\u00eame tinte le signal<br>Du S\u00e9ne\u00e7on du Cap qui l\u00e8ve son fanal<br>En criant dans la chevauch\u00e9e des temps : &laquo;&nbsp;Ma Joie !&nbsp;&raquo;<\/p>\n","protected":false},"excerpt":{"rendered":"<p>Le po\u00e8te se heurte au marchand, c&rsquo;est la loi,Mais au fond de lui-m\u00eame tinte le signalDu S\u00e9ne\u00e7on du Cap qui l\u00e8ve son fanalEn criant dans la chevauch\u00e9e des temps : &laquo;&nbsp;Ma Joie !&nbsp;&raquo;<\/p>\n<p class=\"more-link-p\"><a class=\"more-link\" href=\"http:\/\/laplumedeloiseaulyre.com\/?page_id=13481\">Read more &rarr;<\/a><\/p>\n","protected":false},"author":1,"featured_media":0,"parent":0,"menu_order":0,"comment_status":"closed","ping_status":"closed","template":"","meta":{"spay_email":""},"jetpack_shortlink":"https:\/\/wp.me\/P4lzfC-3vr","_links":{"self":[{"href":"http:\/\/laplumedeloiseaulyre.com\/index.php?rest_route=\/wp\/v2\/pages\/13481"}],"collection":[{"href":"http:\/\/laplumedeloiseaulyre.com\/index.php?rest_route=\/wp\/v2\/pages"}],"about":[{"href":"http:\/\/laplumedeloiseaulyre.com\/index.php?rest_route=\/wp\/v2\/types\/page"}],"author":[{"embeddable":true,"href":"http:\/\/laplumedeloiseaulyre.com\/index.php?rest_route=\/wp\/v2\/users\/1"}],"replies":[{"embeddable":true,"href":"http:\/\/laplumedeloiseaulyre.com\/index.php?rest_route=%2Fwp%2Fv2%2Fcomments&post=13481"}],"version-history":[{"count":2,"href":"http:\/\/laplumedeloiseaulyre.com\/index.php?rest_route=\/wp\/v2\/pages\/13481\/revisions"}],"predecessor-version":[{"id":13730,"href":"http:\/\/laplumedeloiseaulyre.com\/index.php?rest_route=\/wp\/v2\/pages\/13481\/revisions\/13730"}],"wp:attachment":[{"href":"http:\/\/laplumedeloiseaulyre.com\/index.php?rest_route=%2Fwp%2Fv2%2Fmedia&parent=13481"}],"curies":[{"name":"wp","href":"https:\/\/api.w.org\/{rel}","templated":true}]}}