{"id":13450,"date":"2022-01-21T02:16:27","date_gmt":"2022-01-21T02:16:27","guid":{"rendered":"http:\/\/laplumedeloiseaulyre.com\/?page_id=13450"},"modified":"2022-02-25T00:04:03","modified_gmt":"2022-02-25T00:04:03","slug":"anthrisque-des-bois-anthriscus-sylvestris-2","status":"publish","type":"page","link":"http:\/\/laplumedeloiseaulyre.com\/?page_id=13450","title":{"rendered":"ANTHRISQUE DES BOIS Anthriscus sylvestris"},"content":{"rendered":"\n<p>L&rsquo;Anthrisque s&rsquo;est d\u00e9color\u00e9 sous nos baisers,<br>\u00c9pamprant sa fleur, nous avons fendu ses bras,<br>Eschyle, que nous arrive-t-il ici-bas ? <br>Pourquoi le ch\u0153ur des \u00c9rynies nous a chass\u00e9s ? <\/p>\n","protected":false},"excerpt":{"rendered":"<p>L&rsquo;Anthrisque s&rsquo;est d\u00e9color\u00e9 sous nos baisers,\u00c9pamprant sa fleur, nous avons fendu ses bras,Eschyle, que nous arrive-t-il ici-bas ? Pourquoi le ch\u0153ur des \u00c9rynies nous a chass\u00e9s ?<\/p>\n<p class=\"more-link-p\"><a class=\"more-link\" href=\"http:\/\/laplumedeloiseaulyre.com\/?page_id=13450\">Read more &rarr;<\/a><\/p>\n","protected":false},"author":1,"featured_media":0,"parent":0,"menu_order":0,"comment_status":"closed","ping_status":"closed","template":"","meta":{"spay_email":""},"jetpack_shortlink":"https:\/\/wp.me\/P4lzfC-3uW","_links":{"self":[{"href":"http:\/\/laplumedeloiseaulyre.com\/index.php?rest_route=\/wp\/v2\/pages\/13450"}],"collection":[{"href":"http:\/\/laplumedeloiseaulyre.com\/index.php?rest_route=\/wp\/v2\/pages"}],"about":[{"href":"http:\/\/laplumedeloiseaulyre.com\/index.php?rest_route=\/wp\/v2\/types\/page"}],"author":[{"embeddable":true,"href":"http:\/\/laplumedeloiseaulyre.com\/index.php?rest_route=\/wp\/v2\/users\/1"}],"replies":[{"embeddable":true,"href":"http:\/\/laplumedeloiseaulyre.com\/index.php?rest_route=%2Fwp%2Fv2%2Fcomments&post=13450"}],"version-history":[{"count":2,"href":"http:\/\/laplumedeloiseaulyre.com\/index.php?rest_route=\/wp\/v2\/pages\/13450\/revisions"}],"predecessor-version":[{"id":13639,"href":"http:\/\/laplumedeloiseaulyre.com\/index.php?rest_route=\/wp\/v2\/pages\/13450\/revisions\/13639"}],"wp:attachment":[{"href":"http:\/\/laplumedeloiseaulyre.com\/index.php?rest_route=%2Fwp%2Fv2%2Fmedia&parent=13450"}],"curies":[{"name":"wp","href":"https:\/\/api.w.org\/{rel}","templated":true}]}}