{"id":13418,"date":"2022-01-15T13:48:47","date_gmt":"2022-01-15T13:48:47","guid":{"rendered":"http:\/\/laplumedeloiseaulyre.com\/?page_id=13418"},"modified":"2025-09-15T21:37:05","modified_gmt":"2025-09-15T21:37:05","slug":"solsequium-les-ors-bleus","status":"publish","type":"page","link":"http:\/\/laplumedeloiseaulyre.com\/?page_id=13418","title":{"rendered":"Solsequium, les ors bleus &#8211; (2020\/en cours)"},"content":{"rendered":"\n<p><span class=\"has-inline-color has-vivid-cyan-blue-color\">&laquo;&nbsp;Solsequium&nbsp;&raquo; signifie en latin &laquo;&nbsp;qui suit le soleil&nbsp;&raquo;. Cette s\u00e9rie de cyanotypes fait partie d&rsquo;un travail en cours autour de cyanotypes d&rsquo;objets sacr\u00e9s rehauss\u00e9s d&rsquo;or comme des parures de lumi\u00e8re et des reliques pr\u00e9cieuses. Elle s&rsquo;inspire aussi des couronnes de fleurs et de plantes s\u00e9culaires qui resplendissent comme des halos de feuillages et des aur\u00e9oles botaniques. On y lit le souvenir des cercles lumineux des saints, le bruissement des encensoirs, les r\u00e9miniscences des guirlandes tress\u00e9es pour orner et prot\u00e9ger les maisons.<\/span><\/p>\n\n\n\n<p><span style=\"color:#8c8383\" class=\"has-inline-color\"><strong>Solsequium, the blue golds <\/strong>&#8211; 2020\/in progress<\/span><\/p>\n\n\n\n<p><br><span style=\"color:#8c8383\" class=\"has-inline-color\">&laquo;&nbsp;Solsequium&nbsp;&raquo; is Latin for &laquo;&nbsp;following the sun&nbsp;&raquo;. This series of cyanotypes is part of an ongoing project based on cyanotypes of sacred objects enhanced with gold, such as ornaments of light and precious relics. It is also inspired by wreaths of flowers and age-old plants that glow like halos of foliage and botanical halos. We read the memory of the luminous circles of the saints, the rustle of incense burners, the reminiscence of garlands woven to adorn and protect homes.<\/span><\/p>\n\n\n\n<p><span style=\"color:#62686b\" class=\"has-inline-color\"><strong>DESCRIPTION&nbsp;<\/strong><br>s\u00e9rie de cyanotypes<br>2020 &#8211; en cours <br>sign\u00e9s et dat\u00e9s \/ \u00a9Gabrielle de Lassus Saint-Geni\u00e8s<\/span><\/p>\n\n\n\n<p><strong><a rel=\"noreferrer noopener\" href=\"http:\/\/laplumedeloiseaulyre.com\/?page_id=5771\" target=\"_blank\">Prix sur demande&nbsp;<\/a><\/strong><\/p>\n\n\n\n<p><span class=\"has-inline-color has-luminous-vivid-orange-color\"><strong>Note importante :<\/strong> &nbsp;la mention \u00ab collection de \u00bb qui figure sous les photos des cyanotypes indique que l\u2019oeuvre est d\u00e9j\u00e0 entr\u00e9e dans une collection et qu\u2019elle n\u2019est plus disponible \u00e0 la vente. En revanche un tirage dans le m\u00eame esprit peut \u00eatre r\u00e9alis\u00e9 si vous tenez plus particuli\u00e8rement \u00e0 un mod\u00e8le ou \u00e0 une composition.<\/span><\/p>\n\n\n\n<div class=\"wp-block-image\"><figure class=\"aligncenter size-large\"><img loading=\"lazy\" width=\"697\" height=\"1024\" src=\"https:\/\/i1.wp.com\/laplumedeloiseaulyre.com\/wp-content\/uploads\/2022\/01\/Chapelet_or.jpg?resize=697%2C1024\" alt=\"\" class=\"wp-image-13419\" srcset=\"https:\/\/i0.wp.com\/laplumedeloiseaulyre.com\/wp-content\/uploads\/2022\/01\/Chapelet_or-scaled.jpg?resize=697%2C1024 697w, https:\/\/i0.wp.com\/laplumedeloiseaulyre.com\/wp-content\/uploads\/2022\/01\/Chapelet_or-scaled.jpg?resize=204%2C300 204w, https:\/\/i0.wp.com\/laplumedeloiseaulyre.com\/wp-content\/uploads\/2022\/01\/Chapelet_or-scaled.jpg?resize=768%2C1129 768w, https:\/\/i0.wp.com\/laplumedeloiseaulyre.com\/wp-content\/uploads\/2022\/01\/Chapelet_or-scaled.jpg?resize=1045%2C1536 1045w, https:\/\/i0.wp.com\/laplumedeloiseaulyre.com\/wp-content\/uploads\/2022\/01\/Chapelet_or-scaled.jpg?resize=1394%2C2048 1394w, https:\/\/i0.wp.com\/laplumedeloiseaulyre.com\/wp-content\/uploads\/2022\/01\/Chapelet_or-scaled.jpg?resize=560%2C823 560w, https:\/\/i0.wp.com\/laplumedeloiseaulyre.com\/wp-content\/uploads\/2022\/01\/Chapelet_or-scaled.jpg?resize=160%2C235 160w, https:\/\/i0.wp.com\/laplumedeloiseaulyre.com\/wp-content\/uploads\/2022\/01\/Chapelet_or-scaled.jpg?w=1742 1742w\" sizes=\"(max-width: 697px) 100vw, 697px\" data-recalc-dims=\"1\" \/><figcaption><strong>Chapelet et or<\/strong>, cyanotype, &nbsp;29,5&#215;19,5 cm, 2020, collection N.C. \u00a9GLSG<\/figcaption><\/figure><\/div>\n\n\n\n<p><\/p>\n\n\n\n<div class=\"wp-block-image\"><figure class=\"aligncenter size-large\"><img loading=\"lazy\" width=\"860\" height=\"860\" src=\"https:\/\/i2.wp.com\/laplumedeloiseaulyre.com\/wp-content\/uploads\/2022\/02\/AA7A11BF-A500-45E6-ADB9-45D51BD0C4C7.jpg?resize=860%2C860\" alt=\"\" class=\"wp-image-13561\" srcset=\"https:\/\/i2.wp.com\/laplumedeloiseaulyre.com\/wp-content\/uploads\/2022\/02\/AA7A11BF-A500-45E6-ADB9-45D51BD0C4C7-scaled.jpg?resize=1024%2C1024 1024w, https:\/\/i2.wp.com\/laplumedeloiseaulyre.com\/wp-content\/uploads\/2022\/02\/AA7A11BF-A500-45E6-ADB9-45D51BD0C4C7-scaled.jpg?resize=300%2C300 300w, https:\/\/i2.wp.com\/laplumedeloiseaulyre.com\/wp-content\/uploads\/2022\/02\/AA7A11BF-A500-45E6-ADB9-45D51BD0C4C7-scaled.jpg?resize=150%2C150 150w, https:\/\/i2.wp.com\/laplumedeloiseaulyre.com\/wp-content\/uploads\/2022\/02\/AA7A11BF-A500-45E6-ADB9-45D51BD0C4C7-scaled.jpg?resize=768%2C768 768w, https:\/\/i2.wp.com\/laplumedeloiseaulyre.com\/wp-content\/uploads\/2022\/02\/AA7A11BF-A500-45E6-ADB9-45D51BD0C4C7-scaled.jpg?resize=1536%2C1536 1536w, https:\/\/i2.wp.com\/laplumedeloiseaulyre.com\/wp-content\/uploads\/2022\/02\/AA7A11BF-A500-45E6-ADB9-45D51BD0C4C7-scaled.jpg?resize=2048%2C2048 2048w, https:\/\/i2.wp.com\/laplumedeloiseaulyre.com\/wp-content\/uploads\/2022\/02\/AA7A11BF-A500-45E6-ADB9-45D51BD0C4C7-scaled.jpg?resize=560%2C560 560w, https:\/\/i2.wp.com\/laplumedeloiseaulyre.com\/wp-content\/uploads\/2022\/02\/AA7A11BF-A500-45E6-ADB9-45D51BD0C4C7-scaled.jpg?resize=160%2C160 160w, https:\/\/i2.wp.com\/laplumedeloiseaulyre.com\/wp-content\/uploads\/2022\/02\/AA7A11BF-A500-45E6-ADB9-45D51BD0C4C7-scaled.jpg?w=1720 1720w\" sizes=\"(max-width: 860px) 100vw, 860px\" data-recalc-dims=\"1\" \/><figcaption><strong>Couronne-relique de gypsophile<\/strong>, cyanotype et or, 2020 \u00a9GLSG<\/figcaption><\/figure><\/div>\n\n\n\n<figure class=\"wp-block-video aligncenter\"><video controls src=\"http:\/\/laplumedeloiseaulyre.com\/wp-content\/uploads\/2022\/02\/joined_video_40a760174be440e798e52d8acb742038-1.mp4\"><\/video><figcaption><strong>Couronne d&rsquo;\u00e9pine<\/strong>, cyanotype et or, 2020 \u00a9GLSG<\/figcaption><\/figure>\n\n\n\n<figure class=\"wp-block-image size-large\"><img loading=\"lazy\" width=\"768\" height=\"1024\" src=\"https:\/\/i1.wp.com\/laplumedeloiseaulyre.com\/wp-content\/uploads\/2025\/09\/2021_Chapelets-768x1024.jpeg?resize=768%2C1024&#038;ssl=1\" alt=\"\" class=\"wp-image-16704\" srcset=\"https:\/\/i1.wp.com\/laplumedeloiseaulyre.com\/wp-content\/uploads\/2025\/09\/2021_Chapelets-scaled.jpeg?resize=768%2C1024 768w, https:\/\/i1.wp.com\/laplumedeloiseaulyre.com\/wp-content\/uploads\/2025\/09\/2021_Chapelets-scaled.jpeg?resize=225%2C300 225w, https:\/\/i1.wp.com\/laplumedeloiseaulyre.com\/wp-content\/uploads\/2025\/09\/2021_Chapelets-scaled.jpeg?resize=1152%2C1536 1152w, https:\/\/i1.wp.com\/laplumedeloiseaulyre.com\/wp-content\/uploads\/2025\/09\/2021_Chapelets-scaled.jpeg?resize=1536%2C2048 1536w, https:\/\/i1.wp.com\/laplumedeloiseaulyre.com\/wp-content\/uploads\/2025\/09\/2021_Chapelets-scaled.jpeg?resize=560%2C747 560w, https:\/\/i1.wp.com\/laplumedeloiseaulyre.com\/wp-content\/uploads\/2025\/09\/2021_Chapelets-scaled.jpeg?resize=160%2C213 160w, https:\/\/i1.wp.com\/laplumedeloiseaulyre.com\/wp-content\/uploads\/2025\/09\/2021_Chapelets-scaled.jpeg?w=1920 1920w, https:\/\/i1.wp.com\/laplumedeloiseaulyre.com\/wp-content\/uploads\/2025\/09\/2021_Chapelets-scaled.jpeg?w=1720 1720w\" sizes=\"(max-width: 768px) 100vw, 768px\" data-recalc-dims=\"1\" \/><figcaption><strong>Chapelets<\/strong>, cyanotype et or, 30&#215;42 cm, 2021, prix sur demande \u00a9GLSG<\/figcaption><\/figure>\n","protected":false},"excerpt":{"rendered":"<p>&laquo;&nbsp;Solsequium&nbsp;&raquo; signifie en latin &laquo;&nbsp;qui suit le soleil&nbsp;&raquo;. Cette s\u00e9rie de cyanotypes fait partie d&rsquo;un travail en cours autour de cyanotypes d&rsquo;objets sacr\u00e9s rehauss\u00e9s d&rsquo;or comme des parures de lumi\u00e8re et des reliques pr\u00e9cieuses. Elle s&rsquo;inspire aussi des couronnes de&hellip;<\/p>\n<p class=\"more-link-p\"><a class=\"more-link\" href=\"http:\/\/laplumedeloiseaulyre.com\/?page_id=13418\">Read more &rarr;<\/a><\/p>\n","protected":false},"author":1,"featured_media":15347,"parent":0,"menu_order":0,"comment_status":"closed","ping_status":"closed","template":"","meta":{"spay_email":""},"jetpack_shortlink":"https:\/\/wp.me\/P4lzfC-3uq","_links":{"self":[{"href":"http:\/\/laplumedeloiseaulyre.com\/index.php?rest_route=\/wp\/v2\/pages\/13418"}],"collection":[{"href":"http:\/\/laplumedeloiseaulyre.com\/index.php?rest_route=\/wp\/v2\/pages"}],"about":[{"href":"http:\/\/laplumedeloiseaulyre.com\/index.php?rest_route=\/wp\/v2\/types\/page"}],"author":[{"embeddable":true,"href":"http:\/\/laplumedeloiseaulyre.com\/index.php?rest_route=\/wp\/v2\/users\/1"}],"replies":[{"embeddable":true,"href":"http:\/\/laplumedeloiseaulyre.com\/index.php?rest_route=%2Fwp%2Fv2%2Fcomments&post=13418"}],"version-history":[{"count":13,"href":"http:\/\/laplumedeloiseaulyre.com\/index.php?rest_route=\/wp\/v2\/pages\/13418\/revisions"}],"predecessor-version":[{"id":16707,"href":"http:\/\/laplumedeloiseaulyre.com\/index.php?rest_route=\/wp\/v2\/pages\/13418\/revisions\/16707"}],"wp:featuredmedia":[{"embeddable":true,"href":"http:\/\/laplumedeloiseaulyre.com\/index.php?rest_route=\/wp\/v2\/media\/15347"}],"wp:attachment":[{"href":"http:\/\/laplumedeloiseaulyre.com\/index.php?rest_route=%2Fwp%2Fv2%2Fmedia&parent=13418"}],"curies":[{"name":"wp","href":"https:\/\/api.w.org\/{rel}","templated":true}]}}