{"id":13119,"date":"2021-07-30T15:24:00","date_gmt":"2021-07-30T15:24:00","guid":{"rendered":"http:\/\/laplumedeloiseaulyre.com\/?page_id=13119"},"modified":"2021-07-30T15:24:00","modified_gmt":"2021-07-30T15:24:00","slug":"orobanche-orobanche-hederae","status":"publish","type":"page","link":"http:\/\/laplumedeloiseaulyre.com\/?page_id=13119","title":{"rendered":"OROBANCHE Orobanche hederae"},"content":{"rendered":"\n<p>Viennent les Orobanches aux teintes p\u00e2lies,<br>Viennent les premi\u00e8res rides et les regrets,<br>Verre de vie \u00e0 moiti\u00e9 vide sous la pluie,<br>Verre de mort \u00e0 moiti\u00e9 plein dans la for\u00eat.<\/p>\n","protected":false},"excerpt":{"rendered":"<p>Viennent les Orobanches aux teintes p\u00e2lies,Viennent les premi\u00e8res rides et les regrets,Verre de vie \u00e0 moiti\u00e9 vide sous la pluie,Verre de mort \u00e0 moiti\u00e9 plein dans la for\u00eat.<\/p>\n<p class=\"more-link-p\"><a class=\"more-link\" href=\"http:\/\/laplumedeloiseaulyre.com\/?page_id=13119\">Read more &rarr;<\/a><\/p>\n","protected":false},"author":1,"featured_media":0,"parent":0,"menu_order":0,"comment_status":"closed","ping_status":"closed","template":"","meta":{"spay_email":""},"jetpack_shortlink":"https:\/\/wp.me\/P4lzfC-3pB","_links":{"self":[{"href":"http:\/\/laplumedeloiseaulyre.com\/index.php?rest_route=\/wp\/v2\/pages\/13119"}],"collection":[{"href":"http:\/\/laplumedeloiseaulyre.com\/index.php?rest_route=\/wp\/v2\/pages"}],"about":[{"href":"http:\/\/laplumedeloiseaulyre.com\/index.php?rest_route=\/wp\/v2\/types\/page"}],"author":[{"embeddable":true,"href":"http:\/\/laplumedeloiseaulyre.com\/index.php?rest_route=\/wp\/v2\/users\/1"}],"replies":[{"embeddable":true,"href":"http:\/\/laplumedeloiseaulyre.com\/index.php?rest_route=%2Fwp%2Fv2%2Fcomments&post=13119"}],"version-history":[{"count":1,"href":"http:\/\/laplumedeloiseaulyre.com\/index.php?rest_route=\/wp\/v2\/pages\/13119\/revisions"}],"predecessor-version":[{"id":13120,"href":"http:\/\/laplumedeloiseaulyre.com\/index.php?rest_route=\/wp\/v2\/pages\/13119\/revisions\/13120"}],"wp:attachment":[{"href":"http:\/\/laplumedeloiseaulyre.com\/index.php?rest_route=%2Fwp%2Fv2%2Fmedia&parent=13119"}],"curies":[{"name":"wp","href":"https:\/\/api.w.org\/{rel}","templated":true}]}}