{"id":13118,"date":"2021-07-30T15:28:51","date_gmt":"2021-07-30T15:28:51","guid":{"rendered":"http:\/\/laplumedeloiseaulyre.com\/?page_id=13118"},"modified":"2021-07-30T15:28:51","modified_gmt":"2021-07-30T15:28:51","slug":"violette-du-cap-saintpaulia-ionantha","status":"publish","type":"page","link":"http:\/\/laplumedeloiseaulyre.com\/?page_id=13118","title":{"rendered":"VIOLETTE DU CAP Saintpaulia ionantha\u00a0"},"content":{"rendered":"\n<p>Il y a toujours un bout d\u2019exil dans un c\u0153ur,<br>Une part sans patrie, un jardin d\u00e9pays\u00e9,<br>O\u00f9 la nostalgie plante comme une fleur-s\u0153ur<br>La Violette du Cap face \u00e0 l\u2019adversit\u00e9.<\/p>\n\n\n\n<p><\/p>\n","protected":false},"excerpt":{"rendered":"<p>Il y a toujours un bout d\u2019exil dans un c\u0153ur,Une part sans patrie, un jardin d\u00e9pays\u00e9,O\u00f9 la nostalgie plante comme une fleur-s\u0153urLa Violette du Cap face \u00e0 l\u2019adversit\u00e9.<\/p>\n<p class=\"more-link-p\"><a class=\"more-link\" href=\"http:\/\/laplumedeloiseaulyre.com\/?page_id=13118\">Read more &rarr;<\/a><\/p>\n","protected":false},"author":1,"featured_media":0,"parent":0,"menu_order":0,"comment_status":"closed","ping_status":"closed","template":"","meta":{"spay_email":""},"jetpack_shortlink":"https:\/\/wp.me\/P4lzfC-3pA","_links":{"self":[{"href":"http:\/\/laplumedeloiseaulyre.com\/index.php?rest_route=\/wp\/v2\/pages\/13118"}],"collection":[{"href":"http:\/\/laplumedeloiseaulyre.com\/index.php?rest_route=\/wp\/v2\/pages"}],"about":[{"href":"http:\/\/laplumedeloiseaulyre.com\/index.php?rest_route=\/wp\/v2\/types\/page"}],"author":[{"embeddable":true,"href":"http:\/\/laplumedeloiseaulyre.com\/index.php?rest_route=\/wp\/v2\/users\/1"}],"replies":[{"embeddable":true,"href":"http:\/\/laplumedeloiseaulyre.com\/index.php?rest_route=%2Fwp%2Fv2%2Fcomments&post=13118"}],"version-history":[{"count":1,"href":"http:\/\/laplumedeloiseaulyre.com\/index.php?rest_route=\/wp\/v2\/pages\/13118\/revisions"}],"predecessor-version":[{"id":13122,"href":"http:\/\/laplumedeloiseaulyre.com\/index.php?rest_route=\/wp\/v2\/pages\/13118\/revisions\/13122"}],"wp:attachment":[{"href":"http:\/\/laplumedeloiseaulyre.com\/index.php?rest_route=%2Fwp%2Fv2%2Fmedia&parent=13118"}],"curies":[{"name":"wp","href":"https:\/\/api.w.org\/{rel}","templated":true}]}}